{"id":767073,"date":"2025-08-28T12:36:23","date_gmt":"2025-08-28T09:36:23","guid":{"rendered":"https:\/\/roveyayinevi.com.tr\/index.php\/urun\/yasarken-cennetle-mujdelenenler\/"},"modified":"2026-04-15T03:32:46","modified_gmt":"2026-04-15T00:32:46","slug":"yasarken-cennetle-mujdelenenler","status":"publish","type":"product","link":"https:\/\/roveyayinevi.com.tr\/index.php\/urun\/yasarken-cennetle-mujdelenenler\/","title":{"rendered":"Ya\u015farken Cennetle M\u00fcjdelenenler"},"content":{"rendered":"<p>A\u015fere-i M\u00fcbe\u015f\u015fere: Daha D\u00fcnya\u2019da iken Ras\u00fblullah (s.a.v.) Efendimizin m\u00fcbarek lisanlar\u0131yla Cennetle m\u00fcjdelenen on muhterem Sah\u00e2beye verilen isimdir. Bunlar\u0131n d\u0131\u015f\u0131nda, Peygamberlerden ba\u015fka cennetle m\u00fcjdelenen hi\u00e7bir kimse yoktur. A\u015fere-i M\u00fcbe\u015f\u015fere ismini hemen hemen b\u00fct\u00fcn M\u00fcsl\u00fcmanlar bilir. Fakat biri kar\u015f\u0131m\u0131za \u00e7\u0131k\u0131p, bize: \u201cEfendi, A\u015fere-i M\u00fcbe\u015f\u015fere diye an\u0131lan bu zevat kimlerdir? \u00d6zellikleri nelerdir? Hi\u00e7 kimsenin ula\u015famad\u0131\u011f\u0131 bu mertebeyi nas\u0131l kazand\u0131lar? \u015eahsiyetleri, hayatlar\u0131 hakk\u0131nda bana bir bilgi verir misiniz?\u201d diye sorsa, \u00e7o\u011fumuz doyurucu cevap veremez, bir k\u0131sm\u0131m\u0131zda kem k\u00fcm etmeye ba\u015flar\u0131z.Vak\u0131a, bu konu \u0130man\u2019\u0131n, \u0130sl\u00e2m\u2019\u0131n \u015fartlar\u0131ndan de\u011fildir. Ama bu \u015fah\u0131slar; canlar\u0131yla, mallar\u0131yla, kanlar\u0131yla, fikirleriyle, ilim, irfan, iman, istikamet, do\u011fruluk ve adaletleriyle \u0130sl\u00e2m\u2019a b\u00fcy\u00fck katk\u0131lar sunmu\u015flard\u0131r. \u0130sl\u00e2m tarihine \u015fan ve \u015feref veren, M\u00fcsl\u00fcmanl\u0131\u011f\u0131n en \u00f6n saf\u0131nda yer alan ve \u00fcst kademesini te\u015fkil eden bu zevat\u0131 bilmemek bir m\u00fcsl\u00fcman i\u00e7in en az\u0131ndan b\u00fcy\u00fck bir eksikliktir. <\/p>\n","protected":false},"excerpt":{"rendered":"<p>A\u015fere-i M\u00fcbe\u015f\u015fere: Daha D\u00fcnya\u2019da iken Ras\u00fblullah (s.a.v.) Efendimizin m\u00fcbarek lisanlar\u0131yla Cennetle m\u00fcjdelenen on muhterem Sah\u00e2beye verilen isimdir. Bunlar\u0131n d\u0131\u015f\u0131nda, Peygamberlerden ba\u015fka cennetle m\u00fcjdelenen hi\u00e7bir kimse yoktur.<span class=\"excerpt-hellip\"> [\u2026]<\/span><\/p>\n","protected":false},"featured_media":0,"template":"","meta":{"_monsterinsights_skip_tracking":false,"_monsterinsights_sitenote_active":false,"_monsterinsights_sitenote_note":"","_monsterinsights_sitenote_category":0},"product_brand":[],"product_cat":[12718,12719],"product_tag":[],"class_list":{"0":"post-767073","1":"product","2":"type-product","3":"status-publish","5":"product_cat-din","6":"product_cat-islam","7":"pa_cilt-ciltsiz","8":"pa_tur-kitap","9":"pa_yayinevi-kalem-lugat-yayincilik","10":"pa_yazar-zubeyt-bozkurt","12":"first","13":"instock","14":"sale","15":"shipping-taxable","16":"purchasable","17":"product-type-simple"},"_links":{"self":[{"href":"https:\/\/roveyayinevi.com.tr\/index.php\/wp-json\/wp\/v2\/product\/767073","targetHints":{"allow":["GET"]}}],"collection":[{"href":"https:\/\/roveyayinevi.com.tr\/index.php\/wp-json\/wp\/v2\/product"}],"about":[{"href":"https:\/\/roveyayinevi.com.tr\/index.php\/wp-json\/wp\/v2\/types\/product"}],"wp:attachment":[{"href":"https:\/\/roveyayinevi.com.tr\/index.php\/wp-json\/wp\/v2\/media?parent=767073"}],"wp:term":[{"taxonomy":"product_brand","embeddable":true,"href":"https:\/\/roveyayinevi.com.tr\/index.php\/wp-json\/wp\/v2\/product_brand?post=767073"},{"taxonomy":"product_cat","embeddable":true,"href":"https:\/\/roveyayinevi.com.tr\/index.php\/wp-json\/wp\/v2\/product_cat?post=767073"},{"taxonomy":"product_tag","embeddable":true,"href":"https:\/\/roveyayinevi.com.tr\/index.php\/wp-json\/wp\/v2\/product_tag?post=767073"}],"curies":[{"name":"wp","href":"https:\/\/api.w.org\/{rel}","templated":true}]}}