{"id":767072,"date":"2025-08-28T12:36:21","date_gmt":"2025-08-28T09:36:21","guid":{"rendered":"https:\/\/roveyayinevi.com.tr\/index.php\/urun\/hz-ibrahim-as-hz-lut-as\/"},"modified":"2026-04-15T03:32:46","modified_gmt":"2026-04-15T00:32:46","slug":"hz-ibrahim-as-hz-lut-as","status":"publish","type":"product","link":"https:\/\/roveyayinevi.com.tr\/index.php\/urun\/hz-ibrahim-as-hz-lut-as\/","title":{"rendered":"Hz. \u0130brahim (as) Hz. Lut (as)"},"content":{"rendered":"<p>Bu kitapta Hz. \u0130brahim (as) ve Hz. Lut (as) Peygamberlerin Allah&#8217;a olan co\u015fkulu imanlar\u0131n\u0131, her i\u015flerinde Rabbimiz&#8217;e y\u00f6nelip d\u00f6n\u00fc\u015flerini, \u00fcst\u00fcn ahlaklar\u0131n\u0131, putperest ve sapk\u0131n kavimleriyle yapt\u0131klar\u0131 zorlu m\u00fccadeleyi Kuran ayetleri do\u011frultusunda anlatt\u0131k. Hz. \u0130brahim (as) putperest kavmine kar\u015f\u0131 kararl\u0131l\u0131kla tebli\u011fde bulunmu\u015f, Allah&#8217;a olan teslimiyeti sayesinde \u00f6n\u00fcne \u00e7\u0131kan her engele sabretmi\u015f, iman\u0131nda kararl\u0131 olmu\u015ftur. Hz. Lut (as) ise, sapk\u0131n kavmine kar\u015f\u0131 sab\u0131rla m\u00fccadele etmi\u015f, onlar\u0131 Allah&#8217;a iman etmeye ve ahlaks\u0131zl\u0131klardan uzak durmaya davet etmi\u015ftir. Allah&#8217;\u0131n alemlere \u00fcst\u00fcn k\u0131ld\u0131\u011f\u0131 bu m\u00fcbarek insanlar, hayatlar\u0131 boyunca g\u00f6sterdikleri iman derinli\u011fi ve y\u00fcksek ahlak ile Allah&#8217;\u0131n ho\u015fnutlu\u011funu kazanm\u0131\u015f, sonsuz nimetlerle bezenmi\u015f cennet yurduna eri\u015fmi\u015flerdir. \u00d6nemli olan d\u00fcnyan\u0131n bu b\u00fcy\u00fck s\u0131rr\u0131n\u0131, her\u015feyin Allah&#8217;\u0131n kudretinde oldu\u011funu, her\u015feyin O&#8217;na boyun e\u011fdi\u011fini anlamak ve buna g\u00f6re ya\u015famakt\u0131r. Hz. \u0130brahim (as) ve Hz. Lut (as), bu s\u0131rr\u0131 kavram\u0131\u015f ve Allah&#8217;\u0131n dostu olmu\u015flard\u0131r. T\u00fcm iman sahipleri de Allah&#8217;\u0131n bu m\u00fcbarek el\u00e7ileri gibi derin bir iman\u0131 ve maneviyat\u0131 elde etmeyi ama\u00e7lamalar\u0131, Allah&#8217;\u0131n Kendisi&#8217;ne dost edindi\u011fi kutlu insanlardan olmak i\u00e7in ciddi bir \u00e7aba g\u00f6stermeleri gerekmektedir. <\/p>\n","protected":false},"excerpt":{"rendered":"<p>Bu kitapta Hz. \u0130brahim (as) ve Hz. Lut (as) Peygamberlerin Allah&#8217;a olan co\u015fkulu imanlar\u0131n\u0131, her i\u015flerinde Rabbimiz&#8217;e y\u00f6nelip d\u00f6n\u00fc\u015flerini, \u00fcst\u00fcn ahlaklar\u0131n\u0131, putperest ve sapk\u0131n kavimleriyle yapt\u0131klar\u0131<span class=\"excerpt-hellip\"> [\u2026]<\/span><\/p>\n","protected":false},"featured_media":0,"template":"","meta":{"_monsterinsights_skip_tracking":false,"_monsterinsights_sitenote_active":false,"_monsterinsights_sitenote_note":"","_monsterinsights_sitenote_category":0},"product_brand":[],"product_cat":[12718,12719],"product_tag":[],"class_list":{"0":"post-767072","1":"product","2":"type-product","3":"status-publish","5":"product_cat-din","6":"product_cat-islam","7":"pa_cilt-ciltsiz","8":"pa_tur-kitap","9":"pa_yayinevi-kalem-lugat-yayincilik","10":"pa_yazar-zubeyt-bozkurt","12":"first","13":"instock","14":"sale","15":"shipping-taxable","16":"purchasable","17":"product-type-simple"},"_links":{"self":[{"href":"https:\/\/roveyayinevi.com.tr\/index.php\/wp-json\/wp\/v2\/product\/767072","targetHints":{"allow":["GET"]}}],"collection":[{"href":"https:\/\/roveyayinevi.com.tr\/index.php\/wp-json\/wp\/v2\/product"}],"about":[{"href":"https:\/\/roveyayinevi.com.tr\/index.php\/wp-json\/wp\/v2\/types\/product"}],"wp:attachment":[{"href":"https:\/\/roveyayinevi.com.tr\/index.php\/wp-json\/wp\/v2\/media?parent=767072"}],"wp:term":[{"taxonomy":"product_brand","embeddable":true,"href":"https:\/\/roveyayinevi.com.tr\/index.php\/wp-json\/wp\/v2\/product_brand?post=767072"},{"taxonomy":"product_cat","embeddable":true,"href":"https:\/\/roveyayinevi.com.tr\/index.php\/wp-json\/wp\/v2\/product_cat?post=767072"},{"taxonomy":"product_tag","embeddable":true,"href":"https:\/\/roveyayinevi.com.tr\/index.php\/wp-json\/wp\/v2\/product_tag?post=767072"}],"curies":[{"name":"wp","href":"https:\/\/api.w.org\/{rel}","templated":true}]}}