{"id":767071,"date":"2025-08-28T12:36:21","date_gmt":"2025-08-28T09:36:21","guid":{"rendered":"https:\/\/roveyayinevi.com.tr\/index.php\/urun\/gazetecilik-yeniden\/"},"modified":"2026-01-29T04:03:14","modified_gmt":"2026-01-29T01:03:14","slug":"gazetecilik-yeniden","status":"publish","type":"product","link":"https:\/\/roveyayinevi.com.tr\/index.php\/urun\/gazetecilik-yeniden\/","title":{"rendered":"Gazetecilik Yeniden"},"content":{"rendered":"<p>Son y\u0131llarda gazetecilik ekonomik, politik, toplumsal, mesleki, teknolojik boyutlarda h\u0131zl\u0131 ve derin bir d\u00f6n\u00fc\u015f\u00fcm s\u00fcrecinden ge\u00e7iyor. Bu d\u00f6n\u00fc\u015f\u00fcm neoliberalizm, otoriterle\u015fme ve dijitalle\u015fmenin bir bile\u015fkesi olarak kar\u015f\u0131m\u0131za \u00e7\u0131k\u0131yor. Bu s\u00fcre\u00e7te yaln\u0131zca haber \u00fcretme pratikleri de\u011fil gazetecilik yapabilmenin ko\u015fullar\u0131 ve mecralar\u0131 da \u00f6nemli \u00f6l\u00e7\u00fcde de\u011fi\u015fiyor. Elinizdeki \u00e7al\u0131\u015fma s\u00f6z konusu d\u00f6n\u00fc\u015f\u00fcm\u00fcn getirdi\u011fi olanaklar\u0131 ve sorunlar\u0131 kapsaml\u0131 bir bi\u00e7imde ele almay\u0131 ama\u00e7l\u0131yor. Gazetecili\u011fin toplumsal rol\u00fc ba\u011flam\u0131nda d\u00fc\u015f\u00fcn\u00fcld\u00fc\u011f\u00fcnde geli\u015fmeleri analiz etmek, etkilerini anlamak ve gelece\u011fe dair tahayy\u00fcller olu\u015fturmak \u00f6nemli hale geliyor. Gazetecilik Yeniden alandaki tart\u0131\u015fmalar\u0131 derinle\u015ftirmek ve s\u00fcrecin bilgisini \u00fcretmek amac\u0131yla haz\u0131rlanm\u0131\u015f bir \u00e7al\u0131\u015fma olarak okuyucularla bulu\u015fuyor. Hem g\u00fcncel sorunlara \u0131\u015f\u0131k tutacak hem de gelece\u011fin gazetecili\u011fini \u015fekillendirecek bak\u0131\u015f a\u00e7\u0131lar\u0131n\u0131 sunan bu kitap, g\u00fcncel tart\u0131\u015fmalara ele\u015ftirel bir katk\u0131 sa\u011fl\u0131yor. \u00c7al\u0131\u015fma, alana ilgi duyan herkes i\u00e7in bir ba\u015fvuru kayna\u011f\u0131 olmay\u0131 hedefliyor&#8230; <\/p>\n","protected":false},"excerpt":{"rendered":"<p>Son y\u0131llarda gazetecilik ekonomik, politik, toplumsal, mesleki, teknolojik boyutlarda h\u0131zl\u0131 ve derin bir d\u00f6n\u00fc\u015f\u00fcm s\u00fcrecinden ge\u00e7iyor. Bu d\u00f6n\u00fc\u015f\u00fcm neoliberalizm, otoriterle\u015fme ve dijitalle\u015fmenin bir bile\u015fkesi olarak kar\u015f\u0131m\u0131za<span class=\"excerpt-hellip\"> [\u2026]<\/span><\/p>\n","protected":false},"featured_media":0,"template":"","meta":{"_monsterinsights_skip_tracking":false,"_monsterinsights_sitenote_active":false,"_monsterinsights_sitenote_note":"","_monsterinsights_sitenote_category":0},"product_brand":[],"product_cat":[15983,13488],"product_tag":[],"class_list":{"0":"post-767071","1":"product","2":"type-product","3":"status-publish","5":"product_cat-iletisim-ve-medya","6":"product_cat-toplum-ve-insan","7":"pa_cilt-ciltsiz","8":"pa_tur-kitap","9":"pa_yayinevi-utopya-yayinevi","10":"pa_yazar-kolektif","12":"first","13":"instock","14":"sale","15":"shipping-taxable","16":"purchasable","17":"product-type-simple"},"_links":{"self":[{"href":"https:\/\/roveyayinevi.com.tr\/index.php\/wp-json\/wp\/v2\/product\/767071","targetHints":{"allow":["GET"]}}],"collection":[{"href":"https:\/\/roveyayinevi.com.tr\/index.php\/wp-json\/wp\/v2\/product"}],"about":[{"href":"https:\/\/roveyayinevi.com.tr\/index.php\/wp-json\/wp\/v2\/types\/product"}],"wp:attachment":[{"href":"https:\/\/roveyayinevi.com.tr\/index.php\/wp-json\/wp\/v2\/media?parent=767071"}],"wp:term":[{"taxonomy":"product_brand","embeddable":true,"href":"https:\/\/roveyayinevi.com.tr\/index.php\/wp-json\/wp\/v2\/product_brand?post=767071"},{"taxonomy":"product_cat","embeddable":true,"href":"https:\/\/roveyayinevi.com.tr\/index.php\/wp-json\/wp\/v2\/product_cat?post=767071"},{"taxonomy":"product_tag","embeddable":true,"href":"https:\/\/roveyayinevi.com.tr\/index.php\/wp-json\/wp\/v2\/product_tag?post=767071"}],"curies":[{"name":"wp","href":"https:\/\/api.w.org\/{rel}","templated":true}]}}