{"id":767070,"date":"2025-08-28T12:36:19","date_gmt":"2025-08-28T09:36:19","guid":{"rendered":"https:\/\/roveyayinevi.com.tr\/index.php\/urun\/dinde-cikar-saglamak\/"},"modified":"2026-04-15T03:32:46","modified_gmt":"2026-04-15T00:32:46","slug":"dinde-cikar-saglamak","status":"publish","type":"product","link":"https:\/\/roveyayinevi.com.tr\/index.php\/urun\/dinde-cikar-saglamak\/","title":{"rendered":"Dinde \u00c7\u0131kar Sa\u011flamak"},"content":{"rendered":"<p>Din insanlar\u0131 hayra, iyili\u011fe, g\u00fczelli\u011fe, faydal\u0131 olana davet eder ve insano\u011flu hayat\u0131n\u0131 dinin yolunda, hakikat u\u011frunda harcamal\u0131d\u0131r. Ne zaman ki insan dine hizmet etmeyi b\u0131rak\u0131p onu kendi hizmetinde kullanmaya ba\u015flam\u0131\u015fsa, orada istismar vard\u0131r orada dini kendi \u00e7\u0131karlar\u0131 do\u011frultusunda kullanmak vard\u0131r. \u00c7\u00fcnk\u00fc insan art\u0131k mal, makam, g\u00fc\u00e7, \u015f\u00f6hret, itibar gibi birtak\u0131m kazan\u0131mlar i\u00e7in dini kendi hizmetinde istihdam etmeye ba\u015flam\u0131\u015ft\u0131r. Dinin ulvi ve kutsal yap\u0131s\u0131na ayk\u0131r\u0131 bir \u015fekilde, kendini y\u00fcceltmi\u015f, kendini kutsalla\u015ft\u0131rm\u0131\u015f, dini de bu y\u00fccelik ve kutsall\u0131k i\u00e7in kullanmaya ba\u015flam\u0131\u015ft\u0131r. Din \u00e7\u0131karlar\u0131 do\u011frultusunda kullanmak, hukuk kar\u015f\u0131s\u0131nda su\u00e7 oldu\u011fu gibi, ahlaki anlamda da b\u00fcy\u00fck bir zafiyettir. Cenab\u0131 Hakk\u2019\u0131n kar\u015f\u0131s\u0131nda hesab\u0131 sorulacak ve bedeli \u00f6denecek bir g\u00fcnaht\u0131r. Dini istismar eden ki\u015fi mutlaka ger\u00e7e\u011fi \u00e7arp\u0131tarak yalan, hile, takiyye, ikiy\u00fczl\u00fcl\u00fck, riya gibi gayri ahlaki tav\u0131rlarla akl\u0131n\u0131 ve bilgisini k\u00f6t\u00fc y\u00f6nde kullanmaktad\u0131r. Dolay\u0131s\u0131yla din istismar\u0131n\u0131n oldu\u011fu her zeminde bireysel anlamda yozla\u015fma ve cehaletin, toplumsal anlamda da bir din g\u00fcvenli\u011fi krizinin ya\u015fand\u0131\u011f\u0131 s\u00f6ylenebilir. <\/p>\n","protected":false},"excerpt":{"rendered":"<p>Din insanlar\u0131 hayra, iyili\u011fe, g\u00fczelli\u011fe, faydal\u0131 olana davet eder ve insano\u011flu hayat\u0131n\u0131 dinin yolunda, hakikat u\u011frunda harcamal\u0131d\u0131r. Ne zaman ki insan dine hizmet etmeyi b\u0131rak\u0131p onu<span class=\"excerpt-hellip\"> [\u2026]<\/span><\/p>\n","protected":false},"featured_media":0,"template":"","meta":{"_monsterinsights_skip_tracking":false,"_monsterinsights_sitenote_active":false,"_monsterinsights_sitenote_note":"","_monsterinsights_sitenote_category":0},"product_brand":[],"product_cat":[12718],"product_tag":[],"class_list":{"0":"post-767070","1":"product","2":"type-product","3":"status-publish","5":"product_cat-din","6":"pa_cilt-ciltsiz","7":"pa_tur-kitap","8":"pa_yayinevi-kalem-lugat-yayincilik","9":"pa_yazar-zubeyt-bozkurt","11":"first","12":"instock","13":"sale","14":"shipping-taxable","15":"purchasable","16":"product-type-simple"},"_links":{"self":[{"href":"https:\/\/roveyayinevi.com.tr\/index.php\/wp-json\/wp\/v2\/product\/767070","targetHints":{"allow":["GET"]}}],"collection":[{"href":"https:\/\/roveyayinevi.com.tr\/index.php\/wp-json\/wp\/v2\/product"}],"about":[{"href":"https:\/\/roveyayinevi.com.tr\/index.php\/wp-json\/wp\/v2\/types\/product"}],"wp:attachment":[{"href":"https:\/\/roveyayinevi.com.tr\/index.php\/wp-json\/wp\/v2\/media?parent=767070"}],"wp:term":[{"taxonomy":"product_brand","embeddable":true,"href":"https:\/\/roveyayinevi.com.tr\/index.php\/wp-json\/wp\/v2\/product_brand?post=767070"},{"taxonomy":"product_cat","embeddable":true,"href":"https:\/\/roveyayinevi.com.tr\/index.php\/wp-json\/wp\/v2\/product_cat?post=767070"},{"taxonomy":"product_tag","embeddable":true,"href":"https:\/\/roveyayinevi.com.tr\/index.php\/wp-json\/wp\/v2\/product_tag?post=767070"}],"curies":[{"name":"wp","href":"https:\/\/api.w.org\/{rel}","templated":true}]}}