{"id":767069,"date":"2025-08-28T12:36:18","date_gmt":"2025-08-28T09:36:18","guid":{"rendered":"https:\/\/roveyayinevi.com.tr\/index.php\/urun\/infak-paylasmakta-huzur-var\/"},"modified":"2026-04-15T03:32:46","modified_gmt":"2026-04-15T00:32:46","slug":"infak-paylasmakta-huzur-var","status":"publish","type":"product","link":"https:\/\/roveyayinevi.com.tr\/index.php\/urun\/infak-paylasmakta-huzur-var\/","title":{"rendered":"\u0130nfak Payla\u015fmakta Huzur Var"},"content":{"rendered":"<p>Ki\u015finin sahip oldu\u011fu maddi ve manevi her t\u00fcrl\u00fc nimetten ba\u015fkalar\u0131n\u0131 da yararland\u0131rman\u0131n ifadesi olan infak; medeniyetimizin ve M\u00fcsl\u00fcman hayat\u0131n\u0131n en \u00f6nemli tezah\u00fcrlerindendir. Zira bilgi, Hikmet ve marifet rukunlar\u0131 \u00fczerine oturmu\u015f, iman, kulluk ve g\u00fczel ahlakla tezyin edilmi\u015f \u0130slam medeniyeti esas itibariyle bir infak medeniyetidir. Bu \u00e7er\u00e7evede; \u201cSevdi\u011finiz \u015feylerden Allah yolunda harcamad\u0131k\u00e7a iyili\u011fe asla eri\u015femezsiniz.\u201d (\u00c2li \u0130mran Suresi 92) ayetini ku\u015fanan her bir M\u00fcsl\u00fcman, infak\u0131 ahlak\u0131n ve medeniyetin kurucu de\u011ferleri aras\u0131nda g\u00f6rm\u00fc\u015ft\u00fcr. \u0130nfak, vahyi hayata h\u00e2kim k\u0131lmak; M\u00fcsl\u00fcman\u0131n hayat\u0131 vahyi ile anlamland\u0131rma \u00e7abas\u0131, yery\u00fcz\u00fcnde fitneden eser kalmay\u0131ncaya kadar elle, dille \u00e7al\u0131\u015fmak ve k\u00f6t\u00fcl\u00fcklere m\u00fcdahil olmak; velayetin m\u00fcminlere tevdi edildi\u011fi Medine\u2019yi olu\u015fturup insanlar\u0131n din, ak\u0131l, mal, can ve namus emniyetini sa\u011flama ameliyesi; bu ameliyenin saf\u0131nda bulunarak onlar\u0131n g\u00fcc\u00fcne g\u00fc\u00e7 katmak i\u00e7in infakta bulunmal\u0131y\u0131z. \u0130nfak verilen mal\u0131n, verilen kimsenin eline de\u011fmeden Y\u00fcce Mevla\u2019n\u0131n eline ula\u015fmas\u0131na vesile olan kazan\u00e7l\u0131 bir muameledir. <\/p>\n","protected":false},"excerpt":{"rendered":"<p>Ki\u015finin sahip oldu\u011fu maddi ve manevi her t\u00fcrl\u00fc nimetten ba\u015fkalar\u0131n\u0131 da yararland\u0131rman\u0131n ifadesi olan infak; medeniyetimizin ve M\u00fcsl\u00fcman hayat\u0131n\u0131n en \u00f6nemli tezah\u00fcrlerindendir. Zira bilgi, Hikmet ve<span class=\"excerpt-hellip\"> [\u2026]<\/span><\/p>\n","protected":false},"featured_media":0,"template":"","meta":{"_monsterinsights_skip_tracking":false,"_monsterinsights_sitenote_active":false,"_monsterinsights_sitenote_note":"","_monsterinsights_sitenote_category":0},"product_brand":[],"product_cat":[12718,12719],"product_tag":[],"class_list":{"0":"post-767069","1":"product","2":"type-product","3":"status-publish","5":"product_cat-din","6":"product_cat-islam","7":"pa_cilt-ciltsiz","8":"pa_tur-kitap","9":"pa_yayinevi-kalem-lugat-yayincilik","10":"pa_yazar-zubeyt-bozkurt","12":"first","13":"instock","14":"sale","15":"shipping-taxable","16":"purchasable","17":"product-type-simple"},"_links":{"self":[{"href":"https:\/\/roveyayinevi.com.tr\/index.php\/wp-json\/wp\/v2\/product\/767069","targetHints":{"allow":["GET"]}}],"collection":[{"href":"https:\/\/roveyayinevi.com.tr\/index.php\/wp-json\/wp\/v2\/product"}],"about":[{"href":"https:\/\/roveyayinevi.com.tr\/index.php\/wp-json\/wp\/v2\/types\/product"}],"wp:attachment":[{"href":"https:\/\/roveyayinevi.com.tr\/index.php\/wp-json\/wp\/v2\/media?parent=767069"}],"wp:term":[{"taxonomy":"product_brand","embeddable":true,"href":"https:\/\/roveyayinevi.com.tr\/index.php\/wp-json\/wp\/v2\/product_brand?post=767069"},{"taxonomy":"product_cat","embeddable":true,"href":"https:\/\/roveyayinevi.com.tr\/index.php\/wp-json\/wp\/v2\/product_cat?post=767069"},{"taxonomy":"product_tag","embeddable":true,"href":"https:\/\/roveyayinevi.com.tr\/index.php\/wp-json\/wp\/v2\/product_tag?post=767069"}],"curies":[{"name":"wp","href":"https:\/\/api.w.org\/{rel}","templated":true}]}}