{"id":767068,"date":"2025-08-28T12:36:17","date_gmt":"2025-08-28T09:36:17","guid":{"rendered":"https:\/\/roveyayinevi.com.tr\/index.php\/urun\/hayat-acemileri-icin-yasam-rehberi\/"},"modified":"2026-04-15T03:32:46","modified_gmt":"2026-04-15T00:32:46","slug":"hayat-acemileri-icin-yasam-rehberi","status":"publish","type":"product","link":"https:\/\/roveyayinevi.com.tr\/index.php\/urun\/hayat-acemileri-icin-yasam-rehberi\/","title":{"rendered":"Hayat Acemileri \u0130\u00e7in Ya\u015fam Rehberi"},"content":{"rendered":"<p>Bazen senin de akl\u0131ndan ge\u00e7iyor mu hi\u00e7; bu insanlar nas\u0131l bu kadar rahatlar, nas\u0131l kafaya takm\u0131yorlar, nas\u0131l \u00fcz\u00fclm\u00fcyorlar diye. Benim akl\u0131mdan ge\u00e7iyor a\u00e7\u0131k\u00e7as\u0131. Bir psikolog olmama ra\u011fmen ben de bazen ayn\u0131 hatalara d\u00fc\u015f\u00fcyorum, ayn\u0131 \u015feylere \u00fcz\u00fcl\u00fcyorum ve sonra her seferinde oldu\u011fu gibi kendime k\u0131z\u0131yorum; bir \u00f6\u011frenemedin \u015fu hayat\u0131 diye. Hayat\u0131n acemisi gibi hissediyorum kendimi. Oysa pek \u00e7ok ki\u015fi bir psikolog olarak her derdini \u00e7\u00f6zm\u00fc\u015fs\u00fcn, her zaman mutlu ve huzurluymu\u015fsun gibi zannediyor. H\u00e2lbuki bazen terzi kendi s\u00f6k\u00fc\u011f\u00fcn\u00fc dikemiyor. \u0130\u015fte bu kitab\u0131; benim gibi, y\u0131llar ge\u00e7se de h\u00e2l\u00e2 bu hayat\u0131n acemisi olanlara, hassas ve duygusal insanlara, hayat\u0131n zorlu yollar\u0131ndan ge\u00e7mekte olanlara yazd\u0131m. Neden hep ayn\u0131 hatalar\u0131 yap\u0131yorsun?Ya\u015fad\u0131\u011f\u0131n olumsuzluklar i\u00e7in hep ba\u015fkalar\u0131n\u0131 m\u0131 su\u00e7luyorsun?Neden \u00e7ok istedi\u011fin h\u00e2lde de\u011fi\u015femiyorsun? \u0130nsanlar\u0131n senin s\u0131n\u0131rlar\u0131n\u0131 ihlal etmesine neden izin veriyorsun? Bu yolculukta sanki beraber bir yolda y\u00fcr\u00fcrken sohbet ediyormu\u015fuz gibi bu konulardan ve \u00e7\u00f6z\u00fcm yollar\u0131ndan bahsedece\u011fiz. Evet sevgili dostum; psikolojik olarak daha g\u00fc\u00e7l\u00fc olmak, kendini bu alanda geli\u015ftirmek, bu hayat\u0131n acemisi de\u011fil de ustas\u0131 olmak m\u00fcmk\u00fcn. \u015eimdi benimle art\u0131k zaman\u0131 gelmi\u015f bir yolculu\u011fa \u00e7\u0131kmaya haz\u0131r m\u0131s\u0131n? <\/p>\n","protected":false},"excerpt":{"rendered":"<p>Bazen senin de akl\u0131ndan ge\u00e7iyor mu hi\u00e7; bu insanlar nas\u0131l bu kadar rahatlar, nas\u0131l kafaya takm\u0131yorlar, nas\u0131l \u00fcz\u00fclm\u00fcyorlar diye. Benim akl\u0131mdan ge\u00e7iyor a\u00e7\u0131k\u00e7as\u0131. Bir psikolog olmama<span class=\"excerpt-hellip\"> [\u2026]<\/span><\/p>\n","protected":false},"featured_media":0,"template":"","meta":{"_monsterinsights_skip_tracking":false,"_monsterinsights_sitenote_active":false,"_monsterinsights_sitenote_note":"","_monsterinsights_sitenote_category":0},"product_brand":[],"product_cat":[13835],"product_tag":[],"class_list":{"0":"post-767068","1":"product","2":"type-product","3":"status-publish","5":"product_cat-cok-satanlar","6":"pa_cilt-ciltsiz","7":"pa_tur-kitap","8":"pa_yayinevi-kronik-kitap","9":"pa_yazar-beyhan-budak","11":"first","12":"instock","13":"sale","14":"shipping-taxable","15":"purchasable","16":"product-type-simple"},"_links":{"self":[{"href":"https:\/\/roveyayinevi.com.tr\/index.php\/wp-json\/wp\/v2\/product\/767068","targetHints":{"allow":["GET"]}}],"collection":[{"href":"https:\/\/roveyayinevi.com.tr\/index.php\/wp-json\/wp\/v2\/product"}],"about":[{"href":"https:\/\/roveyayinevi.com.tr\/index.php\/wp-json\/wp\/v2\/types\/product"}],"wp:attachment":[{"href":"https:\/\/roveyayinevi.com.tr\/index.php\/wp-json\/wp\/v2\/media?parent=767068"}],"wp:term":[{"taxonomy":"product_brand","embeddable":true,"href":"https:\/\/roveyayinevi.com.tr\/index.php\/wp-json\/wp\/v2\/product_brand?post=767068"},{"taxonomy":"product_cat","embeddable":true,"href":"https:\/\/roveyayinevi.com.tr\/index.php\/wp-json\/wp\/v2\/product_cat?post=767068"},{"taxonomy":"product_tag","embeddable":true,"href":"https:\/\/roveyayinevi.com.tr\/index.php\/wp-json\/wp\/v2\/product_tag?post=767068"}],"curies":[{"name":"wp","href":"https:\/\/api.w.org\/{rel}","templated":true}]}}