{"id":767067,"date":"2025-08-28T12:36:16","date_gmt":"2025-08-28T09:36:16","guid":{"rendered":"https:\/\/roveyayinevi.com.tr\/index.php\/urun\/bu-hangi-filmin-sekansi\/"},"modified":"2026-01-29T04:03:14","modified_gmt":"2026-01-29T01:03:14","slug":"bu-hangi-filmin-sekansi","status":"publish","type":"product","link":"https:\/\/roveyayinevi.com.tr\/index.php\/urun\/bu-hangi-filmin-sekansi\/","title":{"rendered":"Bu Hangi Filmin Sekans\u0131?"},"content":{"rendered":"<p>Bu \u00e7al\u0131\u015fma, film \u00e7\u00f6z\u00fcmlemelerine farkl\u0131 yakla\u015f\u0131mlar\u0131 bir araya getirerek olu\u015fturulmu\u015ftur. Her bir yazar film \u00e7al\u0131\u015fmalar\u0131ndaki ba\u015fat sinema teorileri \u00e7er\u00e7evesinde oda\u011fa ald\u0131\u011f\u0131 filmleri \u00e7\u00f6z\u00fcmlemi\u015f ve film anlat\u0131lar\u0131n\u0131n anlamland\u0131r\u0131lmas\u0131nda bilimsel bir yol g\u00f6sterici olmu\u015ftur. Sinefillere, sinema alan\u0131nda akademik \u00e7al\u0131\u015fma yapanlara, hayat\u0131 filmler i\u00e7inden anlamaya \u00e7al\u0131\u015fanlara kaynak niteli\u011finde olan bu kitap, sinemaya \u00e7e\u015fitli perspektiflerden bakabilmenin izle\u011fini \u00e7izmektedir. Yazarlar\u0131n \u00f6nerisi, kitapta incelenen filmleri \u00f6nce izlemeniz sonra \u00e7\u00f6z\u00fcmlemelerine dair kitaba bir bak\u0131\u015f atman\u0131z. Okurlar\u0131n bak\u0131\u015f\u0131na bilimsel ba\u011flamda farkl\u0131 noktalardan eklenen bak\u0131\u015flarla keyifli okumalar dileriz. Sinema, hayat\u0131 anlaman\u0131n ba\u015fka bir anahtar\u0131&#8230; <\/p>\n","protected":false},"excerpt":{"rendered":"<p>Bu \u00e7al\u0131\u015fma, film \u00e7\u00f6z\u00fcmlemelerine farkl\u0131 yakla\u015f\u0131mlar\u0131 bir araya getirerek olu\u015fturulmu\u015ftur. Her bir yazar film \u00e7al\u0131\u015fmalar\u0131ndaki ba\u015fat sinema teorileri \u00e7er\u00e7evesinde oda\u011fa ald\u0131\u011f\u0131 filmleri \u00e7\u00f6z\u00fcmlemi\u015f ve film anlat\u0131lar\u0131n\u0131n<span class=\"excerpt-hellip\"> [\u2026]<\/span><\/p>\n","protected":false},"featured_media":0,"template":"","meta":{"_monsterinsights_skip_tracking":false,"_monsterinsights_sitenote_active":false,"_monsterinsights_sitenote_note":"","_monsterinsights_sitenote_category":0},"product_brand":[],"product_cat":[15983,13488],"product_tag":[],"class_list":{"0":"post-767067","1":"product","2":"type-product","3":"status-publish","5":"product_cat-iletisim-ve-medya","6":"product_cat-toplum-ve-insan","7":"pa_cilt-ciltsiz","8":"pa_tur-kitap","9":"pa_yayinevi-utopya-yayinevi","10":"pa_yazar-kolektif","12":"first","13":"instock","14":"sale","15":"shipping-taxable","16":"purchasable","17":"product-type-simple"},"_links":{"self":[{"href":"https:\/\/roveyayinevi.com.tr\/index.php\/wp-json\/wp\/v2\/product\/767067","targetHints":{"allow":["GET"]}}],"collection":[{"href":"https:\/\/roveyayinevi.com.tr\/index.php\/wp-json\/wp\/v2\/product"}],"about":[{"href":"https:\/\/roveyayinevi.com.tr\/index.php\/wp-json\/wp\/v2\/types\/product"}],"wp:attachment":[{"href":"https:\/\/roveyayinevi.com.tr\/index.php\/wp-json\/wp\/v2\/media?parent=767067"}],"wp:term":[{"taxonomy":"product_brand","embeddable":true,"href":"https:\/\/roveyayinevi.com.tr\/index.php\/wp-json\/wp\/v2\/product_brand?post=767067"},{"taxonomy":"product_cat","embeddable":true,"href":"https:\/\/roveyayinevi.com.tr\/index.php\/wp-json\/wp\/v2\/product_cat?post=767067"},{"taxonomy":"product_tag","embeddable":true,"href":"https:\/\/roveyayinevi.com.tr\/index.php\/wp-json\/wp\/v2\/product_tag?post=767067"}],"curies":[{"name":"wp","href":"https:\/\/api.w.org\/{rel}","templated":true}]}}