{"id":767066,"date":"2025-08-28T12:36:14","date_gmt":"2025-08-28T09:36:14","guid":{"rendered":"https:\/\/roveyayinevi.com.tr\/index.php\/urun\/hasret-kokan-genclik\/"},"modified":"2026-04-15T03:32:46","modified_gmt":"2026-04-15T00:32:46","slug":"hasret-kokan-genclik","status":"publish","type":"product","link":"https:\/\/roveyayinevi.com.tr\/index.php\/urun\/hasret-kokan-genclik\/","title":{"rendered":"Hasret Kokan Gen\u00e7lik"},"content":{"rendered":"<p>O g\u00fcn babam\u0131n g\u00f6zlerine bakt\u0131\u011f\u0131m son g\u00fcnm\u00fcs me\u011fer. Sa\u00e7lar\u0131m\u0131 \u0131slat\u0131p sevdi\u011fi gibi yana taram\u0131\u015ft\u0131m. Hatta okulda sevdi\u011fim k\u0131z\u0131n ad\u0131n\u0131 bile s\u00f6ylemi\u015ftim.&#8221;Ama k\u0131z\u0131n haberi yok baba &#8221; dedi\u011fimde o kadar g\u00fclm\u00fc\u015ft\u00fc ki ki hi\u00e7 unutam\u0131yorum. Annem evde yapt\u0131\u011f\u0131 b\u00f6rek, \u00e7\u00f6rek ne varsa yan\u0131m\u0131za alm\u0131\u015ft\u0131k. Babam da mangall\u0131k malzemeleri haz\u0131rlam\u0131\u015ft\u0131. Arabam\u0131za binip yola \u00e7\u0131km\u0131\u015ft\u0131k. Her y\u0131l biz de bir ka\u00e7 defa buraya gelirdik. Me\u011fer bu durumu bilen babam\u0131n has\u0131mlar\u0131 yolun kenar\u0131na pusu kurup beklemeye koyulmu\u015flar. Annem, babam ve annemin kuca\u011f\u0131nda olan karde\u015fimi orac\u0131kta silahla \u00f6ld\u00fcrd\u00fcler. Ben arkada korkudan koltu\u011fun aras\u0131na s\u0131k\u0131\u015f\u0131p yandaki \u00e7antay\u0131 \u00fczerime al\u0131p orada saatlerce bekledi\u011fimi biliyorum. Sonradan yoldan ge\u00e7en insanlar\u0131n ve gelen ambulans\u0131n yard\u0131m\u0131 ile bizleri g\u00f6t\u00fcrd\u00fcler. Sonras\u0131 hep h\u00fcz\u00fcn&#8230; <\/p>\n","protected":false},"excerpt":{"rendered":"<p>O g\u00fcn babam\u0131n g\u00f6zlerine bakt\u0131\u011f\u0131m son g\u00fcnm\u00fcs me\u011fer. Sa\u00e7lar\u0131m\u0131 \u0131slat\u0131p sevdi\u011fi gibi yana taram\u0131\u015ft\u0131m. Hatta okulda sevdi\u011fim k\u0131z\u0131n ad\u0131n\u0131 bile s\u00f6ylemi\u015ftim.&#8221;Ama k\u0131z\u0131n haberi yok baba &#8221;<span class=\"excerpt-hellip\"> [\u2026]<\/span><\/p>\n","protected":false},"featured_media":0,"template":"","meta":{"_monsterinsights_skip_tracking":false,"_monsterinsights_sitenote_active":false,"_monsterinsights_sitenote_note":"","_monsterinsights_sitenote_category":0},"product_brand":[],"product_cat":[12291,12711],"product_tag":[],"class_list":{"0":"post-767066","1":"product","2":"type-product","3":"status-publish","5":"product_cat-edebiyat","6":"product_cat-roman-oyku","7":"pa_cilt-ciltsiz","8":"pa_tur-kitap","9":"pa_yayinevi-kalem-lugat-yayincilik","10":"pa_yazar-zubeyt-bozkurt","12":"first","13":"instock","14":"sale","15":"shipping-taxable","16":"purchasable","17":"product-type-simple"},"_links":{"self":[{"href":"https:\/\/roveyayinevi.com.tr\/index.php\/wp-json\/wp\/v2\/product\/767066","targetHints":{"allow":["GET"]}}],"collection":[{"href":"https:\/\/roveyayinevi.com.tr\/index.php\/wp-json\/wp\/v2\/product"}],"about":[{"href":"https:\/\/roveyayinevi.com.tr\/index.php\/wp-json\/wp\/v2\/types\/product"}],"wp:attachment":[{"href":"https:\/\/roveyayinevi.com.tr\/index.php\/wp-json\/wp\/v2\/media?parent=767066"}],"wp:term":[{"taxonomy":"product_brand","embeddable":true,"href":"https:\/\/roveyayinevi.com.tr\/index.php\/wp-json\/wp\/v2\/product_brand?post=767066"},{"taxonomy":"product_cat","embeddable":true,"href":"https:\/\/roveyayinevi.com.tr\/index.php\/wp-json\/wp\/v2\/product_cat?post=767066"},{"taxonomy":"product_tag","embeddable":true,"href":"https:\/\/roveyayinevi.com.tr\/index.php\/wp-json\/wp\/v2\/product_tag?post=767066"}],"curies":[{"name":"wp","href":"https:\/\/api.w.org\/{rel}","templated":true}]}}