{"id":767064,"date":"2025-08-28T12:36:11","date_gmt":"2025-08-28T09:36:11","guid":{"rendered":"https:\/\/roveyayinevi.com.tr\/index.php\/urun\/hayatin-gercegi\/"},"modified":"2026-04-15T03:32:46","modified_gmt":"2026-04-15T00:32:46","slug":"hayatin-gercegi","status":"publish","type":"product","link":"https:\/\/roveyayinevi.com.tr\/index.php\/urun\/hayatin-gercegi\/","title":{"rendered":"Hayat\u0131n Ger\u00e7e\u011fi"},"content":{"rendered":"<p>\u0130nsan her kim olursa olsun, muhtemelen ya\u015fad\u0131\u011f\u0131 60-70 senenin nas\u0131l ge\u00e7ti\u011fini anlayamad\u0131\u011f\u0131n\u0131 d\u00fc\u015f\u00fcn\u00fcyordur. Hatta kendisine sorsan\u0131z, &#8220;g\u00f6z a\u00e7\u0131p kapay\u0131ncaya kadar ge\u00e7ti, hi\u00e7bir \u015fey anlayamad\u0131m&#8221; diyecektir. 20&#8217;li ya\u015flar\u0131ndayken herhalde o da ya\u015flanaca\u011f\u0131n\u0131 hi\u00e7 d\u00fc\u015f\u00fcnmemi\u015ftir. Ancak \u015fu an, \u00e7ok uzak g\u00f6rd\u00fc\u011f\u00fc o d\u00f6nemin i\u00e7inde bulunman\u0131n \u015fa\u015fk\u0131nl\u0131\u011f\u0131n\u0131 ya\u015f\u0131yordur. Ve bu an\u0131 uzak g\u00f6rmekle ne kadar yan\u0131ld\u0131\u011f\u0131n\u0131 da \u00e7ok iyi anlam\u0131\u015ft\u0131r. Ya\u015fam\u0131 boyunca yapt\u0131klar\u0131n\u0131 yazmas\u0131n\u0131 veya anlatmas\u0131n\u0131 isteseniz, en fazla bir defteri doldurabilir veya en fazla be\u015f-alt\u0131 saat arka arkaya anlatabilir. &#8220;Koskoca 70 sene&#8221; dedi\u011fi \u015feyin tamam\u0131 i\u015fte bu kadard\u0131r&#8230; Bu d\u00fc\u015f\u00fcnceler i\u00e7inde ya\u015fayan ki\u015finin akl\u0131nda ise \u00e7ok \u00f6nemli baz\u0131 sorular vard\u0131r: &#8220;G\u00f6z a\u00e7\u0131p kapay\u0131ncaya kadar ge\u00e7ip giden bu hayat\u0131n amac\u0131 nedir?&#8221;  &#8220;Ben bu 70 seneyi ne i\u00e7in ya\u015fad\u0131m?&#8221; &#8220;Peki, bundan sonra ne olacak?&#8221; D\u00fcnyadaki her g\u00fczellik, \u00e7ok ge\u00e7meden bozulur, y\u0131pran\u0131r, \u00e7\u00fcr\u00fcr ve yok olur. Bu kitap, d\u00fcnya hayat\u0131n\u0131n bu \u00e7ok \u00f6nemli s\u0131rr\u0131n\u0131 tarif etmekte ve insana, ger\u00e7ek yurdu, yani ahireti hat\u0131rlatmaktad\u0131r.  Bu amac\u0131n ne oldu\u011fu ise, \u00fcst\u00fcn g\u00fc\u00e7 sahibi olan Allah&#8217;\u0131n insanlara yol g\u00f6sterici olarak indirdi\u011fi Kuran&#8217;da bildirilir. <\/p>\n","protected":false},"excerpt":{"rendered":"<p>\u0130nsan her kim olursa olsun, muhtemelen ya\u015fad\u0131\u011f\u0131 60-70 senenin nas\u0131l ge\u00e7ti\u011fini anlayamad\u0131\u011f\u0131n\u0131 d\u00fc\u015f\u00fcn\u00fcyordur. Hatta kendisine sorsan\u0131z, &#8220;g\u00f6z a\u00e7\u0131p kapay\u0131ncaya kadar ge\u00e7ti, hi\u00e7bir \u015fey anlayamad\u0131m&#8221; diyecektir. 20&#8217;li<span class=\"excerpt-hellip\"> [\u2026]<\/span><\/p>\n","protected":false},"featured_media":0,"template":"","meta":{"_monsterinsights_skip_tracking":false,"_monsterinsights_sitenote_active":false,"_monsterinsights_sitenote_note":"","_monsterinsights_sitenote_category":0},"product_brand":[],"product_cat":[12291,12711],"product_tag":[],"class_list":{"0":"post-767064","1":"product","2":"type-product","3":"status-publish","5":"product_cat-edebiyat","6":"product_cat-roman-oyku","7":"pa_cilt-ciltsiz","8":"pa_tur-kitap","9":"pa_yayinevi-kalem-lugat-yayincilik","10":"pa_yazar-zubeyt-bozkurt","12":"first","13":"instock","14":"sale","15":"shipping-taxable","16":"purchasable","17":"product-type-simple"},"_links":{"self":[{"href":"https:\/\/roveyayinevi.com.tr\/index.php\/wp-json\/wp\/v2\/product\/767064","targetHints":{"allow":["GET"]}}],"collection":[{"href":"https:\/\/roveyayinevi.com.tr\/index.php\/wp-json\/wp\/v2\/product"}],"about":[{"href":"https:\/\/roveyayinevi.com.tr\/index.php\/wp-json\/wp\/v2\/types\/product"}],"wp:attachment":[{"href":"https:\/\/roveyayinevi.com.tr\/index.php\/wp-json\/wp\/v2\/media?parent=767064"}],"wp:term":[{"taxonomy":"product_brand","embeddable":true,"href":"https:\/\/roveyayinevi.com.tr\/index.php\/wp-json\/wp\/v2\/product_brand?post=767064"},{"taxonomy":"product_cat","embeddable":true,"href":"https:\/\/roveyayinevi.com.tr\/index.php\/wp-json\/wp\/v2\/product_cat?post=767064"},{"taxonomy":"product_tag","embeddable":true,"href":"https:\/\/roveyayinevi.com.tr\/index.php\/wp-json\/wp\/v2\/product_tag?post=767064"}],"curies":[{"name":"wp","href":"https:\/\/api.w.org\/{rel}","templated":true}]}}