{"id":767063,"date":"2025-08-28T12:36:10","date_gmt":"2025-08-28T09:36:10","guid":{"rendered":"https:\/\/roveyayinevi.com.tr\/index.php\/urun\/ortadoguyu-bolme-ihtirasi\/"},"modified":"2026-04-15T03:32:46","modified_gmt":"2026-04-15T00:32:46","slug":"ortadoguyu-bolme-ihtirasi","status":"publish","type":"product","link":"https:\/\/roveyayinevi.com.tr\/index.php\/urun\/ortadoguyu-bolme-ihtirasi\/","title":{"rendered":"Ortado\u011fu\u2019yu B\u00f6lme \u0130htiras\u0131"},"content":{"rendered":"<p>Ortado\u011fu&#8217;nun kar\u0131\u015f\u0131kl\u0131klarla bo\u011fu\u015ftu\u011fu \u015fu g\u00fcnlerde, ABD&#8217;nin aleni bir \u015fekilde Suriye&#8217;deki PKK yap\u0131lanmas\u0131n\u0131 silahland\u0131r\u0131yor olmas\u0131 ise b\u00fcy\u00fck bir sorundur. Derin Amerika, bir k\u0131s\u0131m Evanjeliklerin hatal\u0131 ahir zaman beklentileri sebebiyle Ortado\u011fu&#8217;da bir B\u00fcy\u00fck K\u00fcrdistan hayali kurmakta dolay\u0131s\u0131yla da PKK ve uzant\u0131lar\u0131n\u0131 desteklemekte hi\u00e7bir sak\u0131nca g\u00f6rmemektedir. ABD, PKK belas\u0131n\u0131 do\u011fru analiz edememekte, bu kom\u00fcnist-anar\u015fist yap\u0131lanman\u0131n kendisi i\u00e7in de b\u00fcy\u00fck bir tehlike oldu\u011funu anlayamamaktad\u0131r. Bu kitap, PKK&#8217;n\u0131n \u00fclkemiz \u00fczerinde sinsi planlar\u0131n\u0131 nas\u0131l uygulamaya koydu\u011funu, kaleyi i\u00e7ten fethetmek i\u00e7in hangi y\u00f6ntemleri kulland\u0131\u011f\u0131n\u0131 ve buna kar\u015f\u0131 devletimizin ne gibi tedbirler almas\u0131 gerekti\u011fini a\u00e7\u0131klamakta, \u00e7\u00f6z\u00fcm yollar\u0131 sunmakta; ayn\u0131 zamanda PKK&#8217;ya destek veren ABD&#8217;nin d\u00fc\u015ft\u00fc\u011f\u00fc b\u00fcy\u00fck hatay\u0131 tarif etmektedir. Allah&#8217;\u0131n adaleti her an ak\u0131lda tutulmal\u0131d\u0131r: Allah&#8217;\u0131n kanununda imanl\u0131 milletlere kar\u015f\u0131 kurulan her tuzak kaderde bozulmu\u015f olarak yarat\u0131l\u0131r. Dolay\u0131s\u0131yla karanl\u0131k ve sinsi planlar, ne kadar b\u00fcy\u00fck ve etkili g\u00f6r\u00fcn\u00fcrse g\u00f6r\u00fcns\u00fcn, T\u00fcrk milleti \u00fczerinde etkisizdir.<\/p>\n","protected":false},"excerpt":{"rendered":"<p>Ortado\u011fu&#8217;nun kar\u0131\u015f\u0131kl\u0131klarla bo\u011fu\u015ftu\u011fu \u015fu g\u00fcnlerde, ABD&#8217;nin aleni bir \u015fekilde Suriye&#8217;deki PKK yap\u0131lanmas\u0131n\u0131 silahland\u0131r\u0131yor olmas\u0131 ise b\u00fcy\u00fck bir sorundur. Derin Amerika, bir k\u0131s\u0131m Evanjeliklerin hatal\u0131 ahir zaman<span class=\"excerpt-hellip\"> [\u2026]<\/span><\/p>\n","protected":false},"featured_media":0,"template":"","meta":{"_monsterinsights_skip_tracking":false,"_monsterinsights_sitenote_active":false,"_monsterinsights_sitenote_note":"","_monsterinsights_sitenote_category":0},"product_brand":[],"product_cat":[12337],"product_tag":[],"class_list":{"0":"post-767063","1":"product","2":"type-product","3":"status-publish","5":"product_cat-politika-siyaset","6":"pa_cilt-ciltsiz","7":"pa_tur-kitap","8":"pa_yayinevi-kalem-lugat-yayincilik","9":"pa_yazar-zubeyt-bozkurt","11":"first","12":"instock","13":"sale","14":"shipping-taxable","15":"purchasable","16":"product-type-simple"},"_links":{"self":[{"href":"https:\/\/roveyayinevi.com.tr\/index.php\/wp-json\/wp\/v2\/product\/767063","targetHints":{"allow":["GET"]}}],"collection":[{"href":"https:\/\/roveyayinevi.com.tr\/index.php\/wp-json\/wp\/v2\/product"}],"about":[{"href":"https:\/\/roveyayinevi.com.tr\/index.php\/wp-json\/wp\/v2\/types\/product"}],"wp:attachment":[{"href":"https:\/\/roveyayinevi.com.tr\/index.php\/wp-json\/wp\/v2\/media?parent=767063"}],"wp:term":[{"taxonomy":"product_brand","embeddable":true,"href":"https:\/\/roveyayinevi.com.tr\/index.php\/wp-json\/wp\/v2\/product_brand?post=767063"},{"taxonomy":"product_cat","embeddable":true,"href":"https:\/\/roveyayinevi.com.tr\/index.php\/wp-json\/wp\/v2\/product_cat?post=767063"},{"taxonomy":"product_tag","embeddable":true,"href":"https:\/\/roveyayinevi.com.tr\/index.php\/wp-json\/wp\/v2\/product_tag?post=767063"}],"curies":[{"name":"wp","href":"https:\/\/api.w.org\/{rel}","templated":true}]}}