{"id":767062,"date":"2025-08-28T12:36:08","date_gmt":"2025-08-28T09:36:08","guid":{"rendered":"https:\/\/roveyayinevi.com.tr\/index.php\/urun\/kir-cicegim\/"},"modified":"2026-04-15T03:32:46","modified_gmt":"2026-04-15T00:32:46","slug":"kir-cicegim","status":"publish","type":"product","link":"https:\/\/roveyayinevi.com.tr\/index.php\/urun\/kir-cicegim\/","title":{"rendered":"K\u0131r \u00c7i\u00e7e\u011fim"},"content":{"rendered":"<p>Hayatta arad\u0131\u011f\u0131m her \u015feyi yaln\u0131zca sen oldu\u011funu s\u00f6ylesem?  G\u00f6zlerine bakt\u0131\u011f\u0131mda nefesim kesiliyor desem? Bu d\u00fcnyada senin benden \u00e7ok kimse sevemez desem? As\u0131l mesele, bir \u015feye sahip olmak de\u011fil, sahip olmak sevdi\u011fine lay\u0131k olmakt\u0131r.     Kollar\u0131n\u0131 boynuma dola istedim Sen kalbimi istedin ben \u00f6mr\u00fcm\u00fc verdim Sen bana y\u00fcz vermedin ne yapabilirdim \u0130nan ki hayatta yaln\u0131z seni sevdim   \u0130ster sevgime inan ister inanma Beni ba\u011flay\u0131p zincire vursalar da Kan\u0131m su gibi yere aksa da \u0130nan ki hayatta yaln\u0131z seni sevdim   Hayat yolunda birlikte y\u00fcr\u00fcyelim Ben ar\u0131yd\u0131m sen bah\u00e7emde K\u0131r \u00e7i\u00e7e\u011fim A\u015fk\u0131m zehrini senin elinden i\u00e7eyim \u0130nan ki kara g\u00f6zl\u00fcm yaln\u0131z seni sevdim<\/p>\n","protected":false},"excerpt":{"rendered":"<p>Hayatta arad\u0131\u011f\u0131m her \u015feyi yaln\u0131zca sen oldu\u011funu s\u00f6ylesem? G\u00f6zlerine bakt\u0131\u011f\u0131mda nefesim kesiliyor desem? Bu d\u00fcnyada senin benden \u00e7ok kimse sevemez desem? As\u0131l mesele, bir \u015feye sahip<span class=\"excerpt-hellip\"> [\u2026]<\/span><\/p>\n","protected":false},"featured_media":0,"template":"","meta":{"_monsterinsights_skip_tracking":false,"_monsterinsights_sitenote_active":false,"_monsterinsights_sitenote_note":"","_monsterinsights_sitenote_category":0},"product_brand":[],"product_cat":[12291,12509],"product_tag":[],"class_list":{"0":"post-767062","1":"product","2":"type-product","3":"status-publish","5":"product_cat-edebiyat","6":"product_cat-siir","7":"pa_cilt-ciltsiz","8":"pa_tur-kitap","9":"pa_yayinevi-kalem-lugat-yayincilik","10":"pa_yazar-zubeyt-bozkurt","12":"first","13":"instock","14":"sale","15":"shipping-taxable","16":"purchasable","17":"product-type-simple"},"_links":{"self":[{"href":"https:\/\/roveyayinevi.com.tr\/index.php\/wp-json\/wp\/v2\/product\/767062","targetHints":{"allow":["GET"]}}],"collection":[{"href":"https:\/\/roveyayinevi.com.tr\/index.php\/wp-json\/wp\/v2\/product"}],"about":[{"href":"https:\/\/roveyayinevi.com.tr\/index.php\/wp-json\/wp\/v2\/types\/product"}],"wp:attachment":[{"href":"https:\/\/roveyayinevi.com.tr\/index.php\/wp-json\/wp\/v2\/media?parent=767062"}],"wp:term":[{"taxonomy":"product_brand","embeddable":true,"href":"https:\/\/roveyayinevi.com.tr\/index.php\/wp-json\/wp\/v2\/product_brand?post=767062"},{"taxonomy":"product_cat","embeddable":true,"href":"https:\/\/roveyayinevi.com.tr\/index.php\/wp-json\/wp\/v2\/product_cat?post=767062"},{"taxonomy":"product_tag","embeddable":true,"href":"https:\/\/roveyayinevi.com.tr\/index.php\/wp-json\/wp\/v2\/product_tag?post=767062"}],"curies":[{"name":"wp","href":"https:\/\/api.w.org\/{rel}","templated":true}]}}