{"id":767060,"date":"2025-08-28T12:36:04","date_gmt":"2025-08-28T09:36:04","guid":{"rendered":"https:\/\/roveyayinevi.com.tr\/index.php\/urun\/ahlaki-degerler\/"},"modified":"2026-04-15T03:32:46","modified_gmt":"2026-04-15T00:32:46","slug":"ahlaki-degerler","status":"publish","type":"product","link":"https:\/\/roveyayinevi.com.tr\/index.php\/urun\/ahlaki-degerler\/","title":{"rendered":"Ahlaki De\u011ferler"},"content":{"rendered":"<p>G\u00fczel ahlak sahibi bir M\u00fcsl\u00fcman nas\u0131l olmal\u0131d\u0131r? Bir M\u00fcsl\u00fcman\u0131n sahip olmas\u0131 gereken ba\u015fl\u0131ca ahlaki \u00f6zellikleri \u015f\u00f6yle s\u0131ralayabiliriz: Bir M\u00fcsl\u00fcman; \u00b7         Allah\u2019tan ba\u015fka ilah kabul etmez, \u00b7         Sadece Allah\u2019a dua ve ibadet eder, \u00b7         Sadece Allah\u2019a dayan\u0131r, i\u015flerinin sonucunu O\u2019ndan bekler, \u00b7         Sadece Allah\u2019tan yard\u0131m diler, \u00b7         Rabbi i\u00e7in namaz k\u0131lar, secde eder, \u00b7         Namazlar\u0131n\u0131 hu\u015fu (sayg\u0131 ve samimiyet) ile ve d\u00fczenli olarak k\u0131lar, \u00b7         Allah\u2019\u0131n kendisine verdi\u011fi nimetlerin zek\u00e2t\u0131n\u0131 verir, \u00b7         Allah\u2019\u0131n ayetleri okundu\u011fu zaman bu ayetleri dikkate al\u0131r, \u00b7         Ba\u015f\u0131na gelen zorluklara sabreder, \u00b7         Namusunu korur, \u00b7         Emanete sahip \u00e7\u0131kar, \u00b7         Verdi\u011fi s\u00f6zden d\u00f6nmez, s\u00f6z\u00fcn\u00fc yerine getirir, \u00b7         Yery\u00fcz\u00fcnde kibirlenmeden y\u00fcr\u00fcr, <\/p>\n","protected":false},"excerpt":{"rendered":"<p>G\u00fczel ahlak sahibi bir M\u00fcsl\u00fcman nas\u0131l olmal\u0131d\u0131r? Bir M\u00fcsl\u00fcman\u0131n sahip olmas\u0131 gereken ba\u015fl\u0131ca ahlaki \u00f6zellikleri \u015f\u00f6yle s\u0131ralayabiliriz: Bir M\u00fcsl\u00fcman; \u00b7 Allah\u2019tan ba\u015fka ilah kabul etmez, \u00b7<span class=\"excerpt-hellip\"> [\u2026]<\/span><\/p>\n","protected":false},"featured_media":0,"template":"","meta":{"_monsterinsights_skip_tracking":false,"_monsterinsights_sitenote_active":false,"_monsterinsights_sitenote_note":"","_monsterinsights_sitenote_category":0},"product_brand":[],"product_cat":[12718,12719],"product_tag":[],"class_list":{"0":"post-767060","1":"product","2":"type-product","3":"status-publish","5":"product_cat-din","6":"product_cat-islam","7":"pa_cilt-ciltsiz","8":"pa_tur-kitap","9":"pa_yayinevi-kalem-lugat-yayincilik","10":"pa_yazar-zubeyt-bozkurt","12":"first","13":"instock","14":"sale","15":"shipping-taxable","16":"purchasable","17":"product-type-simple"},"_links":{"self":[{"href":"https:\/\/roveyayinevi.com.tr\/index.php\/wp-json\/wp\/v2\/product\/767060","targetHints":{"allow":["GET"]}}],"collection":[{"href":"https:\/\/roveyayinevi.com.tr\/index.php\/wp-json\/wp\/v2\/product"}],"about":[{"href":"https:\/\/roveyayinevi.com.tr\/index.php\/wp-json\/wp\/v2\/types\/product"}],"wp:attachment":[{"href":"https:\/\/roveyayinevi.com.tr\/index.php\/wp-json\/wp\/v2\/media?parent=767060"}],"wp:term":[{"taxonomy":"product_brand","embeddable":true,"href":"https:\/\/roveyayinevi.com.tr\/index.php\/wp-json\/wp\/v2\/product_brand?post=767060"},{"taxonomy":"product_cat","embeddable":true,"href":"https:\/\/roveyayinevi.com.tr\/index.php\/wp-json\/wp\/v2\/product_cat?post=767060"},{"taxonomy":"product_tag","embeddable":true,"href":"https:\/\/roveyayinevi.com.tr\/index.php\/wp-json\/wp\/v2\/product_tag?post=767060"}],"curies":[{"name":"wp","href":"https:\/\/api.w.org\/{rel}","templated":true}]}}