{"id":767059,"date":"2025-08-28T12:36:03","date_gmt":"2025-08-28T09:36:03","guid":{"rendered":"https:\/\/roveyayinevi.com.tr\/index.php\/urun\/alin-yazisi\/"},"modified":"2026-04-15T03:32:45","modified_gmt":"2026-04-15T00:32:45","slug":"alin-yazisi","status":"publish","type":"product","link":"https:\/\/roveyayinevi.com.tr\/index.php\/urun\/alin-yazisi\/","title":{"rendered":"Al\u0131n Yaz\u0131s\u0131"},"content":{"rendered":"<p>Kader konusu, felsef\u00ee bir karakterde oldu\u011fu i\u00e7in, bu \u00f6zelli\u011fi g\u00f6z \u00f6n\u00fcne al\u0131narak \u00fczerinde tart\u0131\u015f\u0131lmas\u0131 gereken bir konudur. Bilimsel ve felsef\u00ee meseleler, temel konular\u0131na ve o alanda yap\u0131lan \u00fcretimlere g\u00f6re belirlenen belli kategoriler alt\u0131nda m\u00fctalaa edilir. Felsef\u00ee, matematik ve tabiata ait birtak\u0131m konular; bu konularla ilgili bir\u00e7ok alt-gruplar, alt ba\u015fl\u0131klar dolay\u0131s\u0131yla birbirlerinden \u00e7ok ayr\u0131, hi\u00e7bir \u015fekilde birbirine ba\u011fl\u0131 olmayan kategorilere ayr\u0131lm\u0131\u015ft\u0131r. Felsef\u00ee bir mesele olarak kader konusu da yukar\u0131da say\u0131lanlara d\u00e2hildir. Ama burada, yukar\u0131da anlat\u0131ld\u0131\u011f\u0131 gibi bir kategorile\u015ftirmeye  tabi tutulmayacakt\u0131r. Kader konusu, \u00abM\u00fcsl\u00fcmanlar\u0131n Gerilemesinin Sebepleri\u00bb ana ba\u015fl\u0131\u011f\u0131 alt\u0131nda bir dizi m\u00fctalaa serdedilerek tart\u0131\u015f\u0131lacakt\u0131r. Bu konu tarihsel, psikolojik, ahlak\u00ee, toplumsal, din\u00ee ve felsef\u00ee boyutlar\u0131 g\u00f6z \u00f6n\u00fcne al\u0131narak, bu ana-ba\u015fl\u0131klar alt\u0131nda de\u011ferlendirilebilir. <\/p>\n","protected":false},"excerpt":{"rendered":"<p>Kader konusu, felsef\u00ee bir karakterde oldu\u011fu i\u00e7in, bu \u00f6zelli\u011fi g\u00f6z \u00f6n\u00fcne al\u0131narak \u00fczerinde tart\u0131\u015f\u0131lmas\u0131 gereken bir konudur. Bilimsel ve felsef\u00ee meseleler, temel konular\u0131na ve o alanda<span class=\"excerpt-hellip\"> [\u2026]<\/span><\/p>\n","protected":false},"featured_media":0,"template":"","meta":{"_monsterinsights_skip_tracking":false,"_monsterinsights_sitenote_active":false,"_monsterinsights_sitenote_note":"","_monsterinsights_sitenote_category":0},"product_brand":[],"product_cat":[12388],"product_tag":[],"class_list":{"0":"post-767059","1":"product","2":"type-product","3":"status-publish","5":"product_cat-felsefe","6":"pa_cilt-ciltsiz","7":"pa_tur-kitap","8":"pa_yayinevi-kalem-lugat-yayincilik","9":"pa_yazar-zubeyt-bozkurt","11":"first","12":"instock","13":"sale","14":"shipping-taxable","15":"purchasable","16":"product-type-simple"},"_links":{"self":[{"href":"https:\/\/roveyayinevi.com.tr\/index.php\/wp-json\/wp\/v2\/product\/767059","targetHints":{"allow":["GET"]}}],"collection":[{"href":"https:\/\/roveyayinevi.com.tr\/index.php\/wp-json\/wp\/v2\/product"}],"about":[{"href":"https:\/\/roveyayinevi.com.tr\/index.php\/wp-json\/wp\/v2\/types\/product"}],"wp:attachment":[{"href":"https:\/\/roveyayinevi.com.tr\/index.php\/wp-json\/wp\/v2\/media?parent=767059"}],"wp:term":[{"taxonomy":"product_brand","embeddable":true,"href":"https:\/\/roveyayinevi.com.tr\/index.php\/wp-json\/wp\/v2\/product_brand?post=767059"},{"taxonomy":"product_cat","embeddable":true,"href":"https:\/\/roveyayinevi.com.tr\/index.php\/wp-json\/wp\/v2\/product_cat?post=767059"},{"taxonomy":"product_tag","embeddable":true,"href":"https:\/\/roveyayinevi.com.tr\/index.php\/wp-json\/wp\/v2\/product_tag?post=767059"}],"curies":[{"name":"wp","href":"https:\/\/api.w.org\/{rel}","templated":true}]}}