{"id":767056,"date":"2025-08-28T12:35:58","date_gmt":"2025-08-28T09:35:58","guid":{"rendered":"https:\/\/roveyayinevi.com.tr\/index.php\/urun\/sudan-gelen-hikmet-hz-musa-as\/"},"modified":"2026-04-15T03:32:45","modified_gmt":"2026-04-15T00:32:45","slug":"sudan-gelen-hikmet-hz-musa-as","status":"publish","type":"product","link":"https:\/\/roveyayinevi.com.tr\/index.php\/urun\/sudan-gelen-hikmet-hz-musa-as\/","title":{"rendered":"Sudan Gelen Hikmet Hz. Musa (AS)"},"content":{"rendered":"<p>Kuran&#8217;da Hz Musa (as)&#8217;dan bir\u00e7ok yerde \u00e7ok yo\u011fun bir \u015fekilde s\u00f6z edilmi\u015ftir. Bu y\u00fczden Hz. Musa (as)&#8217;\u0131n hayat\u0131 inananlar i\u00e7in \u00e7ok g\u00fczel \u00f6\u011f\u00fct ve hat\u0131rlatmalarla doludur. Bu \u00f6\u011f\u00fct ve hat\u0131rlatmalar\u0131n bir k\u0131sm\u0131n\u0131 kitap boyunca Hz. Musa (as)&#8217;\u0131n do\u011fumundan itibaren inceledik. Bu dersleri bir kez daha \u00f6zet olarak d\u00fc\u015f\u00fcn\u00fcrsek, bir insan\u0131n ya\u015fam\u0131ndaki kaderin mutlak hakimiyeti ve inanan salih kullar i\u00e7in kaderin mutlak g\u00fczelli\u011fi ile kar\u015f\u0131la\u015f\u0131r\u0131z. Sonu\u00e7ta inananlara \u00f6rnek olarak kalan en \u00f6nemli hikmetlerden biri de Hz. Musa (as) ve Hz. Harun (as)&#8217;\u0131n imanlar\u0131 ve g\u00fczel ahlaklar\u0131d\u0131r. Her ikisi de kendilerine kitap verilen \u0130slam peygamberleridir. Hz. Musa (as)&#8217;\u0131n m\u00fccadelesi belki de binlerce y\u0131l \u00f6nce olmu\u015ftur. Fakat g\u00f6sterdi\u011fi davran\u0131\u015flar, s\u00f6yledi\u011fi s\u00f6zler bizim i\u00e7in hala g\u00fczel birer \u00f6rnektir. Allah onu Kendisi i\u00e7in se\u00e7mi\u015f, onunla konu\u015fmu\u015f, s\u00f6zlerini insanlara ula\u015ft\u0131rmas\u0131 i\u00e7in bir el\u00e7i olarak g\u00f6ndermi\u015ftir. <\/p>\n","protected":false},"excerpt":{"rendered":"<p>Kuran&#8217;da Hz Musa (as)&#8217;dan bir\u00e7ok yerde \u00e7ok yo\u011fun bir \u015fekilde s\u00f6z edilmi\u015ftir. Bu y\u00fczden Hz. Musa (as)&#8217;\u0131n hayat\u0131 inananlar i\u00e7in \u00e7ok g\u00fczel \u00f6\u011f\u00fct ve hat\u0131rlatmalarla doludur.<span class=\"excerpt-hellip\"> [\u2026]<\/span><\/p>\n","protected":false},"featured_media":0,"template":"","meta":{"_monsterinsights_skip_tracking":false,"_monsterinsights_sitenote_active":false,"_monsterinsights_sitenote_note":"","_monsterinsights_sitenote_category":0},"product_brand":[],"product_cat":[12364],"product_tag":[],"class_list":{"0":"post-767056","1":"product","2":"type-product","3":"status-publish","5":"product_cat-genel-konular","6":"pa_cilt-ciltsiz","7":"pa_tur-kitap","8":"pa_yayinevi-kalem-lugat-yayincilik","9":"pa_yazar-zubeyt-bozkurt","11":"first","12":"instock","13":"sale","14":"shipping-taxable","15":"purchasable","16":"product-type-simple"},"_links":{"self":[{"href":"https:\/\/roveyayinevi.com.tr\/index.php\/wp-json\/wp\/v2\/product\/767056","targetHints":{"allow":["GET"]}}],"collection":[{"href":"https:\/\/roveyayinevi.com.tr\/index.php\/wp-json\/wp\/v2\/product"}],"about":[{"href":"https:\/\/roveyayinevi.com.tr\/index.php\/wp-json\/wp\/v2\/types\/product"}],"wp:attachment":[{"href":"https:\/\/roveyayinevi.com.tr\/index.php\/wp-json\/wp\/v2\/media?parent=767056"}],"wp:term":[{"taxonomy":"product_brand","embeddable":true,"href":"https:\/\/roveyayinevi.com.tr\/index.php\/wp-json\/wp\/v2\/product_brand?post=767056"},{"taxonomy":"product_cat","embeddable":true,"href":"https:\/\/roveyayinevi.com.tr\/index.php\/wp-json\/wp\/v2\/product_cat?post=767056"},{"taxonomy":"product_tag","embeddable":true,"href":"https:\/\/roveyayinevi.com.tr\/index.php\/wp-json\/wp\/v2\/product_tag?post=767056"}],"curies":[{"name":"wp","href":"https:\/\/api.w.org\/{rel}","templated":true}]}}