{"id":767055,"date":"2025-08-28T12:35:56","date_gmt":"2025-08-28T09:35:56","guid":{"rendered":"https:\/\/roveyayinevi.com.tr\/index.php\/urun\/insanligin-insasi\/"},"modified":"2026-04-15T03:32:45","modified_gmt":"2026-04-15T00:32:45","slug":"insanligin-insasi","status":"publish","type":"product","link":"https:\/\/roveyayinevi.com.tr\/index.php\/urun\/insanligin-insasi\/","title":{"rendered":"\u0130nsanl\u0131\u011f\u0131n \u0130n\u015fas\u0131"},"content":{"rendered":"<p>\u0130slami \u015fahsiyetin in\u015f\u00e2s\u0131 konusunu neden se\u00e7ti\u011fimi\/neden b\u00f6yle bir konu \u00fczerinde yo\u011funla\u015ft\u0131\u011f\u0131m\u0131 izah etmek istersem; biliyorsunuz ki ya\u015fad\u0131\u011f\u0131m\u0131z co\u011frafyada farkl\u0131 yol\/menhec ve y\u00f6ntemlerle\/metodlarla \u0130slami m\u00fccadeleler\/\u00e7al\u0131\u015fmalar yap\u0131lmaktad\u0131r. Uygulad\u0131klar\u0131 yola, y\u00f6nteme\/metoda, bakt\u0131klar\u0131 kaynaklar\u0131na ve vahye bak\u0131\u015f a\u00e7\u0131lar\u0131na\/okumalar\u0131na ba\u011fl\u0131 olarak da farkl\u0131 islami \u015fahsiyet modelleri ortaya \u00e7\u0131kmaktad\u0131r. Bu da bende bu \u0130slami \u015fahsiyet modellerini sorgulama ve bu \u015fahsiyetler ger\u00e7ekten de ad\u0131yla belirtildi\u011fi \u00fczere \u0130slami mi ya da \u015fahsiyet kelimesiyle tarif edildi\u011fi gibi \u015fahsiyetli ki\u015filer mi?  Ya da bu \u015fahsiyetler do\u011fru kaynaktan do\u011fru y\u00f6ntem ile do\u011fru beslenerek mi olu\u015ftu? Sonra bir \u0130slam \u015fahsiyet ve \u0130slami m\u00fccadele y\u00f6ntemi nas\u0131l olmal\u0131 aray\u0131\u015flar\u0131na girdim. Aray\u0131\u015flar\u0131m beni bir\u00e7ok sonu\u00e7la\/ger\u00e7ekle kar\u015f\u0131 kar\u015f\u0131ya getirdi. Kendisini do\u011fru kabul eden ve di\u011ferlerini dalaletle veya k\u00fcf\u00fcrle itham eden cemaatler\/gruplar ile tan\u0131\u015ft\u0131m. Allah Resul\u00fcn\u00fcn yolunu izledi\u011fini s\u00f6yleyen bir\u00e7ok \u00e7al\u0131\u015fma ama hepsi de birbirinden farkl\u0131yd\u0131. Sonu\u00e7ta, g\u00f6r\u00fcn\u00fc\u015fte farkl\u0131, akidede\/d\u00fc\u015f\u00fcncede farkl\u0131, eylemde farkl\u0131 ve m\u00fccadelede farkl\u0131 \u0130slam \u015fahsiyet modelleri ortaya \u00e7\u0131k\u0131yordu. <\/p>\n","protected":false},"excerpt":{"rendered":"<p>\u0130slami \u015fahsiyetin in\u015f\u00e2s\u0131 konusunu neden se\u00e7ti\u011fimi\/neden b\u00f6yle bir konu \u00fczerinde yo\u011funla\u015ft\u0131\u011f\u0131m\u0131 izah etmek istersem; biliyorsunuz ki ya\u015fad\u0131\u011f\u0131m\u0131z co\u011frafyada farkl\u0131 yol\/menhec ve y\u00f6ntemlerle\/metodlarla \u0130slami m\u00fccadeleler\/\u00e7al\u0131\u015fmalar yap\u0131lmaktad\u0131r. Uygulad\u0131klar\u0131<span class=\"excerpt-hellip\"> [\u2026]<\/span><\/p>\n","protected":false},"featured_media":0,"template":"","meta":{"_monsterinsights_skip_tracking":false,"_monsterinsights_sitenote_active":false,"_monsterinsights_sitenote_note":"","_monsterinsights_sitenote_category":0},"product_brand":[],"product_cat":[12291,12711],"product_tag":[],"class_list":{"0":"post-767055","1":"product","2":"type-product","3":"status-publish","5":"product_cat-edebiyat","6":"product_cat-roman-oyku","7":"pa_cilt-ciltsiz","8":"pa_tur-kitap","9":"pa_yayinevi-kalem-lugat-yayincilik","10":"pa_yazar-zubeyt-bozkurt","12":"first","13":"instock","14":"sale","15":"shipping-taxable","16":"purchasable","17":"product-type-simple"},"_links":{"self":[{"href":"https:\/\/roveyayinevi.com.tr\/index.php\/wp-json\/wp\/v2\/product\/767055","targetHints":{"allow":["GET"]}}],"collection":[{"href":"https:\/\/roveyayinevi.com.tr\/index.php\/wp-json\/wp\/v2\/product"}],"about":[{"href":"https:\/\/roveyayinevi.com.tr\/index.php\/wp-json\/wp\/v2\/types\/product"}],"wp:attachment":[{"href":"https:\/\/roveyayinevi.com.tr\/index.php\/wp-json\/wp\/v2\/media?parent=767055"}],"wp:term":[{"taxonomy":"product_brand","embeddable":true,"href":"https:\/\/roveyayinevi.com.tr\/index.php\/wp-json\/wp\/v2\/product_brand?post=767055"},{"taxonomy":"product_cat","embeddable":true,"href":"https:\/\/roveyayinevi.com.tr\/index.php\/wp-json\/wp\/v2\/product_cat?post=767055"},{"taxonomy":"product_tag","embeddable":true,"href":"https:\/\/roveyayinevi.com.tr\/index.php\/wp-json\/wp\/v2\/product_tag?post=767055"}],"curies":[{"name":"wp","href":"https:\/\/api.w.org\/{rel}","templated":true}]}}