{"id":767054,"date":"2025-08-28T12:35:55","date_gmt":"2025-08-28T09:35:55","guid":{"rendered":"https:\/\/roveyayinevi.com.tr\/index.php\/urun\/beyin-2\/"},"modified":"2026-04-15T03:32:45","modified_gmt":"2026-04-15T00:32:45","slug":"beyin-2","status":"publish","type":"product","link":"https:\/\/roveyayinevi.com.tr\/index.php\/urun\/beyin-2\/","title":{"rendered":"Beyin"},"content":{"rendered":"<p>Vu\u0308cudumuzun harek\u00e2t merkezi olan beynimiz \u201csinirbilim\u201d alan\u0131ndaki uzmanlar taraf\u0131ndan h\u00e2l\u00e2 en ince detay\u0131na kadar inceleniyor. Bizi etraf\u0131m\u0131zdan farkl\u0131 k\u0131lan bu organ\u0131m\u0131z o kadar \u00f6nemli ki, baz\u0131 ara\u015ft\u0131rmac\u0131lar \u00f6nu\u0308mu\u0308zdeki y\u0131llar\u0131n Beyin Yu\u0308zy\u0131l\u0131 ve Beyin Biny\u0131l\u0131 olarak an\u0131laca\u011f\u0131n\u0131 iddia ediyor. Her gu\u0308n bir ba\u015fka \u00f6zelli\u011fini \u00f6\u011frendi\u011fimiz beynimiz vu\u0308cudumuzdaki bir s\u0131r, bilmece.   Peki, beynimizin yap\u0131s\u0131 nedir ve harek\u00e2t merkezimiz nas\u0131l \u00e7al\u0131\u015f\u0131yor? Bu konu uzun y\u0131llard\u0131r her u\u0308lkede, bilimsel ku\u0308rsu\u0308lerce ara\u015ft\u0131r\u0131l\u0131yor. Her ge\u00e7en gu\u0308n ortaya daha da etkileyici bilgiler \u00e7\u0131k\u0131yor. Esas\u0131nda \u00f6z Tu\u0308rk\u00e7e bir kelime olan beyin, bilim du\u0308nyas\u0131n\u0131n g\u00f6z bebe\u011fi.   Beyin: Harikalar Diyar\u0131, \u0130smet K\u0131rp\u0131nar\u2019\u0131n beyne dair k\u0131rk y\u0131ll\u0131k \u00e7al\u0131\u015fmalar\u0131n\u0131n, okumalar\u0131n\u0131n u\u0308ru\u0308nu\u0308. Beynin anatomisi, fonksiyonlar\u0131, fizyolojisi u\u0308zerine \u00f6nemli bilgiler veren eser, beyinle ilgili her \u015feyi bilmek isteyen merakl\u0131 okurlar i\u00e7in kaleme al\u0131nd\u0131. <\/p>\n","protected":false},"excerpt":{"rendered":"<p>Vu\u0308cudumuzun harek\u00e2t merkezi olan beynimiz \u201csinirbilim\u201d alan\u0131ndaki uzmanlar taraf\u0131ndan h\u00e2l\u00e2 en ince detay\u0131na kadar inceleniyor. Bizi etraf\u0131m\u0131zdan farkl\u0131 k\u0131lan bu organ\u0131m\u0131z o kadar \u00f6nemli ki, baz\u0131<span class=\"excerpt-hellip\"> [\u2026]<\/span><\/p>\n","protected":false},"featured_media":0,"template":"","meta":{"_monsterinsights_skip_tracking":false,"_monsterinsights_sitenote_active":false,"_monsterinsights_sitenote_note":"","_monsterinsights_sitenote_category":0},"product_brand":[],"product_cat":[12357],"product_tag":[],"class_list":{"0":"post-767054","1":"product","2":"type-product","3":"status-publish","5":"product_cat-psikoloji","6":"pa_cilt-ciltsiz","7":"pa_tur-kitap","8":"pa_yayinevi-tk-yayinlari","9":"pa_yazar-ismet-kirpinar","11":"first","12":"instock","13":"sale","14":"shipping-taxable","15":"purchasable","16":"product-type-simple"},"_links":{"self":[{"href":"https:\/\/roveyayinevi.com.tr\/index.php\/wp-json\/wp\/v2\/product\/767054","targetHints":{"allow":["GET"]}}],"collection":[{"href":"https:\/\/roveyayinevi.com.tr\/index.php\/wp-json\/wp\/v2\/product"}],"about":[{"href":"https:\/\/roveyayinevi.com.tr\/index.php\/wp-json\/wp\/v2\/types\/product"}],"wp:attachment":[{"href":"https:\/\/roveyayinevi.com.tr\/index.php\/wp-json\/wp\/v2\/media?parent=767054"}],"wp:term":[{"taxonomy":"product_brand","embeddable":true,"href":"https:\/\/roveyayinevi.com.tr\/index.php\/wp-json\/wp\/v2\/product_brand?post=767054"},{"taxonomy":"product_cat","embeddable":true,"href":"https:\/\/roveyayinevi.com.tr\/index.php\/wp-json\/wp\/v2\/product_cat?post=767054"},{"taxonomy":"product_tag","embeddable":true,"href":"https:\/\/roveyayinevi.com.tr\/index.php\/wp-json\/wp\/v2\/product_tag?post=767054"}],"curies":[{"name":"wp","href":"https:\/\/api.w.org\/{rel}","templated":true}]}}