{"id":767053,"date":"2025-08-28T12:35:53","date_gmt":"2025-08-28T09:35:53","guid":{"rendered":"https:\/\/roveyayinevi.com.tr\/index.php\/urun\/avni-1-ne-oldugu-bilinmeyen-hayvan\/"},"modified":"2026-04-15T03:32:45","modified_gmt":"2026-04-15T00:32:45","slug":"avni-1-ne-oldugu-bilinmeyen-hayvan","status":"publish","type":"product","link":"https:\/\/roveyayinevi.com.tr\/index.php\/urun\/avni-1-ne-oldugu-bilinmeyen-hayvan\/","title":{"rendered":"Avni 1 &#8211; Ne Oldu\u011fu Bilinmeyen Hayvan"},"content":{"rendered":"<p>Avni \u00e7ok tatl\u0131, k\u00fc\u00e7\u00fck bir \u00e7ocuk. Yeni okulunda arkada\u015flar\u0131n\u0131n merakl\u0131 bak\u0131\u015flar\u0131yla kar\u015f\u0131la\u015f\u0131yor. \u0130\u015fin asl\u0131, o arkada\u015flar\u0131n\u0131n hi\u00e7birine benzemiyor: O ne bir ay\u0131, ne bir y\u0131lan, ne de bir bal\u0131k&#8230; Bu yetmezmi\u015f gibi bir de ola\u011fan\u00fcst\u00fc ve \u015fa\u015f\u0131rt\u0131c\u0131 g\u00fc\u00e7lere sahip&#8230; \u0130\u015fte t\u00fcm bu sebeplerden dolay\u0131 o \u2018ne oldu\u011fu bilinmeyen bir hayvan\u2019!<\/p>\n","protected":false},"excerpt":{"rendered":"<p>Avni \u00e7ok tatl\u0131, k\u00fc\u00e7\u00fck bir \u00e7ocuk. Yeni okulunda arkada\u015flar\u0131n\u0131n merakl\u0131 bak\u0131\u015flar\u0131yla kar\u015f\u0131la\u015f\u0131yor. \u0130\u015fin asl\u0131, o arkada\u015flar\u0131n\u0131n hi\u00e7birine benzemiyor: O ne bir ay\u0131, ne bir y\u0131lan, ne<span class=\"excerpt-hellip\"> [\u2026]<\/span><\/p>\n","protected":false},"featured_media":0,"template":"","meta":{"_monsterinsights_skip_tracking":false,"_monsterinsights_sitenote_active":false,"_monsterinsights_sitenote_note":"","_monsterinsights_sitenote_category":0},"product_brand":[],"product_cat":[12274,12284],"product_tag":[],"class_list":{"0":"post-767053","1":"product","2":"type-product","3":"status-publish","5":"product_cat-cocuk-ve-genclik-kitaplari","6":"product_cat-hikayeler","7":"pa_cilt-ciltsiz","8":"pa_tur-kitap","9":"pa_yayinevi-buyulu-fener-yayinlari","10":"pa_yazar-romain-pujol-vincent-caut","12":"first","13":"instock","14":"sale","15":"shipping-taxable","16":"purchasable","17":"product-type-simple"},"_links":{"self":[{"href":"https:\/\/roveyayinevi.com.tr\/index.php\/wp-json\/wp\/v2\/product\/767053","targetHints":{"allow":["GET"]}}],"collection":[{"href":"https:\/\/roveyayinevi.com.tr\/index.php\/wp-json\/wp\/v2\/product"}],"about":[{"href":"https:\/\/roveyayinevi.com.tr\/index.php\/wp-json\/wp\/v2\/types\/product"}],"wp:attachment":[{"href":"https:\/\/roveyayinevi.com.tr\/index.php\/wp-json\/wp\/v2\/media?parent=767053"}],"wp:term":[{"taxonomy":"product_brand","embeddable":true,"href":"https:\/\/roveyayinevi.com.tr\/index.php\/wp-json\/wp\/v2\/product_brand?post=767053"},{"taxonomy":"product_cat","embeddable":true,"href":"https:\/\/roveyayinevi.com.tr\/index.php\/wp-json\/wp\/v2\/product_cat?post=767053"},{"taxonomy":"product_tag","embeddable":true,"href":"https:\/\/roveyayinevi.com.tr\/index.php\/wp-json\/wp\/v2\/product_tag?post=767053"}],"curies":[{"name":"wp","href":"https:\/\/api.w.org\/{rel}","templated":true}]}}