{"id":767052,"date":"2025-08-28T12:35:51","date_gmt":"2025-08-28T09:35:51","guid":{"rendered":"https:\/\/roveyayinevi.com.tr\/index.php\/urun\/ben-bazen\/"},"modified":"2026-04-15T03:32:45","modified_gmt":"2026-04-15T00:32:45","slug":"ben-bazen","status":"publish","type":"product","link":"https:\/\/roveyayinevi.com.tr\/index.php\/urun\/ben-bazen\/","title":{"rendered":"Ben Bazen"},"content":{"rendered":"<p>\u201c\u00c7ok merak ediyorum. Acaba b\u00fct\u00fcn \u00e7ocuklar\u0131n s\u00fcrekli yapt\u0131klar\u0131 \u015feyleri, bazen yapmak istemedi\u011fi zamanlar oluyor mu? Benim oluyor mesela.\u201d   \u0130\u015fte, b\u00f6yle ba\u015fl\u0131yor hik\u00e2ye\u2026 \u201cBazen\u201d  \u00e7ok keyifle yapt\u0131\u011f\u0131m\u0131z davran\u0131\u015flar\u0131 hi\u00e7 yapmak gelmez i\u00e7imizden. \u201cBazen\u201d her g\u00fcn ko\u015farak gitti\u011fimiz okulumuza gitmek istemeyiz, \u201cBazen\u201d en sevdi\u011fimiz yemekleri yemek\u2026 \u201cBazen\u201d ise parktan eve gelince elimizi y\u0131kamak bile \u00e7ok zor gelir. Bazen ne\u015feyle ge\u00e7er zaman, sorumluluklar mecburiyet de\u011fil, kolayl\u0131k olur. \u201cBazen\u201d \u00f6ylece durmak isteriz, i\u00e7imizi bir \u201csu\u00e7luluk\u201d kaplar. Peki, hangisi do\u011fru? \u0130\u015fte, cevab\u0131n kap\u0131s\u0131n\u0131 bu kitap aral\u0131yor; ama bulmak SEN\u0130N EL\u0130NDE!<\/p>\n","protected":false},"excerpt":{"rendered":"<p>\u201c\u00c7ok merak ediyorum. Acaba b\u00fct\u00fcn \u00e7ocuklar\u0131n s\u00fcrekli yapt\u0131klar\u0131 \u015feyleri, bazen yapmak istemedi\u011fi zamanlar oluyor mu? Benim oluyor mesela.\u201d \u0130\u015fte, b\u00f6yle ba\u015fl\u0131yor hik\u00e2ye\u2026 \u201cBazen\u201d \u00e7ok keyifle yapt\u0131\u011f\u0131m\u0131z<span class=\"excerpt-hellip\"> [\u2026]<\/span><\/p>\n","protected":false},"featured_media":0,"template":"","meta":{"_monsterinsights_skip_tracking":false,"_monsterinsights_sitenote_active":false,"_monsterinsights_sitenote_note":"","_monsterinsights_sitenote_category":0},"product_brand":[],"product_cat":[12274,12284],"product_tag":[],"class_list":{"0":"post-767052","1":"product","2":"type-product","3":"status-publish","5":"product_cat-cocuk-ve-genclik-kitaplari","6":"product_cat-hikayeler","7":"pa_cilt-ciltsiz","8":"pa_tur-kitap","9":"pa_yayinevi-luna-cocuk-yayinlari","10":"pa_yazar-hatice-sunduvac","12":"first","13":"instock","14":"sale","15":"shipping-taxable","16":"purchasable","17":"product-type-simple"},"_links":{"self":[{"href":"https:\/\/roveyayinevi.com.tr\/index.php\/wp-json\/wp\/v2\/product\/767052","targetHints":{"allow":["GET"]}}],"collection":[{"href":"https:\/\/roveyayinevi.com.tr\/index.php\/wp-json\/wp\/v2\/product"}],"about":[{"href":"https:\/\/roveyayinevi.com.tr\/index.php\/wp-json\/wp\/v2\/types\/product"}],"wp:attachment":[{"href":"https:\/\/roveyayinevi.com.tr\/index.php\/wp-json\/wp\/v2\/media?parent=767052"}],"wp:term":[{"taxonomy":"product_brand","embeddable":true,"href":"https:\/\/roveyayinevi.com.tr\/index.php\/wp-json\/wp\/v2\/product_brand?post=767052"},{"taxonomy":"product_cat","embeddable":true,"href":"https:\/\/roveyayinevi.com.tr\/index.php\/wp-json\/wp\/v2\/product_cat?post=767052"},{"taxonomy":"product_tag","embeddable":true,"href":"https:\/\/roveyayinevi.com.tr\/index.php\/wp-json\/wp\/v2\/product_tag?post=767052"}],"curies":[{"name":"wp","href":"https:\/\/api.w.org\/{rel}","templated":true}]}}