{"id":767051,"date":"2025-08-28T12:35:50","date_gmt":"2025-08-28T09:35:50","guid":{"rendered":"https:\/\/roveyayinevi.com.tr\/index.php\/urun\/namaz-ve-oruc-vakitlerini-tespit-yontemleri-hakkinda-bir-degerlendirme\/"},"modified":"2026-04-15T03:32:45","modified_gmt":"2026-04-15T00:32:45","slug":"namaz-ve-oruc-vakitlerini-tespit-yontemleri-hakkinda-bir-degerlendirme","status":"publish","type":"product","link":"https:\/\/roveyayinevi.com.tr\/index.php\/urun\/namaz-ve-oruc-vakitlerini-tespit-yontemleri-hakkinda-bir-degerlendirme\/","title":{"rendered":"Namaz ve Oru\u00e7 Vakitlerini Tespit Y\u00f6ntemleri Hakk\u0131nda Bir De\u011ferlendirme"},"content":{"rendered":"<p>D\u00fcnyadaki m\u00fcsl\u00fcman \u00fclkeler aras\u0131nda namaz ve orucun vaktinin ba\u015flang\u0131\u00e7 ve biti\u015f vakti hakk\u0131nda g\u00f6r\u00fc\u015f birli\u011fi olmad\u0131\u011f\u0131 gibi T\u00fcrkiye\u2019de de takvim yay\u0131nlayan resm\u00ee kurum ve sivil toplum kurulu\u015flar\u0131 aras\u0131nda g\u00f6r\u00fc\u015f birli\u011fi olu\u015fmam\u0131\u015ft\u0131r. D\u00fcnyan\u0131n k\u00fcrevi \u015feklinden dolay\u0131 hil\u00e2l\u0131n do\u011fup bat\u0131\u015f\u0131nda farkl\u0131l\u0131klar oldu\u011fundan Ramazan hilalinin tespitinde ay\u0131n do\u011fu\u015funun bizzat g\u00f6r\u00fcl\u00fcp g\u00f6r\u00fclmemesi veya g\u00f6r\u00fclme ihtimalinin itibara al\u0131n\u0131p al\u0131nmamas\u0131na g\u00f6re h\u00fck\u00fcmler de\u011fi\u015fmektedir. Namazlar\u0131n vaktinin ba\u015flang\u0131\u00e7 ve biti\u015f an\u0131 ile g\u00fcn i\u00e7inde ims\u00e2k vaktinin farkl\u0131 olmas\u0131na bak\u0131ld\u0131\u011f\u0131nda g\u00fcne\u015fin do\u011fu\u015f ve bat\u0131\u015f an\u0131n\u0131 bildiren hadisler ve \u00e2yetlerdeki ifadelerin farkl\u0131 anla\u015f\u0131lmas\u0131ndan kaynakland\u0131\u011f\u0131 s\u00f6ylenebilir. Ayr\u0131ca bu farkl\u0131l\u0131k, \u015fafak ve fecrin tespitinde \u00e7\u0131plak g\u00f6z, CCD kameralar ve astronomik hesaplarla tespit edilen vakitlerin farkl\u0131 olmas\u0131 ve bu farkl\u0131l\u0131klardan her birini farkl\u0131 takvim yap\u0131c\u0131lar\u0131n dikkate almas\u0131ndan kaynakl\u0131 oldu\u011fu s\u00f6ylenebilir. Bunun yan\u0131nda ibadetlerde vakti g\u00f6zlemlemesi gereken m\u00fckelleflerin bizzat kendisi oldu\u011funu dikkate al\u0131p, yery\u00fcz\u00fcn\u00fcn her yeri d\u00fcz olmad\u0131\u011f\u0131ndan k\u00fcrevi \u015feklinin d\u0131\u015f\u0131nda da\u011flar ve ovalar gibi etkenleri itibara alanlar\u0131n g\u00f6r\u00fc\u015fleri de vard\u0131r. Bu g\u00f6r\u00fc\u015fte olanlar, yery\u00fcz\u00fcn\u00fcn irtif\u00e2 durumunun itibara al\u0131nmas\u0131n\u0131 zorunlu bir durum olarak g\u00f6r\u00fcrler. Bu \u00e7al\u0131\u015fma, namaz ve oru\u00e7 vakitlerini tespit y\u00f6ntemleri hakk\u0131nda olup, bu g\u00f6r\u00fc\u015flerden hangisinin daha do\u011fru olabilece\u011fi hakk\u0131nda bir ara\u015ft\u0131rmad\u0131r. Do\u011frusunu en iyi Allah Te\u00e2l\u00e2 bilir. \u00c7al\u0131\u015fmak bizden tevf\u00eek Allah Te\u00e2l\u00e2\u2019dand\u0131r. <\/p>\n","protected":false},"excerpt":{"rendered":"<p>D\u00fcnyadaki m\u00fcsl\u00fcman \u00fclkeler aras\u0131nda namaz ve orucun vaktinin ba\u015flang\u0131\u00e7 ve biti\u015f vakti hakk\u0131nda g\u00f6r\u00fc\u015f birli\u011fi olmad\u0131\u011f\u0131 gibi T\u00fcrkiye\u2019de de takvim yay\u0131nlayan resm\u00ee kurum ve sivil toplum<span class=\"excerpt-hellip\"> [\u2026]<\/span><\/p>\n","protected":false},"featured_media":0,"template":"","meta":{"_monsterinsights_skip_tracking":false,"_monsterinsights_sitenote_active":false,"_monsterinsights_sitenote_note":"","_monsterinsights_sitenote_category":0},"product_brand":[],"product_cat":[13036,12718,12719],"product_tag":[],"class_list":{"0":"post-767051","1":"product","2":"type-product","3":"status-publish","5":"product_cat-arastirma-inceleme-islam","6":"product_cat-din","7":"product_cat-islam","8":"pa_cilt-ciltsiz","9":"pa_tur-kitap","10":"pa_yayinevi-soncag-akademik-kitaplar","11":"pa_yazar-yunus-yalcin","13":"first","14":"instock","15":"sale","16":"shipping-taxable","17":"purchasable","18":"product-type-simple"},"_links":{"self":[{"href":"https:\/\/roveyayinevi.com.tr\/index.php\/wp-json\/wp\/v2\/product\/767051","targetHints":{"allow":["GET"]}}],"collection":[{"href":"https:\/\/roveyayinevi.com.tr\/index.php\/wp-json\/wp\/v2\/product"}],"about":[{"href":"https:\/\/roveyayinevi.com.tr\/index.php\/wp-json\/wp\/v2\/types\/product"}],"wp:attachment":[{"href":"https:\/\/roveyayinevi.com.tr\/index.php\/wp-json\/wp\/v2\/media?parent=767051"}],"wp:term":[{"taxonomy":"product_brand","embeddable":true,"href":"https:\/\/roveyayinevi.com.tr\/index.php\/wp-json\/wp\/v2\/product_brand?post=767051"},{"taxonomy":"product_cat","embeddable":true,"href":"https:\/\/roveyayinevi.com.tr\/index.php\/wp-json\/wp\/v2\/product_cat?post=767051"},{"taxonomy":"product_tag","embeddable":true,"href":"https:\/\/roveyayinevi.com.tr\/index.php\/wp-json\/wp\/v2\/product_tag?post=767051"}],"curies":[{"name":"wp","href":"https:\/\/api.w.org\/{rel}","templated":true}]}}