{"id":767042,"date":"2025-08-28T12:35:38","date_gmt":"2025-08-28T09:35:38","guid":{"rendered":"https:\/\/roveyayinevi.com.tr\/index.php\/urun\/seytanin-pabucu\/"},"modified":"2026-04-15T03:32:45","modified_gmt":"2026-04-15T00:32:45","slug":"seytanin-pabucu","status":"publish","type":"product","link":"https:\/\/roveyayinevi.com.tr\/index.php\/urun\/seytanin-pabucu\/","title":{"rendered":"\u015eeytan\u0131n Pabucu"},"content":{"rendered":"<p>\u0130blis: Beni \u00e7ok s\u0131k\u0131\u015ft\u0131r\u0131yorsun dikkat et!Aynal\u0131 Baba: (Israrc\u0131, \u00fczerine giderek) S\u00f6yle, niye delikanl\u0131 gibi, adam gibi \u201cey Rabbim bu \u00c2dem\u2019in ilmini k\u0131skand\u0131m da o y\u00fczden secde etmedim\u201d demedin? \u0130blis: \u00c7ocuklar\u0131n yan\u0131nda ay\u0131p oluyor ama.Aynal\u0131 BAba: Sen ay\u0131b\u0131 ne bilirsin be. Rabbimizin yan\u0131nda ay\u0131p olmuyor da burada m\u0131 ay\u0131p oluyor? Hem merak etme \u00e7ocuklar\u0131n beni g\u00f6rm\u00fcyor. \u0130blis: Neee? Nas\u0131l beee? Bunu ancak bizim gibi\u2026Aynal\u0131 Baba: Bu konuyu fazla kar\u0131\u015ft\u0131rma. Kendini zorlama, anlamazs\u0131n.\u0130blis: Olamaz, olamaz\u2026 Aman tanr\u0131m. Ey y\u00fcce \u015feytanl\u0131k, bu ne k\u00f6t\u00fc bir g\u00fcn\u2026Aynal\u0131 Baba: Soruma cevap ver; yoksa okurum iblis yakan ayeti.\u0130blis: Tamam tamam. Sen de nereden \u00e7\u0131kt\u0131n kar\u015f\u0131ma? Bu g\u00fcn ne kadar da u\u011fursuz bir g\u00fcnm\u00fc\u015f?<\/p>\n","protected":false},"excerpt":{"rendered":"<p>\u0130blis: Beni \u00e7ok s\u0131k\u0131\u015ft\u0131r\u0131yorsun dikkat et!Aynal\u0131 Baba: (Israrc\u0131, \u00fczerine giderek) S\u00f6yle, niye delikanl\u0131 gibi, adam gibi \u201cey Rabbim bu \u00c2dem\u2019in ilmini k\u0131skand\u0131m da o y\u00fczden secde<span class=\"excerpt-hellip\"> [\u2026]<\/span><\/p>\n","protected":false},"featured_media":0,"template":"","meta":{"_monsterinsights_skip_tracking":false,"_monsterinsights_sitenote_active":false,"_monsterinsights_sitenote_note":"","_monsterinsights_sitenote_category":0},"product_brand":[],"product_cat":[12409,12408],"product_tag":[],"class_list":{"0":"post-767042","1":"product","2":"type-product","3":"status-publish","5":"product_cat-fotograf-sinema-tiyatro","6":"product_cat-sanat","7":"pa_cilt-ciltsiz","8":"pa_tur-kitap","9":"pa_yayinevi-akademik-kitaplar","10":"pa_yazar-mehmet-akpinar","12":"first","13":"instock","14":"sale","15":"shipping-taxable","16":"purchasable","17":"product-type-simple"},"_links":{"self":[{"href":"https:\/\/roveyayinevi.com.tr\/index.php\/wp-json\/wp\/v2\/product\/767042","targetHints":{"allow":["GET"]}}],"collection":[{"href":"https:\/\/roveyayinevi.com.tr\/index.php\/wp-json\/wp\/v2\/product"}],"about":[{"href":"https:\/\/roveyayinevi.com.tr\/index.php\/wp-json\/wp\/v2\/types\/product"}],"wp:attachment":[{"href":"https:\/\/roveyayinevi.com.tr\/index.php\/wp-json\/wp\/v2\/media?parent=767042"}],"wp:term":[{"taxonomy":"product_brand","embeddable":true,"href":"https:\/\/roveyayinevi.com.tr\/index.php\/wp-json\/wp\/v2\/product_brand?post=767042"},{"taxonomy":"product_cat","embeddable":true,"href":"https:\/\/roveyayinevi.com.tr\/index.php\/wp-json\/wp\/v2\/product_cat?post=767042"},{"taxonomy":"product_tag","embeddable":true,"href":"https:\/\/roveyayinevi.com.tr\/index.php\/wp-json\/wp\/v2\/product_tag?post=767042"}],"curies":[{"name":"wp","href":"https:\/\/api.w.org\/{rel}","templated":true}]}}