{"id":767041,"date":"2025-08-28T12:35:37","date_gmt":"2025-08-28T09:35:37","guid":{"rendered":"https:\/\/roveyayinevi.com.tr\/index.php\/urun\/siddetin-kokenleri\/"},"modified":"2026-04-15T03:32:45","modified_gmt":"2026-04-15T00:32:45","slug":"siddetin-kokenleri","status":"publish","type":"product","link":"https:\/\/roveyayinevi.com.tr\/index.php\/urun\/siddetin-kokenleri\/","title":{"rendered":"\u015eiddetin K\u00f6kenleri"},"content":{"rendered":"<p>\u0130nsanl\u0131k tarihi \u015fiddetin farkl\u0131 bi\u00e7imlerini olu\u015fturan i\u015fgaller, s\u00fcrg\u00fcnler, katliamlar, soyk\u0131r\u0131mlar, \u00e7at\u0131\u015fmalar ve sava\u015flarla doludur. Evrensel insan haklar\u0131 ve hukukun geli\u015fimine katk\u0131da bulunan bu kar\u015f\u0131la\u015fmalar ayn\u0131 zamanda \u015fiddetin k\u00f6kenlerini ve sonu\u00e7lar\u0131n\u0131 da \u00f6rneklendirir. \u0130nsanl\u0131\u011fa kar\u015f\u0131 i\u015flenen su\u00e7lar olarak \u00f6zetlenecek \u015fiddet bi\u00e7imleri ise \u00f6zellikle ma\u011fduriyet ya\u015fayan farkl\u0131 d\u00fcnya toplumlar\u0131nda telafisi zor derin izler b\u0131rakm\u0131\u015ft\u0131r. Ancak g\u00fcn\u00fcm\u00fczde, ya\u015fanan bu trajedilerin \u00e7o\u011funun yeni nesiller taraf\u0131ndan bilinmedi\u011fi veya soyk\u0131r\u0131m, katliam gibi kavramlar dile getirildi\u011finde sadece birka\u00e7 \u00f6rne\u011fin say\u0131labildi\u011fi izlenmektedir. Bu noktada ge\u00e7mi\u015fte ya\u015fanan bu \u00e7ok \u00e7e\u015fitli \u015fiddet olaylar\u0131na g\u00fcncel bir bak\u0131\u015f a\u00e7\u0131s\u0131 kazand\u0131rma, bu konuda fark\u0131ndal\u0131\u011f\u0131 artt\u0131rma ve ya\u015fanan ac\u0131lar\u0131n bir daha ya\u015fanamamas\u0131 amac\u0131yla bu kitap haz\u0131rlanm\u0131\u015ft\u0131r. Bu kitab\u0131 benzerlerinden ay\u0131ran en \u00f6nemli n\u00fcans bilimsel nitelikte kavramsal, tarihsel \u00e7er\u00e7evesinin \u00f6ncelikle sunulmas\u0131 ve  ard\u0131ndan tarihte ya\u015fanan bu \u015fiddet olaylar\u0131n\u0131n \u00e7ok farkl\u0131 y\u00f6nleri ve \u00f6rnekleriyle aktar\u0131lma \u00e7abas\u0131d\u0131r. Bu nedenle haz\u0131rl\u0131k s\u00fcrecinde, \u00e7al\u0131\u015fmaya bir ders kitab\u0131 niteli\u011fi kazand\u0131r\u0131lmaya \u00e7al\u0131\u015f\u0131lm\u0131\u015ft\u0131r. Ayn\u0131 zamanda, kolayl\u0131kla kavrayabilmesi i\u00e7in birbirinden de\u011ferli 27 akademisyen b\u00fcy\u00fck bir itina ile \u00f6zveri ve \u00e7aba g\u00f6stermi\u015ftir. Ya\u015fanan \u015fiddet olaylar\u0131n\u0131n bilimsel nitelikle tarafs\u0131z olarak sunulma tela\u015f\u0131 bu \u00e7al\u0131\u015fman\u0131n yine belirgin niteli\u011fidir.  En temel temennisi ise artan fark\u0131ndal\u0131kla \u015fiddetin par\u00e7as\u0131 olmaktan uzak ve her t\u00fcrl\u00fc \u015fiddet eylemine tolerans g\u00f6stermeyen anlay\u0131\u015flara katk\u0131da bulunmakt\u0131r.<\/p>\n","protected":false},"excerpt":{"rendered":"<p>\u0130nsanl\u0131k tarihi \u015fiddetin farkl\u0131 bi\u00e7imlerini olu\u015fturan i\u015fgaller, s\u00fcrg\u00fcnler, katliamlar, soyk\u0131r\u0131mlar, \u00e7at\u0131\u015fmalar ve sava\u015flarla doludur. Evrensel insan haklar\u0131 ve hukukun geli\u015fimine katk\u0131da bulunan bu kar\u015f\u0131la\u015fmalar ayn\u0131 zamanda<span class=\"excerpt-hellip\"> [\u2026]<\/span><\/p>\n","protected":false},"featured_media":0,"template":"","meta":{"_monsterinsights_skip_tracking":false,"_monsterinsights_sitenote_active":false,"_monsterinsights_sitenote_note":"","_monsterinsights_sitenote_category":0},"product_brand":[],"product_cat":[13488],"product_tag":[],"class_list":{"0":"post-767041","1":"product","2":"type-product","3":"status-publish","5":"product_cat-toplum-ve-insan","6":"pa_cilt-ciltsiz","7":"pa_tur-kitap","8":"pa_yayinevi-orion-kitabevi","9":"pa_yazar-kolektif","11":"first","12":"instock","13":"sale","14":"shipping-taxable","15":"purchasable","16":"product-type-simple"},"_links":{"self":[{"href":"https:\/\/roveyayinevi.com.tr\/index.php\/wp-json\/wp\/v2\/product\/767041","targetHints":{"allow":["GET"]}}],"collection":[{"href":"https:\/\/roveyayinevi.com.tr\/index.php\/wp-json\/wp\/v2\/product"}],"about":[{"href":"https:\/\/roveyayinevi.com.tr\/index.php\/wp-json\/wp\/v2\/types\/product"}],"wp:attachment":[{"href":"https:\/\/roveyayinevi.com.tr\/index.php\/wp-json\/wp\/v2\/media?parent=767041"}],"wp:term":[{"taxonomy":"product_brand","embeddable":true,"href":"https:\/\/roveyayinevi.com.tr\/index.php\/wp-json\/wp\/v2\/product_brand?post=767041"},{"taxonomy":"product_cat","embeddable":true,"href":"https:\/\/roveyayinevi.com.tr\/index.php\/wp-json\/wp\/v2\/product_cat?post=767041"},{"taxonomy":"product_tag","embeddable":true,"href":"https:\/\/roveyayinevi.com.tr\/index.php\/wp-json\/wp\/v2\/product_tag?post=767041"}],"curies":[{"name":"wp","href":"https:\/\/api.w.org\/{rel}","templated":true}]}}