{"id":767040,"date":"2025-08-28T12:35:36","date_gmt":"2025-08-28T09:35:36","guid":{"rendered":"https:\/\/roveyayinevi.com.tr\/index.php\/urun\/sokaktan-ekrana\/"},"modified":"2026-04-15T03:32:45","modified_gmt":"2026-04-15T00:32:45","slug":"sokaktan-ekrana","status":"publish","type":"product","link":"https:\/\/roveyayinevi.com.tr\/index.php\/urun\/sokaktan-ekrana\/","title":{"rendered":"Sokaktan Ekrana"},"content":{"rendered":"<p>\u0130nsan, do\u011fas\u0131 gere\u011fi toplumsal bir varl\u0131kt\u0131r. Oyun ise insan bireyinin toplumsalla\u015fmas\u0131n\u0131 ve toplumun devam\u0131n\u0131 sa\u011flayan en \u00f6nemli ara\u00e7lardan birisidir. Oyun, birey a\u00e7\u0131s\u0131ndan insan\u0131, hayat\u0131, toplumu, d\u00fcnyay\u0131, e\u015fyay\u0131, kurallar\u0131, davran\u0131\u015flar\u0131 tan\u0131mada, uygulama gerektirenlerin ilke ve bi\u00e7imlerini \u00f6\u011frenmede olduk\u00e7a \u00f6nemli i\u015flevler \u00fcstlenir. B\u00f6ylelikle bireyin toplumun \u00fcyesi haline geli\u015fine ciddi d\u00fczeyde etkide bulunur. Toplum a\u00e7\u0131s\u0131ndan ise d\u00fczene, uyum sa\u011flamaya, dayan\u0131\u015fmaya, i\u015f b\u00f6l\u00fcm\u00fcne, toplumsalla\u015fma \u00fczerinden yeni \u00fcyeler kazand\u0131rarak toplumun s\u00fcreklili\u011fine katk\u0131 sa\u011flar. Oyun t\u00fcm bunlar\u0131 \u00e7o\u011fu zaman oyuncak \u00fczerinden ger\u00e7ekle\u015ftirir. Oyunun nesnel bir boyut kazanmas\u0131nda ara\u00e7 g\u00f6revini yerine getiren oyuncak ile oyun aras\u0131nda kopmaz bir ba\u011f vard\u0131r. Bu sebeple, pek \u00e7ok oyunun \u015fekillenmesinde temel bir konumda bulunan oyunca\u011f\u0131n tarihi de insanl\u0131k tarihi kadar eskidir. Ancak ne var ki bilimsel ve teknolojik geli\u015fmeler pek \u00e7ok \u015feyi de\u011fi\u015ftirip d\u00f6n\u00fc\u015ft\u00fcrd\u00fc\u011f\u00fc gibi, oyun anlay\u0131\u015f\u0131n\u0131 ve oyuncaklar\u0131 da de\u011fi\u015ftirdi. \u00d6rne\u011fin, televizyon veya bilgisayar sadece yeni oyun ortam\u0131 ve yeni oyunlar sunmad\u0131, ayn\u0131 zamanda var olan oyunlar\u0131n bir\u00e7o\u011funun terkedilmesini ve unutulmas\u0131n\u0131 sa\u011flad\u0131. B\u00f6ylelikle bir\u00e7ok oyun ve oyuncak, bireysel hat\u0131ralar\u0131n veya toplumsal haf\u0131zan\u0131n \u00fccra k\u00f6\u015felerine \u00e7ekildi. Bireyler, televizyon ve bilgisayar kar\u015f\u0131s\u0131nda belki vakit ho\u015f\u00e7a ge\u00e7iriyorlar, ancak toplumsalla\u015fma ba\u015fta olmak \u00fczere, oyunun ve oyunca\u011f\u0131n insanl\u0131k tarihinde \u00fcstlendi\u011fi bir\u00e7ok i\u015flev b\u00fcy\u00fck oranda terk edilmi\u015f bulunuyor. Bireyler oyunun aktif birer \u00f6znesiyken, art\u0131k geleneksel veya dijital ileti\u015fim teknolojilerinin sundu\u011fu oyunlar kar\u015f\u0131s\u0131nda pasif birer nesneye d\u00f6n\u00fc\u015fm\u00fc\u015f durumdalar. <\/p>\n","protected":false},"excerpt":{"rendered":"<p>\u0130nsan, do\u011fas\u0131 gere\u011fi toplumsal bir varl\u0131kt\u0131r. Oyun ise insan bireyinin toplumsalla\u015fmas\u0131n\u0131 ve toplumun devam\u0131n\u0131 sa\u011flayan en \u00f6nemli ara\u00e7lardan birisidir. Oyun, birey a\u00e7\u0131s\u0131ndan insan\u0131, hayat\u0131, toplumu, d\u00fcnyay\u0131,<span class=\"excerpt-hellip\"> [\u2026]<\/span><\/p>\n","protected":false},"featured_media":0,"template":"","meta":{"_monsterinsights_skip_tracking":false,"_monsterinsights_sitenote_active":false,"_monsterinsights_sitenote_note":"","_monsterinsights_sitenote_category":0},"product_brand":[],"product_cat":[13488],"product_tag":[],"class_list":{"0":"post-767040","1":"product","2":"type-product","3":"status-publish","5":"product_cat-toplum-ve-insan","6":"pa_cilt-ciltsiz","7":"pa_tur-kitap","8":"pa_yayinevi-orion-kitabevi","9":"pa_yazar-saniye-vatandas-celalettin-vatandas","11":"first","12":"instock","13":"sale","14":"shipping-taxable","15":"purchasable","16":"product-type-simple"},"_links":{"self":[{"href":"https:\/\/roveyayinevi.com.tr\/index.php\/wp-json\/wp\/v2\/product\/767040","targetHints":{"allow":["GET"]}}],"collection":[{"href":"https:\/\/roveyayinevi.com.tr\/index.php\/wp-json\/wp\/v2\/product"}],"about":[{"href":"https:\/\/roveyayinevi.com.tr\/index.php\/wp-json\/wp\/v2\/types\/product"}],"wp:attachment":[{"href":"https:\/\/roveyayinevi.com.tr\/index.php\/wp-json\/wp\/v2\/media?parent=767040"}],"wp:term":[{"taxonomy":"product_brand","embeddable":true,"href":"https:\/\/roveyayinevi.com.tr\/index.php\/wp-json\/wp\/v2\/product_brand?post=767040"},{"taxonomy":"product_cat","embeddable":true,"href":"https:\/\/roveyayinevi.com.tr\/index.php\/wp-json\/wp\/v2\/product_cat?post=767040"},{"taxonomy":"product_tag","embeddable":true,"href":"https:\/\/roveyayinevi.com.tr\/index.php\/wp-json\/wp\/v2\/product_tag?post=767040"}],"curies":[{"name":"wp","href":"https:\/\/api.w.org\/{rel}","templated":true}]}}