{"id":767039,"date":"2025-08-28T12:35:35","date_gmt":"2025-08-28T09:35:35","guid":{"rendered":"https:\/\/roveyayinevi.com.tr\/index.php\/urun\/orgutlerde-stratejik-yonetim\/"},"modified":"2026-04-15T03:32:45","modified_gmt":"2026-04-15T00:32:45","slug":"orgutlerde-stratejik-yonetim","status":"publish","type":"product","link":"https:\/\/roveyayinevi.com.tr\/index.php\/urun\/orgutlerde-stratejik-yonetim\/","title":{"rendered":"\u00d6rg\u00fctlerde Stratejik Y\u00f6netim"},"content":{"rendered":"<p>Kar ama\u00e7l\u0131 kurulu\u015f olunsun ya da kar ama\u00e7s\u0131z olunsun fark etmez; t\u00fcm \u00f6rg\u00fctler, kurulu\u015flar gelir ama\u00e7l\u0131d\u0131r. Dolay\u0131s\u0131yla da gelir ama\u00e7l\u0131 gider ve harcama yaparlar.Ayn\u0131 \u015fekilde, t\u00fcm \u00f6rg\u00fctlerin idealize ettikleri hedefleri, e\u015f deyimle de vizyonlar\u0131 vard\u0131r. Rakiplerine nazaran daha iyi yapt\u0131klar\u0131n\u0131 d\u00fc\u015f\u00fcnd\u00fckleri g\u00f6revleri, en deyimle de misyonlar\u0131 vard\u0131r.Bulunduklar\u0131 zamanda, konjonk\u00fcrde zay\u0131f y\u00f6nleri ve \u00fcst\u00fcnl\u00fckleri vard\u0131r. Verimli ve karl\u0131 olmayan faaliyetlerini b\u0131rak\u0131p, yeni karl\u0131 alanlar da yat\u0131r\u0131m yapmak isterler.E\u015f deyimle, k\u00fc\u00e7\u00fclmek ve b\u00fcy\u00fcmek isterler. Rekabet\u00e7i olmak i\u00e7in, etkin ve verimli olmak i\u00e7in ba\u015fka i\u015fletmelerle i\u015fbirli\u011fi yaparlar.Global, uluslararas\u0131, kurumsal, i\u015fsel ve i\u015flevsel strateji form\u00fcle ederler.B\u00fct\u00fcn bunlar Stratejik Y\u00f6netimi anlat\u0131r. Bu anlat\u0131lanlar\u0131n bilerek sistematik yap\u0131l\u0131\u015f\u0131na da Stratejik Y\u00f6netim denir. \u00d6rg\u00fctlerde Stratejik Y\u00f6netim ad\u0131n\u0131 verdi\u011fimiz bu kitap; vurgulad\u0131\u011f\u0131m\u0131z konular\u0131 yer yer etrafl\u0131ca, yer yer \u00f6zet olarak anlatmaktad\u0131r. Kar ama\u00e7l\u0131 ya da kar ama\u00e7s\u0131z t\u00fcm \u00f6rg\u00fctlere mesaj ve bilgi \u00fcretmektedir. Kamu y\u00f6netimi ve kamu kurumlar\u0131, yerel y\u00f6netimler, STK&#8217;lar ve i\u015fletmeler i\u00e7in izlenmesi gereken stratejik konular\u0131 uygulama \u00f6rnekleriyle payla\u015fmaktad\u0131r.<\/p>\n","protected":false},"excerpt":{"rendered":"<p>Kar ama\u00e7l\u0131 kurulu\u015f olunsun ya da kar ama\u00e7s\u0131z olunsun fark etmez; t\u00fcm \u00f6rg\u00fctler, kurulu\u015flar gelir ama\u00e7l\u0131d\u0131r. Dolay\u0131s\u0131yla da gelir ama\u00e7l\u0131 gider ve harcama yaparlar.Ayn\u0131 \u015fekilde, t\u00fcm<span class=\"excerpt-hellip\"> [\u2026]<\/span><\/p>\n","protected":false},"featured_media":0,"template":"","meta":{"_monsterinsights_skip_tracking":false,"_monsterinsights_sitenote_active":false,"_monsterinsights_sitenote_note":"","_monsterinsights_sitenote_category":0},"product_brand":[],"product_cat":[14841,13043],"product_tag":[],"class_list":{"0":"post-767039","1":"product","2":"type-product","3":"status-publish","5":"product_cat-arastirma-inceleme-kuram","6":"product_cat-ekonomi","7":"pa_cilt-ciltsiz","8":"pa_tur-kitap","9":"pa_yayinevi-orion-kitabevi","10":"pa_yazar-ali-akdemir","12":"first","13":"instock","14":"sale","15":"shipping-taxable","16":"purchasable","17":"product-type-simple"},"_links":{"self":[{"href":"https:\/\/roveyayinevi.com.tr\/index.php\/wp-json\/wp\/v2\/product\/767039","targetHints":{"allow":["GET"]}}],"collection":[{"href":"https:\/\/roveyayinevi.com.tr\/index.php\/wp-json\/wp\/v2\/product"}],"about":[{"href":"https:\/\/roveyayinevi.com.tr\/index.php\/wp-json\/wp\/v2\/types\/product"}],"wp:attachment":[{"href":"https:\/\/roveyayinevi.com.tr\/index.php\/wp-json\/wp\/v2\/media?parent=767039"}],"wp:term":[{"taxonomy":"product_brand","embeddable":true,"href":"https:\/\/roveyayinevi.com.tr\/index.php\/wp-json\/wp\/v2\/product_brand?post=767039"},{"taxonomy":"product_cat","embeddable":true,"href":"https:\/\/roveyayinevi.com.tr\/index.php\/wp-json\/wp\/v2\/product_cat?post=767039"},{"taxonomy":"product_tag","embeddable":true,"href":"https:\/\/roveyayinevi.com.tr\/index.php\/wp-json\/wp\/v2\/product_tag?post=767039"}],"curies":[{"name":"wp","href":"https:\/\/api.w.org\/{rel}","templated":true}]}}