{"id":767037,"date":"2025-08-28T12:35:32","date_gmt":"2025-08-28T09:35:32","guid":{"rendered":"https:\/\/roveyayinevi.com.tr\/index.php\/urun\/dunyada-orgut-ve-burokrasi-ulke-incelemeleri\/"},"modified":"2026-04-15T03:32:45","modified_gmt":"2026-04-15T00:32:45","slug":"dunyada-orgut-ve-burokrasi-ulke-incelemeleri","status":"publish","type":"product","link":"https:\/\/roveyayinevi.com.tr\/index.php\/urun\/dunyada-orgut-ve-burokrasi-ulke-incelemeleri\/","title":{"rendered":"D\u00fcnyada \u00d6rg\u00fct ve B\u00fcrokrasi (\u00fclke incelemeleri)"},"content":{"rendered":"<p>As\u0131rl\u0131k bir tarihi ge\u00e7mi\u015fe sahip olan b\u00fcrokrasi olgusu bug\u00fcn, uluslararas\u0131 platformda en fazla konu\u015fu- lan ve tart\u0131\u015f\u0131lan fenomen kavramlardan biri haline gelmi\u015ftir. Daha \u00e7ok devlet yap\u0131lanmas\u0131nda kullan\u0131lan b\u00fcrokrasi, temelde yaln\u0131zca devlet te\u015fkilatlanmas\u0131n\u0131 ifade eden bir yap\u0131lanma de\u011fildir. \u00d6zel ve sivil toplum kurulu\u015flar\u0131 da b\u00fcrokrasi modeli \u00e7er\u00e7evesinde in\u015fa edilmektedir. \u00c7\u00fcnk\u00fc b\u00fcrokrasi, bir \u00f6rg\u00fct\u00fcn yap\u0131s\u0131n\u0131 bu yap\u0131 i\u00e7erisindeki \u00e7al\u0131\u015fanlar\u0131n g\u00f6rev ve sorumluluklar\u0131n\u0131 belirten bir \u00f6rg\u00fct ve y\u00f6netim bi\u00e7imidir. B\u00f6yle bir y\u00f6netim modelini yaln\u0131zca devlet yap\u0131lanmas\u0131nda kullanmak do\u011fru bilinen bir yanl\u0131\u015ft\u0131r. Bu ba\u011flamda \u201cD\u00fcnyada \u00d6rg\u00fct ve B\u00fcrokrasi- \u00dclke \u0130ncelemeleri\u201d ba\u015fl\u0131kl\u0131 bu eser, bir \u00f6rg\u00fctlenme ve y\u00f6netim bi\u00e7imi olan b\u00fcrokrasi olgusunu ve \u00f6rg\u00fct ile ili\u015fkisini analiz etmektedir. B\u00fcrokrasi ile ilgili yanl\u0131\u015f bilinen eksiklikleri kapatmakta ve ilgili kavrama netlik kazand\u0131rmaktad\u0131r. \u0130ngiltere, Amerika Birle\u015fik Devletleri, Almanya, Fransa, Bel\u00e7ika, \u0130svi\u00e7re, Rusya, Polonya, \u00c7in, G\u00fcney Afrika, Suudi Arabistan, Azerbaycan, \u0130ran, \u0130spanya ve Irak olmak \u00fczere toplamda on be\u015f \u00fclkenin y\u00f6netsel yap\u0131lanmalar\u0131n\u0131, \u00f6rg\u00fct ve b\u00fcrokrasi ili\u015fkisini incelemektedir. Eser, kar\u015f\u0131la\u015ft\u0131rmal\u0131 y\u00f6netim politikalar\u0131n\u0131n geli\u015ftirilmesine ve b\u00fcrokrasi mekanizmas\u0131n\u0131n i\u015fleyi\u015finde etkili olan parametreleri kavramam\u0131za destek olacak potansiyel bir kaynak niteli\u011fi ta\u015f\u0131maktad\u0131r.<\/p>\n","protected":false},"excerpt":{"rendered":"<p>As\u0131rl\u0131k bir tarihi ge\u00e7mi\u015fe sahip olan b\u00fcrokrasi olgusu bug\u00fcn, uluslararas\u0131 platformda en fazla konu\u015fu- lan ve tart\u0131\u015f\u0131lan fenomen kavramlardan biri haline gelmi\u015ftir. Daha \u00e7ok devlet yap\u0131lanmas\u0131nda<span class=\"excerpt-hellip\"> [\u2026]<\/span><\/p>\n","protected":false},"featured_media":0,"template":"","meta":{"_monsterinsights_skip_tracking":false,"_monsterinsights_sitenote_active":false,"_monsterinsights_sitenote_note":"","_monsterinsights_sitenote_category":0},"product_brand":[],"product_cat":[12337],"product_tag":[],"class_list":{"0":"post-767037","1":"product","2":"type-product","3":"status-publish","5":"product_cat-politika-siyaset","6":"pa_cilt-ciltsiz","7":"pa_tur-kitap","8":"pa_yayinevi-orion-kitabevi","9":"pa_yazar-kolektif","11":"first","12":"instock","13":"sale","14":"shipping-taxable","15":"purchasable","16":"product-type-simple"},"_links":{"self":[{"href":"https:\/\/roveyayinevi.com.tr\/index.php\/wp-json\/wp\/v2\/product\/767037","targetHints":{"allow":["GET"]}}],"collection":[{"href":"https:\/\/roveyayinevi.com.tr\/index.php\/wp-json\/wp\/v2\/product"}],"about":[{"href":"https:\/\/roveyayinevi.com.tr\/index.php\/wp-json\/wp\/v2\/types\/product"}],"wp:attachment":[{"href":"https:\/\/roveyayinevi.com.tr\/index.php\/wp-json\/wp\/v2\/media?parent=767037"}],"wp:term":[{"taxonomy":"product_brand","embeddable":true,"href":"https:\/\/roveyayinevi.com.tr\/index.php\/wp-json\/wp\/v2\/product_brand?post=767037"},{"taxonomy":"product_cat","embeddable":true,"href":"https:\/\/roveyayinevi.com.tr\/index.php\/wp-json\/wp\/v2\/product_cat?post=767037"},{"taxonomy":"product_tag","embeddable":true,"href":"https:\/\/roveyayinevi.com.tr\/index.php\/wp-json\/wp\/v2\/product_tag?post=767037"}],"curies":[{"name":"wp","href":"https:\/\/api.w.org\/{rel}","templated":true}]}}