{"id":767035,"date":"2025-08-28T12:35:29","date_gmt":"2025-08-28T09:35:29","guid":{"rendered":"https:\/\/roveyayinevi.com.tr\/index.php\/urun\/savas-sonrasi-ciltli\/"},"modified":"2026-04-15T03:32:45","modified_gmt":"2026-04-15T00:32:45","slug":"savas-sonrasi-ciltli","status":"publish","type":"product","link":"https:\/\/roveyayinevi.com.tr\/index.php\/urun\/savas-sonrasi-ciltli\/","title":{"rendered":"Sava\u015f Sonras\u0131 (Ciltli)"},"content":{"rendered":"<p>Almanya&#8217;dan Polonya&#8217;ya, Bat\u0131 Avrupa&#8217;dan Do\u011fu Avrupa&#8217;ya sava\u015f sonras\u0131 Avrupa&#8217;n\u0131n yetkin ve usta i\u015fi tarihi. \u201c1945&#8217;in k\u00fcllerinden bug\u00fcnk\u00fc Avrupa&#8217;n\u0131n do\u011fu\u015funun daha iyi ve daha okunabilir bir tarihinin nas\u0131l yaz\u0131labilece\u011fini hayal etmek zor&#8230; Sonu\u00e7 olarak, ger\u00e7ek bir ba\u015fyap\u0131t.\u201d \u2013Ian Kershaw \u201cJudt, 1945&#8217;ten bu yana Avrupa&#8217;n\u0131n toplam\u0131n\u0131 kusursuz bir anlat\u0131yla ifade etme cesaretini g\u00f6steriyor.\u201d \u2013Norman Davies \u201cZekice&#8230; Judt sava\u015f sonras\u0131 Avrupa tarihi \u00fczerine standart bir referans \u00e7al\u0131\u015fmas\u0131 yazm\u0131\u015f. Verimli tart\u0131\u015fmalara yol a\u00e7acak, ancak bir daha a\u015f\u0131labilece\u011fini hayal etmekte zorlan\u0131yorum.\u201d \u2013Misha Glenny \u201cJudt&#8217;un II. D\u00fcnya Sava\u015f\u0131 sonras\u0131 Avrupa&#8217;s\u0131n\u0131n muhte\u015fem tarihi Sava\u015f Sonras\u0131, Bat\u0131 ve Do\u011funun hik\u00e2yelerini ola\u011fan\u00fcst\u00fc bir beceriyle tek ve etkileyici bir anlat\u0131da bir araya getiriyor.\u201d \u2013Evening Standard<\/p>\n","protected":false},"excerpt":{"rendered":"<p>Almanya&#8217;dan Polonya&#8217;ya, Bat\u0131 Avrupa&#8217;dan Do\u011fu Avrupa&#8217;ya sava\u015f sonras\u0131 Avrupa&#8217;n\u0131n yetkin ve usta i\u015fi tarihi. \u201c1945&#8217;in k\u00fcllerinden bug\u00fcnk\u00fc Avrupa&#8217;n\u0131n do\u011fu\u015funun daha iyi ve daha okunabilir bir tarihinin<span class=\"excerpt-hellip\"> [\u2026]<\/span><\/p>\n","protected":false},"featured_media":0,"template":"","meta":{"_monsterinsights_skip_tracking":false,"_monsterinsights_sitenote_active":false,"_monsterinsights_sitenote_note":"","_monsterinsights_sitenote_category":0},"product_brand":[],"product_cat":[12305,12304],"product_tag":[],"class_list":{"0":"post-767035","1":"product","2":"type-product","3":"status-publish","5":"product_cat-dunya-tarihi","6":"product_cat-tarih","7":"pa_cilt-ciltli","8":"pa_tur-kitap","9":"pa_yayinevi-alfa-yayinlari","10":"pa_yazar-tony-judt","12":"first","13":"instock","14":"sale","15":"shipping-taxable","16":"purchasable","17":"product-type-simple"},"_links":{"self":[{"href":"https:\/\/roveyayinevi.com.tr\/index.php\/wp-json\/wp\/v2\/product\/767035","targetHints":{"allow":["GET"]}}],"collection":[{"href":"https:\/\/roveyayinevi.com.tr\/index.php\/wp-json\/wp\/v2\/product"}],"about":[{"href":"https:\/\/roveyayinevi.com.tr\/index.php\/wp-json\/wp\/v2\/types\/product"}],"wp:attachment":[{"href":"https:\/\/roveyayinevi.com.tr\/index.php\/wp-json\/wp\/v2\/media?parent=767035"}],"wp:term":[{"taxonomy":"product_brand","embeddable":true,"href":"https:\/\/roveyayinevi.com.tr\/index.php\/wp-json\/wp\/v2\/product_brand?post=767035"},{"taxonomy":"product_cat","embeddable":true,"href":"https:\/\/roveyayinevi.com.tr\/index.php\/wp-json\/wp\/v2\/product_cat?post=767035"},{"taxonomy":"product_tag","embeddable":true,"href":"https:\/\/roveyayinevi.com.tr\/index.php\/wp-json\/wp\/v2\/product_tag?post=767035"}],"curies":[{"name":"wp","href":"https:\/\/api.w.org\/{rel}","templated":true}]}}