{"id":767034,"date":"2025-08-28T12:35:27","date_gmt":"2025-08-28T09:35:27","guid":{"rendered":"https:\/\/roveyayinevi.com.tr\/index.php\/urun\/ben-neyzen\/"},"modified":"2025-08-31T21:05:15","modified_gmt":"2025-08-31T18:05:15","slug":"ben-neyzen","status":"publish","type":"product","link":"https:\/\/roveyayinevi.com.tr\/index.php\/urun\/ben-neyzen\/","title":{"rendered":"Ben Neyzen"},"content":{"rendered":"<p>Neyzen Tevfik\u2019e g\u00f6re, insan bu de\u011fildi, bu olamazd\u0131. \u0130nsan\u0131n ger\u00e7ekte ne oldu\u011funu kavramak ve bulmak i\u00e7in \u00e2deta insanl\u0131ktan \u00e7\u0131kt\u0131 Neyzen. H\u0131rpani k\u0131l\u0131\u011f\u0131yla sokaklarda, sur diplerinde, \u00e7\u00f6p kenarlar\u0131nda tam bir sefil hayat\u0131 s\u00fcrerek; Mevlevihane, meyhane ve t\u0131marhanede nefsini yere \u00e7alarak; \u00fcfledi\u011fi neyi, \u015fiiri ve hicviyle arad\u0131 insan\u0131n asl\u0131n\u0131. Neyzen u\u00e7suz bucaks\u0131z bir denizdi. Ama elindeki \u015fi\u015fede, s\u0131rt\u0131nda z\u0131pk\u0131n yaras\u0131 olan bir k\u0131l\u0131\u00e7 bal\u0131\u011f\u0131 gibi saklamak zorunda kald\u0131 kendini. \u015ei\u015feden \u00e7\u0131k\u0131p karaya vurursa aniden can verecek bir k\u0131l\u0131\u00e7 bal\u0131\u011f\u0131yd\u0131 o. Kendini hi\u00e7e sayd\u0131, hi\u00e7li\u011fin hikmet pencerelerinden ba\u015fka \u00e2lemlere bakt\u0131. Kendini hi\u00e7likte buldu, &#8220;her \u015fey\u201d olmaya u\u011fra\u015fan insana tek ba\u015f\u0131na hakikati hayk\u0131rd\u0131. Onun arad\u0131\u011f\u0131 kendisiydi, yapmak istedi\u011fi ise kendisi olmayanlara ses olmakt\u0131. A\u015fk\u0131n c\u0131l\u0131z bir kelime de\u011fil, Yaradan\u2019a \u00f6zlemin bir \u00e7\u0131\u011fl\u0131\u011f\u0131 oldu\u011funu \u00fcfledi nefes nefes. Ama hi\u00e7 kimse onu bir ucu h\u00fcz\u00fcn, di\u011fer ucu huzur t\u00fcten neyi kadar anlamad\u0131. <\/p>\n","protected":false},"excerpt":{"rendered":"<p>Neyzen Tevfik\u2019e g\u00f6re, insan bu de\u011fildi, bu olamazd\u0131. \u0130nsan\u0131n ger\u00e7ekte ne oldu\u011funu kavramak ve bulmak i\u00e7in \u00e2deta insanl\u0131ktan \u00e7\u0131kt\u0131 Neyzen. H\u0131rpani k\u0131l\u0131\u011f\u0131yla sokaklarda, sur diplerinde, \u00e7\u00f6p<span class=\"excerpt-hellip\"> [\u2026]<\/span><\/p>\n","protected":false},"featured_media":0,"template":"","meta":{"_monsterinsights_skip_tracking":false,"_monsterinsights_sitenote_active":false,"_monsterinsights_sitenote_note":"","_monsterinsights_sitenote_category":0},"product_brand":[],"product_cat":[12291],"product_tag":[],"class_list":{"0":"post-767034","1":"product","2":"type-product","3":"status-publish","5":"product_cat-edebiyat","6":"pa_cilt-ciltsiz","7":"pa_tur-kitap","8":"pa_yayinevi-kapi-yayinlari","9":"pa_yazar-sinan-yagmur","11":"first","12":"instock","13":"sale","14":"shipping-taxable","15":"purchasable","16":"product-type-simple"},"_links":{"self":[{"href":"https:\/\/roveyayinevi.com.tr\/index.php\/wp-json\/wp\/v2\/product\/767034","targetHints":{"allow":["GET"]}}],"collection":[{"href":"https:\/\/roveyayinevi.com.tr\/index.php\/wp-json\/wp\/v2\/product"}],"about":[{"href":"https:\/\/roveyayinevi.com.tr\/index.php\/wp-json\/wp\/v2\/types\/product"}],"wp:attachment":[{"href":"https:\/\/roveyayinevi.com.tr\/index.php\/wp-json\/wp\/v2\/media?parent=767034"}],"wp:term":[{"taxonomy":"product_brand","embeddable":true,"href":"https:\/\/roveyayinevi.com.tr\/index.php\/wp-json\/wp\/v2\/product_brand?post=767034"},{"taxonomy":"product_cat","embeddable":true,"href":"https:\/\/roveyayinevi.com.tr\/index.php\/wp-json\/wp\/v2\/product_cat?post=767034"},{"taxonomy":"product_tag","embeddable":true,"href":"https:\/\/roveyayinevi.com.tr\/index.php\/wp-json\/wp\/v2\/product_tag?post=767034"}],"curies":[{"name":"wp","href":"https:\/\/api.w.org\/{rel}","templated":true}]}}