{"id":767030,"date":"2025-08-28T12:35:20","date_gmt":"2025-08-28T09:35:20","guid":{"rendered":"https:\/\/roveyayinevi.com.tr\/index.php\/urun\/sultan-ve-dracula\/"},"modified":"2026-01-28T03:55:24","modified_gmt":"2026-01-28T00:55:24","slug":"sultan-ve-dracula","status":"publish","type":"product","link":"https:\/\/roveyayinevi.com.tr\/index.php\/urun\/sultan-ve-dracula\/","title":{"rendered":"Sultan ve Dracula"},"content":{"rendered":"<p>\u201cVlaaad!\u201d \u201cKim var orada?\u201d \u201cBen bekledi\u011fin ki\u015fiyim!\u201d \u201cNas\u0131l? Yani sen&#8230;\u201d \u201cEvet! Bana \u015eeytan diyebilirsin ya da \u0130blis veya Lucifer! Pek \u00e7ok diyarda pek \u00e7ok isimle an\u0131l\u0131r\u0131m. Ama hangi ismimle \u00e7a\u011f\u0131r\u0131rsan \u00e7a\u011f\u0131r, i\u015fte o benim!\u201d Gizem, korku ve sava\u015f! 1458 y\u0131l\u0131nda Eflak\u2019\u0131n ba\u015fkenti Targovi\u015fte\u2019de ba\u015flayan bu karanl\u0131k hik\u00e2ye, sadece kanla yaz\u0131lacak bir sava\u015f\u0131n k\u0131v\u0131lc\u0131m\u0131n\u0131 \u00e7ak\u0131yor. Efsanevi zalimli\u011fiyle tan\u0131nan Dracula, \u015eeytan\u2019la anla\u015farak insanl\u0131k d\u0131\u015f\u0131 bir yarat\u0131\u011fa d\u00f6n\u00fc\u015f\u00fcyor. Osmanl\u0131\u2019n\u0131n yi\u011fit ak\u0131nc\u0131lar\u0131 ve Fatih Sultan Mehmet ise bu zalim iblisi alt etmek i\u00e7in m\u00fcthi\u015f bir plan kuruyor! Tarih\u00ee ger\u00e7eklerle hayal g\u00fcc\u00fcn\u00fc harmanlayan bu destans\u0131 hik\u00e2ye, bir yandan sizi b\u00fcy\u00fclerken bir yandan da deh\u015fete d\u00fc\u015f\u00fcrecek. Bu fantastik d\u00fcnyaya tan\u0131k olmaya haz\u0131r m\u0131s\u0131n\u0131z? Okudu\u011funuzda neyin efsane, neyin ger\u00e7ek oldu\u011funa inanamayacaks\u0131n\u0131z! <\/p>\n","protected":false},"excerpt":{"rendered":"<p>\u201cVlaaad!\u201d \u201cKim var orada?\u201d \u201cBen bekledi\u011fin ki\u015fiyim!\u201d \u201cNas\u0131l? Yani sen&#8230;\u201d \u201cEvet! Bana \u015eeytan diyebilirsin ya da \u0130blis veya Lucifer! Pek \u00e7ok diyarda pek \u00e7ok isimle an\u0131l\u0131r\u0131m.<span class=\"excerpt-hellip\"> [\u2026]<\/span><\/p>\n","protected":false},"featured_media":0,"template":"","meta":{"_monsterinsights_skip_tracking":false,"_monsterinsights_sitenote_active":false,"_monsterinsights_sitenote_note":"","_monsterinsights_sitenote_category":0},"product_brand":[],"product_cat":[12291,14777],"product_tag":[],"class_list":{"0":"post-767030","1":"product","2":"type-product","3":"status-publish","5":"product_cat-edebiyat","6":"product_cat-fantastik","7":"pa_cilt-ciltsiz","8":"pa_tur-kitap","9":"pa_yayinevi-aile-yayinlari","10":"pa_yazar-erhan-akhan","12":"first","13":"instock","14":"sale","15":"shipping-taxable","16":"purchasable","17":"product-type-simple"},"_links":{"self":[{"href":"https:\/\/roveyayinevi.com.tr\/index.php\/wp-json\/wp\/v2\/product\/767030","targetHints":{"allow":["GET"]}}],"collection":[{"href":"https:\/\/roveyayinevi.com.tr\/index.php\/wp-json\/wp\/v2\/product"}],"about":[{"href":"https:\/\/roveyayinevi.com.tr\/index.php\/wp-json\/wp\/v2\/types\/product"}],"wp:attachment":[{"href":"https:\/\/roveyayinevi.com.tr\/index.php\/wp-json\/wp\/v2\/media?parent=767030"}],"wp:term":[{"taxonomy":"product_brand","embeddable":true,"href":"https:\/\/roveyayinevi.com.tr\/index.php\/wp-json\/wp\/v2\/product_brand?post=767030"},{"taxonomy":"product_cat","embeddable":true,"href":"https:\/\/roveyayinevi.com.tr\/index.php\/wp-json\/wp\/v2\/product_cat?post=767030"},{"taxonomy":"product_tag","embeddable":true,"href":"https:\/\/roveyayinevi.com.tr\/index.php\/wp-json\/wp\/v2\/product_tag?post=767030"}],"curies":[{"name":"wp","href":"https:\/\/api.w.org\/{rel}","templated":true}]}}