{"id":767027,"date":"2025-08-28T12:33:44","date_gmt":"2025-08-28T09:33:44","guid":{"rendered":"https:\/\/roveyayinevi.com.tr\/index.php\/urun\/konusturan-sorular-kavramlarla-ilk-kelimelerim-seti\/"},"modified":"2025-11-12T11:07:19","modified_gmt":"2025-11-12T08:07:19","slug":"konusturan-sorular-kavramlarla-ilk-kelimelerim-seti","status":"publish","type":"product","link":"https:\/\/roveyayinevi.com.tr\/index.php\/urun\/konusturan-sorular-kavramlarla-ilk-kelimelerim-seti\/","title":{"rendered":"Konu\u015fturan Sorular &#8211; Kavramlarla \u0130lk Kelimelerim Seti"},"content":{"rendered":"<p>18 ay ve \u00fczeri \u00e7ocuklar i\u00e7in tasarlanm\u0131\u015f, 56 farkl\u0131 g\u00f6rselden olu\u015fan \u201cKonu\u015fturan Sorular Kavramlarla \u0130lk Kelimelerim Seti\u201d ile tan\u0131\u015f\u0131n. Her kartta, \u00e7ocuklar\u0131m\u0131z\u0131n g\u00fcnl\u00fck ya\u015famda kullanaca\u011f\u0131 temel nesnelerle birlikte kavram ve renk bilgileri sunulmaktad\u0131r. \u201cKonu\u015fturan Sorular Kavramlarla \u0130lk Kelimelerim Seti\u201d hem \u00e7izimleri hem de \u00e7ocuklar\u0131n hayal d\u00fcnyalar\u0131n\u0131 renklendiren sorular\u0131yla g\u00fczel bir ba\u015fucu kayna\u011f\u0131 olacakt\u0131r.<\/p>\n","protected":false},"excerpt":{"rendered":"<p>18 ay ve \u00fczeri \u00e7ocuklar i\u00e7in tasarlanm\u0131\u015f, 56 farkl\u0131 g\u00f6rselden olu\u015fan \u201cKonu\u015fturan Sorular Kavramlarla \u0130lk Kelimelerim Seti\u201d ile tan\u0131\u015f\u0131n. Her kartta, \u00e7ocuklar\u0131m\u0131z\u0131n g\u00fcnl\u00fck ya\u015famda kullanaca\u011f\u0131 temel<span class=\"excerpt-hellip\"> [\u2026]<\/span><\/p>\n","protected":false},"featured_media":0,"template":"","meta":{"_monsterinsights_skip_tracking":false,"_monsterinsights_sitenote_active":false,"_monsterinsights_sitenote_note":"","_monsterinsights_sitenote_category":0},"product_brand":[],"product_cat":[15192,12274],"product_tag":[],"class_list":{"0":"post-767027","1":"product","2":"type-product","3":"status-publish","5":"product_cat-1-3-yas-kitaplari","6":"product_cat-cocuk-ve-genclik-kitaplari","7":"pa_cilt-ciltsiz","8":"pa_tur-kitap","9":"pa_yayinevi-bi-kutu-oyun","10":"pa_yazar-gulsah-mutlu","12":"first","13":"instock","14":"sale","15":"shipping-taxable","16":"purchasable","17":"product-type-simple"},"_links":{"self":[{"href":"https:\/\/roveyayinevi.com.tr\/index.php\/wp-json\/wp\/v2\/product\/767027","targetHints":{"allow":["GET"]}}],"collection":[{"href":"https:\/\/roveyayinevi.com.tr\/index.php\/wp-json\/wp\/v2\/product"}],"about":[{"href":"https:\/\/roveyayinevi.com.tr\/index.php\/wp-json\/wp\/v2\/types\/product"}],"wp:attachment":[{"href":"https:\/\/roveyayinevi.com.tr\/index.php\/wp-json\/wp\/v2\/media?parent=767027"}],"wp:term":[{"taxonomy":"product_brand","embeddable":true,"href":"https:\/\/roveyayinevi.com.tr\/index.php\/wp-json\/wp\/v2\/product_brand?post=767027"},{"taxonomy":"product_cat","embeddable":true,"href":"https:\/\/roveyayinevi.com.tr\/index.php\/wp-json\/wp\/v2\/product_cat?post=767027"},{"taxonomy":"product_tag","embeddable":true,"href":"https:\/\/roveyayinevi.com.tr\/index.php\/wp-json\/wp\/v2\/product_tag?post=767027"}],"curies":[{"name":"wp","href":"https:\/\/api.w.org\/{rel}","templated":true}]}}