{"id":767025,"date":"2025-08-28T12:33:40","date_gmt":"2025-08-28T09:33:40","guid":{"rendered":"https:\/\/roveyayinevi.com.tr\/index.php\/urun\/namaz-makinesi\/"},"modified":"2026-04-15T03:32:45","modified_gmt":"2026-04-15T00:32:45","slug":"namaz-makinesi","status":"publish","type":"product","link":"https:\/\/roveyayinevi.com.tr\/index.php\/urun\/namaz-makinesi\/","title":{"rendered":"Namaz Makinesi"},"content":{"rendered":"<p>Namaz Makinesi&#8217;ne Ho\u015f Geldiniz!Asaf ve Yusuf, caminin bah\u00e7esinde Abdullah Dede\u2019nin kay\u0131p c\u00fczdan\u0131n\u0131 ararken kar\u015f\u0131lar\u0131na t\u0131pk\u0131 uzay gemisine benzeyen gizemli bir makine \u00e7\u0131kar. Namaz makinesinin kap\u0131lar\u0131n\u0131 a\u00e7acak \u015fifre ne olabilir?Peki c\u00fczdan\u0131 arama maceralar\u0131 nas\u0131l devam edecek? Bu s\u0131ra d\u0131\u015f\u0131 gizemleri \u00e7\u00f6zmeye \u00e7al\u0131\u015fan iki arkada\u015f, kendilerini heyecan dolu bir ser\u00fcvende bulurlar.Makine, namaz k\u0131lman\u0131n getirdi\u011fi g\u00fczellikleri g\u00f6sterirken onlara sab\u0131r, dua ve yard\u0131mla\u015fman\u0131n g\u00fcc\u00fcn\u00fc \u00f6\u011fretiyor. Acaba Asaf ve Yusuf, namazla ilgili gizemleri \u00e7\u00f6zebilecek mi?<\/p>\n","protected":false},"excerpt":{"rendered":"<p>Namaz Makinesi&#8217;ne Ho\u015f Geldiniz!Asaf ve Yusuf, caminin bah\u00e7esinde Abdullah Dede\u2019nin kay\u0131p c\u00fczdan\u0131n\u0131 ararken kar\u015f\u0131lar\u0131na t\u0131pk\u0131 uzay gemisine benzeyen gizemli bir makine \u00e7\u0131kar. Namaz makinesinin kap\u0131lar\u0131n\u0131 a\u00e7acak<span class=\"excerpt-hellip\"> [\u2026]<\/span><\/p>\n","protected":false},"featured_media":0,"template":"","meta":{"_monsterinsights_skip_tracking":false,"_monsterinsights_sitenote_active":false,"_monsterinsights_sitenote_note":"","_monsterinsights_sitenote_category":0},"product_brand":[],"product_cat":[12274,18802],"product_tag":[],"class_list":{"0":"post-767025","1":"product","2":"type-product","3":"status-publish","5":"product_cat-cocuk-ve-genclik-kitaplari","6":"product_cat-din-egitimi","7":"pa_cilt-ciltsiz","8":"pa_tur-kitap","9":"pa_yayinevi-gulce-kitap","10":"pa_yazar-busra-ummuhan-samancioglu","12":"first","13":"instock","14":"sale","15":"shipping-taxable","16":"purchasable","17":"product-type-simple"},"_links":{"self":[{"href":"https:\/\/roveyayinevi.com.tr\/index.php\/wp-json\/wp\/v2\/product\/767025","targetHints":{"allow":["GET"]}}],"collection":[{"href":"https:\/\/roveyayinevi.com.tr\/index.php\/wp-json\/wp\/v2\/product"}],"about":[{"href":"https:\/\/roveyayinevi.com.tr\/index.php\/wp-json\/wp\/v2\/types\/product"}],"wp:attachment":[{"href":"https:\/\/roveyayinevi.com.tr\/index.php\/wp-json\/wp\/v2\/media?parent=767025"}],"wp:term":[{"taxonomy":"product_brand","embeddable":true,"href":"https:\/\/roveyayinevi.com.tr\/index.php\/wp-json\/wp\/v2\/product_brand?post=767025"},{"taxonomy":"product_cat","embeddable":true,"href":"https:\/\/roveyayinevi.com.tr\/index.php\/wp-json\/wp\/v2\/product_cat?post=767025"},{"taxonomy":"product_tag","embeddable":true,"href":"https:\/\/roveyayinevi.com.tr\/index.php\/wp-json\/wp\/v2\/product_tag?post=767025"}],"curies":[{"name":"wp","href":"https:\/\/api.w.org\/{rel}","templated":true}]}}