{"id":767023,"date":"2025-08-28T12:33:35","date_gmt":"2025-08-28T09:33:35","guid":{"rendered":"https:\/\/roveyayinevi.com.tr\/index.php\/urun\/dinimi-ogreniyorum\/"},"modified":"2026-04-15T03:32:45","modified_gmt":"2026-04-15T00:32:45","slug":"dinimi-ogreniyorum","status":"publish","type":"product","link":"https:\/\/roveyayinevi.com.tr\/index.php\/urun\/dinimi-ogreniyorum\/","title":{"rendered":"Dinimi \u00d6\u011freniyorum"},"content":{"rendered":"<p>\u00c7ocuklar &#8220;Allah&#8217;\u0131 neden g\u00f6remiyorum?&#8221; &#8220;Peygamberlerin g\u00f6revi nedir?&#8221; &#8220;Cenneti bana anlat\u0131r m\u0131s\u0131n?&#8221; &#8220;Meleklerin g\u00f6revleri nelerdir?&#8221; &#8220;Biz d\u00fcnyaya neden g\u00f6nderildik?&#8221; &#8220;Neden zorluklar ya\u015f\u0131yoruz?&#8221; gibi pek \u00e7ok soruyu sorar. Bu kitapta, \u00e7ocuklar\u0131n g\u00fczel dinimizle ilgili merak etti\u011fi daha pek\u00e7ok soruya tatl\u0131 hik\u00e2yelerle cevap verilmektedir. Onlar\u0131n geli\u015fimlerini destekleyen, sorular\u0131na cevap veren bu kitap ayn\u0131 zamanda \u00e7ocukla ileti\u015fim kurma imk\u00e2n\u0131 sunuyor.  Ne diyelim, ailecek hepbirlilkte tatl\u0131 bir sohbetin tam zaman\u0131&#8230;<\/p>\n","protected":false},"excerpt":{"rendered":"<p>\u00c7ocuklar &#8220;Allah&#8217;\u0131 neden g\u00f6remiyorum?&#8221; &#8220;Peygamberlerin g\u00f6revi nedir?&#8221; &#8220;Cenneti bana anlat\u0131r m\u0131s\u0131n?&#8221; &#8220;Meleklerin g\u00f6revleri nelerdir?&#8221; &#8220;Biz d\u00fcnyaya neden g\u00f6nderildik?&#8221; &#8220;Neden zorluklar ya\u015f\u0131yoruz?&#8221; gibi pek \u00e7ok soruyu sorar.<span class=\"excerpt-hellip\"> [\u2026]<\/span><\/p>\n","protected":false},"featured_media":0,"template":"","meta":{"_monsterinsights_skip_tracking":false,"_monsterinsights_sitenote_active":false,"_monsterinsights_sitenote_note":"","_monsterinsights_sitenote_category":0},"product_brand":[],"product_cat":[12274,18802],"product_tag":[],"class_list":{"0":"post-767023","1":"product","2":"type-product","3":"status-publish","5":"product_cat-cocuk-ve-genclik-kitaplari","6":"product_cat-din-egitimi","7":"pa_cilt-ciltsiz","8":"pa_tur-kitap","9":"pa_yayinevi-gulce-kitap","10":"pa_yazar-kadriye-baldik-cigdem-ozmen-omer-baldik","12":"first","13":"instock","14":"sale","15":"shipping-taxable","16":"purchasable","17":"product-type-simple"},"_links":{"self":[{"href":"https:\/\/roveyayinevi.com.tr\/index.php\/wp-json\/wp\/v2\/product\/767023","targetHints":{"allow":["GET"]}}],"collection":[{"href":"https:\/\/roveyayinevi.com.tr\/index.php\/wp-json\/wp\/v2\/product"}],"about":[{"href":"https:\/\/roveyayinevi.com.tr\/index.php\/wp-json\/wp\/v2\/types\/product"}],"wp:attachment":[{"href":"https:\/\/roveyayinevi.com.tr\/index.php\/wp-json\/wp\/v2\/media?parent=767023"}],"wp:term":[{"taxonomy":"product_brand","embeddable":true,"href":"https:\/\/roveyayinevi.com.tr\/index.php\/wp-json\/wp\/v2\/product_brand?post=767023"},{"taxonomy":"product_cat","embeddable":true,"href":"https:\/\/roveyayinevi.com.tr\/index.php\/wp-json\/wp\/v2\/product_cat?post=767023"},{"taxonomy":"product_tag","embeddable":true,"href":"https:\/\/roveyayinevi.com.tr\/index.php\/wp-json\/wp\/v2\/product_tag?post=767023"}],"curies":[{"name":"wp","href":"https:\/\/api.w.org\/{rel}","templated":true}]}}