{"id":767022,"date":"2025-08-28T12:33:33","date_gmt":"2025-08-28T09:33:33","guid":{"rendered":"https:\/\/roveyayinevi.com.tr\/index.php\/urun\/kutu-kutu-kavramlar-6-kutu-6-kitaplik-egitici-set\/"},"modified":"2026-04-15T03:32:45","modified_gmt":"2026-04-15T00:32:45","slug":"kutu-kutu-kavramlar-6-kutu-6-kitaplik-egitici-set","status":"publish","type":"product","link":"https:\/\/roveyayinevi.com.tr\/index.php\/urun\/kutu-kutu-kavramlar-6-kutu-6-kitaplik-egitici-set\/","title":{"rendered":"Kutu Kutu Kavramlar \u201c6 kutu + 6 kitapl\u0131k E\u011fitici Set\u201d"},"content":{"rendered":"<p>\u00c7ocu\u011funuz Kutu Kutu Kavramlar ile ilk kelimelerini \u00f6\u011freniyor, ne\u015feli foto\u011fraflar ve i\u00e7 i\u00e7e ge\u00e7en kutularla e\u011flenirken boyut alg\u0131s\u0131 ve el becerileri de geli\u015fiyor!   Kutu i\u00e7inde yer alan kitaplar: RenklerSay\u0131larTa\u015f\u0131tlarGiysilerimOyuncaklarHayvanlar   \u00dcr\u00fcn\u00fcn \u00d6zellikleri:  Kutu Kutu Kavramlar seti, merakl\u0131 miniklerin e\u011flenirken \u00f6\u011frenmesini sa\u011flayan faydal\u0131 bir \u00fcr\u00fcnd\u00fcr.\u00c7ocuklar\u0131 uzun s\u00fcreli bir etkinli\u011fe y\u00f6nlendirirken, onlar\u0131n odaklanma ve dikkat etme yetisini kuvvetlendirir.\u00c7ocuklar\u0131n ince motor becerilerini geli\u015ftirir.Par\u00e7a-b\u00fct\u00fcn ili\u015fkisini kavramalar\u0131na yard\u0131mc\u0131 olur.Problem \u00e7\u00f6zme yeteneklerini geli\u015ftirir.6 kutu ve 6 kitap i\u00e7erir.<\/p>\n","protected":false},"excerpt":{"rendered":"<p>\u00c7ocu\u011funuz Kutu Kutu Kavramlar ile ilk kelimelerini \u00f6\u011freniyor, ne\u015feli foto\u011fraflar ve i\u00e7 i\u00e7e ge\u00e7en kutularla e\u011flenirken boyut alg\u0131s\u0131 ve el becerileri de geli\u015fiyor! Kutu i\u00e7inde yer<span class=\"excerpt-hellip\"> [\u2026]<\/span><\/p>\n","protected":false},"featured_media":0,"template":"","meta":{"_monsterinsights_skip_tracking":false,"_monsterinsights_sitenote_active":false,"_monsterinsights_sitenote_note":"","_monsterinsights_sitenote_category":0},"product_brand":[],"product_cat":[12274,15842],"product_tag":[],"class_list":{"0":"post-767022","1":"product","2":"type-product","3":"status-publish","5":"product_cat-cocuk-ve-genclik-kitaplari","6":"product_cat-egitici-kitaplar","7":"pa_cilt-set","8":"pa_tur-kitap","9":"pa_yayinevi-masalperest","10":"pa_yazar-anonim","12":"first","13":"instock","14":"sale","15":"shipping-taxable","16":"purchasable","17":"product-type-simple"},"_links":{"self":[{"href":"https:\/\/roveyayinevi.com.tr\/index.php\/wp-json\/wp\/v2\/product\/767022","targetHints":{"allow":["GET"]}}],"collection":[{"href":"https:\/\/roveyayinevi.com.tr\/index.php\/wp-json\/wp\/v2\/product"}],"about":[{"href":"https:\/\/roveyayinevi.com.tr\/index.php\/wp-json\/wp\/v2\/types\/product"}],"wp:attachment":[{"href":"https:\/\/roveyayinevi.com.tr\/index.php\/wp-json\/wp\/v2\/media?parent=767022"}],"wp:term":[{"taxonomy":"product_brand","embeddable":true,"href":"https:\/\/roveyayinevi.com.tr\/index.php\/wp-json\/wp\/v2\/product_brand?post=767022"},{"taxonomy":"product_cat","embeddable":true,"href":"https:\/\/roveyayinevi.com.tr\/index.php\/wp-json\/wp\/v2\/product_cat?post=767022"},{"taxonomy":"product_tag","embeddable":true,"href":"https:\/\/roveyayinevi.com.tr\/index.php\/wp-json\/wp\/v2\/product_tag?post=767022"}],"curies":[{"name":"wp","href":"https:\/\/api.w.org\/{rel}","templated":true}]}}