{"id":767020,"date":"2025-08-28T12:33:29","date_gmt":"2025-08-28T09:33:29","guid":{"rendered":"https:\/\/roveyayinevi.com.tr\/index.php\/urun\/donup-baktigimda\/"},"modified":"2026-04-11T14:35:52","modified_gmt":"2026-04-11T11:35:52","slug":"donup-baktigimda","status":"publish","type":"product","link":"https:\/\/roveyayinevi.com.tr\/index.php\/urun\/donup-baktigimda\/","title":{"rendered":"D\u00f6n\u00fcp Bakt\u0131\u011f\u0131mda&#8230;"},"content":{"rendered":"<p>K\u00fclt\u00fcr d\u00fcnyam\u0131z\u0131n \u00f6nemli isimlerinden Nazar B\u00fcy\u00fcm\u2019\u00fcn Nisan 2014\u2019te ba\u015flatt\u0131\u011f\u0131, Aral\u0131k 2015\u2019te ara verdi\u011fi Agos yaz\u0131lar\u0131, D\u00f6n\u00fcp Bakt\u0131\u011f\u0131mda ba\u015fl\u0131\u011f\u0131n\u0131 ta\u015f\u0131yor. B\u00fcy\u00fcm\u2019\u00fcn hayat\u0131na d\u00f6n\u00fcp bakt\u0131\u011f\u0131 bu yaz\u0131lar, bir yandan kendisinin 1960\u2019lar\u0131n ba\u015flar\u0131ndan itibaren merkez noktalar\u0131nda yer ald\u0131\u011f\u0131 k\u00fclt\u00fcr, sanat, edebiyat ve yay\u0131nc\u0131l\u0131k d\u00fcnyas\u0131ndan e\u015fi bulunmaz tan\u0131kl\u0131klar, portreler, galeriler sunuyor, bir yandan da Kayseri-Develi\u2019de ba\u015flayan, \u0130stanbul\u2019da s\u00fcren bu hayat\u0131n bir Ermeni gencinde, bir Ermeni ailesinde b\u0131rakt\u0131\u011f\u0131 izleri, \u00f6\u011fretici, ayd\u0131nlat\u0131c\u0131 sat\u0131rlarla canland\u0131r\u0131yor.Uzun s\u00fcre ara verdi\u011fimiz kitap yay\u0131mlama alan\u0131na yeniden u\u011frama karar\u0131m\u0131za Nazar B\u00fcy\u00fcm\u2019\u00fcn bu de\u011ferli yaz\u0131lar\u0131 neden oldu. Agos okurlar\u0131 muhtemelen bu yaz\u0131lar\u0131 okumu\u015flard\u0131r; dikkatli okurlar \u00e7o\u011funu hat\u0131rlarlar. Ne var ki, bu bilgi bombard\u0131man\u0131 \u00e7a\u011f\u0131nda d\u00fcn okudu\u011fumuz bir yaz\u0131 bile ak\u0131ldan \u00e7\u0131kabiliyor. Oysa bu yaz\u0131lar\u0131n ak\u0131lda kalmas\u0131, zaman zaman yeniden okunmas\u0131 gerekti\u011fine inan\u0131yoruz. O nedenle, elinizdeki kitap, okuyan- lar yeniden hat\u0131rlas\u0131n diye, okuyamayanlar\u0131n da bu yaz\u0131larla tan\u0131\u015fmas\u0131 i\u00e7in haz\u0131rland\u0131.<\/p>\n","protected":false},"excerpt":{"rendered":"<p>K\u00fclt\u00fcr d\u00fcnyam\u0131z\u0131n \u00f6nemli isimlerinden Nazar B\u00fcy\u00fcm\u2019\u00fcn Nisan 2014\u2019te ba\u015flatt\u0131\u011f\u0131, Aral\u0131k 2015\u2019te ara verdi\u011fi Agos yaz\u0131lar\u0131, D\u00f6n\u00fcp Bakt\u0131\u011f\u0131mda ba\u015fl\u0131\u011f\u0131n\u0131 ta\u015f\u0131yor. B\u00fcy\u00fcm\u2019\u00fcn hayat\u0131na d\u00f6n\u00fcp bakt\u0131\u011f\u0131 bu yaz\u0131lar, bir<span class=\"excerpt-hellip\"> [\u2026]<\/span><\/p>\n","protected":false},"featured_media":0,"template":"","meta":{"_monsterinsights_skip_tracking":false,"_monsterinsights_sitenote_active":false,"_monsterinsights_sitenote_note":"","_monsterinsights_sitenote_category":0},"product_brand":[],"product_cat":[12291,12711],"product_tag":[],"class_list":{"0":"post-767020","1":"product","2":"type-product","3":"status-publish","5":"product_cat-edebiyat","6":"product_cat-roman-oyku","7":"pa_cilt-ciltsiz","8":"pa_tur-kitap","9":"pa_yayinevi-agos-yayinlari","10":"pa_yazar-nazar-buyum","12":"first","13":"instock","14":"sale","15":"shipping-taxable","16":"purchasable","17":"product-type-simple"},"_links":{"self":[{"href":"https:\/\/roveyayinevi.com.tr\/index.php\/wp-json\/wp\/v2\/product\/767020","targetHints":{"allow":["GET"]}}],"collection":[{"href":"https:\/\/roveyayinevi.com.tr\/index.php\/wp-json\/wp\/v2\/product"}],"about":[{"href":"https:\/\/roveyayinevi.com.tr\/index.php\/wp-json\/wp\/v2\/types\/product"}],"wp:attachment":[{"href":"https:\/\/roveyayinevi.com.tr\/index.php\/wp-json\/wp\/v2\/media?parent=767020"}],"wp:term":[{"taxonomy":"product_brand","embeddable":true,"href":"https:\/\/roveyayinevi.com.tr\/index.php\/wp-json\/wp\/v2\/product_brand?post=767020"},{"taxonomy":"product_cat","embeddable":true,"href":"https:\/\/roveyayinevi.com.tr\/index.php\/wp-json\/wp\/v2\/product_cat?post=767020"},{"taxonomy":"product_tag","embeddable":true,"href":"https:\/\/roveyayinevi.com.tr\/index.php\/wp-json\/wp\/v2\/product_tag?post=767020"}],"curies":[{"name":"wp","href":"https:\/\/api.w.org\/{rel}","templated":true}]}}