{"id":767019,"date":"2025-08-28T12:33:27","date_gmt":"2025-08-28T09:33:27","guid":{"rendered":"https:\/\/roveyayinevi.com.tr\/index.php\/urun\/hz-muhammed-ve-kurana-ozur\/"},"modified":"2026-04-15T03:32:44","modified_gmt":"2026-04-15T00:32:44","slug":"hz-muhammed-ve-kurana-ozur","status":"publish","type":"product","link":"https:\/\/roveyayinevi.com.tr\/index.php\/urun\/hz-muhammed-ve-kurana-ozur\/","title":{"rendered":"Hz. Muhammed ve Kur&#8217;an&#8217;a \u00d6z\u00fcr"},"content":{"rendered":"<p>John Davenport, do\u011fu bilimleri ile u\u011fra\u015fan ve 19. y\u00fczy\u0131l\u0131n sonunda ya\u015fam\u0131\u015f olan bir \u0130ngiliz bilim adam\u0131d\u0131r. 28 Nisan 1832 tarihinde \u0130ngiltere&#8217;de d\u00fcnyaya gelmi\u015f ve 1871 y\u0131l\u0131ndan \u00f6nce de vefat etmi\u015ftir. Voltaire&#8217;in ve Martin Luther&#8217;in devam ettirdi\u011fi M\u00fcsl\u00fcmanl\u0131k d\u00fc\u015fmanl\u0131\u011f\u0131n\u0131 ilk defa LORD JOHN DAVENPORT y\u0131km\u0131\u015f; M\u00fcsl\u00fcmanl\u0131k ve Peygamberleri \u00fczerine iyi d\u00fc\u015f\u00fcncelerle dolu bir eser ortaya koymu\u015ftur. Bu eser, H\u0131ristiyan aleminde b\u00fcy\u00fck yank\u0131lar uyand\u0131rm\u0131\u015f ve H\u0131ristiyan din adamlar\u0131nca n\u00fcshalar\u0131 toplat\u0131l\u0131p yakt\u0131r\u0131lm\u0131\u015ft\u0131r. Bat\u0131 k\u00fclt\u00fcr\u00fcnde, \u0130sl\u00e2m D\u00eeni ve peygamberi hakk\u0131nda do\u011frudan savunma eseri yazan ilk bilim insan\u0131d\u0131r. Davenport, her \u015feyden \u00f6nce Bat\u0131l\u0131lar\u0131n Hz. Muhammet&#8217;i anlama ve do\u011fru de\u011ferlendirme konusunda haks\u0131zl\u0131klar ve yanl\u0131\u015fl\u0131klar yapt\u0131klar\u0131n\u0131 d\u00fc\u015f\u00fcnmektedir. Eserini, bu haks\u0131zl\u0131\u011f\u0131 gidermek, Hz Muhammet&#8217;in ya\u015fam \u00f6yk\u00fcs\u00fcn\u00fc yalan ve mesnetsiz iddialardan ve ba\u011fnaz sald\u0131r\u0131lardan aklamak ve O&#8217;nun insanl\u0131\u011fa en b\u00fcy\u00fck iyilik yapan insanlardan biri oldu\u011funu kan\u0131tlamak \u00fczere kaleme alm\u0131\u015ft\u0131r. Elinizdeki \u00e7eviri 1869 y\u0131l\u0131nda yap\u0131lan ilk bask\u0131 esas al\u0131narak yap\u0131lm\u0131\u015ft\u0131r. John Davenport&#8217;un bu s\u0131ra d\u0131\u015f\u0131 de\u011ferli \u00e7al\u0131\u015fmas\u0131, her ne kadar \u0130sl\u00e2m tarihini, Hz. Muhammet&#8217;in hayat\u0131n\u0131 ve Kur&#8217;\u00e2n-\u0131 Ker\u00eem&#8217;i y\u00fczeysel olarak ele alm\u0131\u015f olsa da, siz okuyuculara farkl\u0131 bir bak\u0131\u015f a\u00e7\u0131s\u0131 kazand\u0131raca\u011f\u0131na inan\u0131yoruz.<\/p>\n","protected":false},"excerpt":{"rendered":"<p>John Davenport, do\u011fu bilimleri ile u\u011fra\u015fan ve 19. y\u00fczy\u0131l\u0131n sonunda ya\u015fam\u0131\u015f olan bir \u0130ngiliz bilim adam\u0131d\u0131r. 28 Nisan 1832 tarihinde \u0130ngiltere&#8217;de d\u00fcnyaya gelmi\u015f ve 1871 y\u0131l\u0131ndan<span class=\"excerpt-hellip\"> [\u2026]<\/span><\/p>\n","protected":false},"featured_media":0,"template":"","meta":{"_monsterinsights_skip_tracking":false,"_monsterinsights_sitenote_active":false,"_monsterinsights_sitenote_note":"","_monsterinsights_sitenote_category":0},"product_brand":[],"product_cat":[12718],"product_tag":[],"class_list":{"0":"post-767019","1":"product","2":"type-product","3":"status-publish","5":"product_cat-din","6":"pa_cilt-ciltsiz","7":"pa_tur-kitap","8":"pa_yayinevi-orion-kitabevi","9":"pa_yazar-john-davenport","11":"first","12":"instock","13":"sale","14":"shipping-taxable","15":"purchasable","16":"product-type-simple"},"_links":{"self":[{"href":"https:\/\/roveyayinevi.com.tr\/index.php\/wp-json\/wp\/v2\/product\/767019","targetHints":{"allow":["GET"]}}],"collection":[{"href":"https:\/\/roveyayinevi.com.tr\/index.php\/wp-json\/wp\/v2\/product"}],"about":[{"href":"https:\/\/roveyayinevi.com.tr\/index.php\/wp-json\/wp\/v2\/types\/product"}],"wp:attachment":[{"href":"https:\/\/roveyayinevi.com.tr\/index.php\/wp-json\/wp\/v2\/media?parent=767019"}],"wp:term":[{"taxonomy":"product_brand","embeddable":true,"href":"https:\/\/roveyayinevi.com.tr\/index.php\/wp-json\/wp\/v2\/product_brand?post=767019"},{"taxonomy":"product_cat","embeddable":true,"href":"https:\/\/roveyayinevi.com.tr\/index.php\/wp-json\/wp\/v2\/product_cat?post=767019"},{"taxonomy":"product_tag","embeddable":true,"href":"https:\/\/roveyayinevi.com.tr\/index.php\/wp-json\/wp\/v2\/product_tag?post=767019"}],"curies":[{"name":"wp","href":"https:\/\/api.w.org\/{rel}","templated":true}]}}