{"id":767018,"date":"2025-08-28T12:33:25","date_gmt":"2025-08-28T09:33:25","guid":{"rendered":"https:\/\/roveyayinevi.com.tr\/index.php\/urun\/cikmaz-sokagin-ressami\/"},"modified":"2026-04-03T03:24:00","modified_gmt":"2026-04-03T00:24:00","slug":"cikmaz-sokagin-ressami","status":"publish","type":"product","link":"https:\/\/roveyayinevi.com.tr\/index.php\/urun\/cikmaz-sokagin-ressami\/","title":{"rendered":"\u00c7\u0131kmaz Soka\u011f\u0131n Ressam\u0131"},"content":{"rendered":"<p>Merhaba sevgili okur, ben Toprak.Belki bana inanmayacaks\u0131n ama istedi\u011fin her \u015feye an\u0131nda sahip olmak ger\u00e7ekten hi\u00e7bir anlam ifade etmiyor.Par\u0131lt\u0131l\u0131 odalar, alt\u0131n f\u0131r\u00e7alar&#8230; Her \u015feyim var ama i\u00e7imde bir bo\u015fluk da var.Gel, i\u00e7imdeki bu bo\u015flu\u011fun derinlerine beraber inelim.Bu yolculukta hayallerin pe\u015finden gitmenin sana neler kazand\u0131raca\u011f\u0131n\u0131 g\u00f6receksin.Hayallerine yolculuk yapmaya haz\u0131r m\u0131s\u0131n? Selam de\u011ferli okur, ben\u2026 Ad\u0131m\u0131 s\u00f6yleyemem. Ama bana &#8220;ate\u015f gibi \u00e7ocuk&#8221; derler.Benim alt\u0131n f\u0131r\u00e7am yok ama i\u00e7imde \u00f6yle bir k\u0131v\u0131lc\u0131m var ki!Y\u0131k\u0131k d\u00f6k\u00fck bir evden b\u00fcy\u00fck bir akademiye uzanan yolculu\u011fumu benimle payla\u015facaks\u0131n.Beni, s\u0131radan bir k\u00f6\u015feden bu d\u00fcnyaya ba\u011flayan ne varsa, hepsi i\u00e7imdeki k\u0131v\u0131lc\u0131mda sakl\u0131.Paspartu \u00c7\u0131kmaz\u0131&#8217;ndaki gizemli \u00e7er\u00e7evede herkes kendi hayalini g\u00f6rebilir!Burada seni ger\u00e7ek bir macera bekliyor.Duvarlar\u0131 a\u015f\u0131p hayallerimize beraber ko\u015fal\u0131m m\u0131?<\/p>\n","protected":false},"excerpt":{"rendered":"<p>Merhaba sevgili okur, ben Toprak.Belki bana inanmayacaks\u0131n ama istedi\u011fin her \u015feye an\u0131nda sahip olmak ger\u00e7ekten hi\u00e7bir anlam ifade etmiyor.Par\u0131lt\u0131l\u0131 odalar, alt\u0131n f\u0131r\u00e7alar&#8230; Her \u015feyim var ama<span class=\"excerpt-hellip\"> [\u2026]<\/span><\/p>\n","protected":false},"featured_media":0,"template":"","meta":{"_monsterinsights_skip_tracking":false,"_monsterinsights_sitenote_active":false,"_monsterinsights_sitenote_note":"","_monsterinsights_sitenote_category":0},"product_brand":[],"product_cat":[12291,12711],"product_tag":[],"class_list":{"0":"post-767018","1":"product","2":"type-product","3":"status-publish","5":"product_cat-edebiyat","6":"product_cat-roman-oyku","7":"pa_cilt-ciltsiz","8":"pa_tur-kitap","9":"pa_yayinevi-genc-timas","10":"pa_yazar-yasar-bayraktar","12":"first","13":"instock","14":"sale","15":"shipping-taxable","16":"purchasable","17":"product-type-simple"},"_links":{"self":[{"href":"https:\/\/roveyayinevi.com.tr\/index.php\/wp-json\/wp\/v2\/product\/767018","targetHints":{"allow":["GET"]}}],"collection":[{"href":"https:\/\/roveyayinevi.com.tr\/index.php\/wp-json\/wp\/v2\/product"}],"about":[{"href":"https:\/\/roveyayinevi.com.tr\/index.php\/wp-json\/wp\/v2\/types\/product"}],"wp:attachment":[{"href":"https:\/\/roveyayinevi.com.tr\/index.php\/wp-json\/wp\/v2\/media?parent=767018"}],"wp:term":[{"taxonomy":"product_brand","embeddable":true,"href":"https:\/\/roveyayinevi.com.tr\/index.php\/wp-json\/wp\/v2\/product_brand?post=767018"},{"taxonomy":"product_cat","embeddable":true,"href":"https:\/\/roveyayinevi.com.tr\/index.php\/wp-json\/wp\/v2\/product_cat?post=767018"},{"taxonomy":"product_tag","embeddable":true,"href":"https:\/\/roveyayinevi.com.tr\/index.php\/wp-json\/wp\/v2\/product_tag?post=767018"}],"curies":[{"name":"wp","href":"https:\/\/api.w.org\/{rel}","templated":true}]}}