{"id":767015,"date":"2025-08-28T12:33:18","date_gmt":"2025-08-28T09:33:18","guid":{"rendered":"https:\/\/roveyayinevi.com.tr\/index.php\/urun\/heidi-alplerdeki-kiz\/"},"modified":"2026-04-15T03:32:44","modified_gmt":"2026-04-15T00:32:44","slug":"heidi-alplerdeki-kiz","status":"publish","type":"product","link":"https:\/\/roveyayinevi.com.tr\/index.php\/urun\/heidi-alplerdeki-kiz\/","title":{"rendered":"Heidi Alpler&#8217;deki K\u0131z"},"content":{"rendered":"<p>Alpler\u2019de b\u00fcy\u00fckbabas\u0131yla birlikte ya\u015fayan Heidi, do\u011fan\u0131n muhte\u015fem g\u00fczellikleriyle i\u00e7 i\u00e7e b\u00fcy\u00fcr. Arkada\u015f\u0131 Peter ile da\u011flarda ke\u00e7i \u00e7obanl\u0131\u011f\u0131 yapan Heidi\u2019nin \u00f6zg\u00fcr ve huzurlu bir hayat\u0131 vard\u0131r. Ta ki bir g\u00fcn teyzesi onu Frankfurt\u2019a g\u00f6t\u00fcr\u00fcnceye kadar&#8230; B\u00fcy\u00fck \u015fehre ta\u015f\u0131nmak, onun d\u00fcnyas\u0131n\u0131 t\u00fcm\u00fcyle de\u011fi\u015ftirir. Kald\u0131\u011f\u0131 evin k\u0131z\u0131 Clara, tekerlekli sandalyeye ba\u011fl\u0131d\u0131r. \u0130ki k\u0131z hemen arkada\u015f olurlar. Fakat otoriter dad\u0131 Bayan Rottenmeier, onu bir t\u00fcrl\u00fc benimsemez. \u015eehir ya\u015fam\u0131na uyum sa\u011flayamayan Heidi, b\u00fcy\u00fckbabas\u0131n\u0131, Peter\u2019i ve da\u011flardaki hayat\u0131n\u0131 \u00f6zlemektedir. Sonunda tekrar b\u00fcy\u00fckbabas\u0131n\u0131n yan\u0131na d\u00f6ner. Yaz tatilinde Clara\u2019n\u0131n onu ziyarete gelmesi ise yepyeni bir maceran\u0131n ba\u015flang\u0131c\u0131 olur. Ya\u015fanan olaylar sonucunda Heidi, tertemiz kalbiyle hem arkada\u015f\u0131 Clara\u2019n\u0131n hem de \u00e7evresindeki di\u011fer insanlar\u0131n hayatlar\u0131n\u0131 tamamen de\u011fi\u015ftirecektir.<\/p>\n","protected":false},"excerpt":{"rendered":"<p>Alpler\u2019de b\u00fcy\u00fckbabas\u0131yla birlikte ya\u015fayan Heidi, do\u011fan\u0131n muhte\u015fem g\u00fczellikleriyle i\u00e7 i\u00e7e b\u00fcy\u00fcr. Arkada\u015f\u0131 Peter ile da\u011flarda ke\u00e7i \u00e7obanl\u0131\u011f\u0131 yapan Heidi\u2019nin \u00f6zg\u00fcr ve huzurlu bir hayat\u0131 vard\u0131r. Ta<span class=\"excerpt-hellip\"> [\u2026]<\/span><\/p>\n","protected":false},"featured_media":0,"template":"","meta":{"_monsterinsights_skip_tracking":false,"_monsterinsights_sitenote_active":false,"_monsterinsights_sitenote_note":"","_monsterinsights_sitenote_category":0},"product_brand":[],"product_cat":[12274,12467],"product_tag":[],"class_list":{"0":"post-767015","1":"product","2":"type-product","3":"status-publish","5":"product_cat-cocuk-ve-genclik-kitaplari","6":"product_cat-dunya-klasikleri","7":"pa_cilt-ciltsiz","8":"pa_tur-kitap","9":"pa_yayinevi-carpe-diem-kitaplari","10":"pa_yazar-johanna-spyri","12":"first","13":"instock","14":"sale","15":"shipping-taxable","16":"purchasable","17":"product-type-simple"},"_links":{"self":[{"href":"https:\/\/roveyayinevi.com.tr\/index.php\/wp-json\/wp\/v2\/product\/767015","targetHints":{"allow":["GET"]}}],"collection":[{"href":"https:\/\/roveyayinevi.com.tr\/index.php\/wp-json\/wp\/v2\/product"}],"about":[{"href":"https:\/\/roveyayinevi.com.tr\/index.php\/wp-json\/wp\/v2\/types\/product"}],"wp:attachment":[{"href":"https:\/\/roveyayinevi.com.tr\/index.php\/wp-json\/wp\/v2\/media?parent=767015"}],"wp:term":[{"taxonomy":"product_brand","embeddable":true,"href":"https:\/\/roveyayinevi.com.tr\/index.php\/wp-json\/wp\/v2\/product_brand?post=767015"},{"taxonomy":"product_cat","embeddable":true,"href":"https:\/\/roveyayinevi.com.tr\/index.php\/wp-json\/wp\/v2\/product_cat?post=767015"},{"taxonomy":"product_tag","embeddable":true,"href":"https:\/\/roveyayinevi.com.tr\/index.php\/wp-json\/wp\/v2\/product_tag?post=767015"}],"curies":[{"name":"wp","href":"https:\/\/api.w.org\/{rel}","templated":true}]}}