{"id":767014,"date":"2025-08-28T12:33:17","date_gmt":"2025-08-28T09:33:17","guid":{"rendered":"https:\/\/roveyayinevi.com.tr\/index.php\/urun\/fikihta-cogulculuk\/"},"modified":"2026-04-15T03:32:44","modified_gmt":"2026-04-15T00:32:44","slug":"fikihta-cogulculuk","status":"publish","type":"product","link":"https:\/\/roveyayinevi.com.tr\/index.php\/urun\/fikihta-cogulculuk\/","title":{"rendered":"F\u0131k\u0131hta \u00c7o\u011fulculuk"},"content":{"rendered":"<p>\u0130slam hukukunda taklit, yani bir M\u00fcsl\u00fcman\u0131n kendi mezhebi d\u0131\u015f\u0131nda ba\u015fka bir mezhebin g\u00f6r\u00fc\u015flerini benimseyip uygulamas\u0131, tarih boyunca tart\u0131\u015f\u0131lan konulardan biridir. Bu anlamda taklit, farkl\u0131 f\u0131k\u0131h mezheplerine mensup insanlar\u0131n kar\u015f\u0131la\u015ft\u0131klar\u0131 pratik sorunlar\u0131 veya zorluklar\u0131 a\u015fmak i\u00e7in bir \u00e7\u00f6z\u00fcm olarak d\u00fc\u015f\u00fcn\u00fclm\u00fc\u015ft\u00fcr. Bu yolu m\u00fcmk\u00fcn g\u00f6renler oldu\u011fu gibi g\u00f6rmeyenler de vard\u0131r.Y\u0131k\u0131c\u0131 sonu\u00e7lar\u0131yla bildi\u011fimiz Mo\u011fol istilas\u0131, bir yan\u0131yla Meml\u00fbklerin \u0130slam kimli\u011fini g\u00fc\u00e7lendirmelerine yol a\u00e7arken, bir yan\u0131yla da \u00e7e\u015fitli co\u011frafyalardan gelip toplanan farkl\u0131 din\u00ee gruplarla nas\u0131l ili\u015fki kuracaklar\u0131 konusunda Meml\u00fbk y\u00f6netiminin belirli bir esneklik geli\u015ftirmesine zemin haz\u0131rlam\u0131\u015ft\u0131r. Meml\u00fbkler d\u00f6nemi, \u0130slam d\u00fcnyas\u0131nda f\u0131k\u0131h anlay\u0131\u015f\u0131n\u0131n \u00f6nem kazand\u0131\u011f\u0131 bir devirdir. \u00c7e\u015fitli etnik gruplardan ve farkl\u0131 mezheplerden insanlar\u0131n bir arada ya\u015fad\u0131\u011f\u0131 bu d\u00f6nemde taklit konusu dikkate de\u011fer bir \u015fekilde tart\u0131\u015f\u0131lm\u0131\u015ft\u0131r. Devletin d\u00f6rt mezhepten (\u015e\u00e2fi\u00ee, Hanef\u00ee, M\u00e2lik\u00ee ve Hanbel\u00ee) kad\u0131lar atamas\u0131 f\u0131k\u0131h alan\u0131nda bir zenginlik yaratm\u0131\u015f ve din\u00ee ho\u015fg\u00f6r\u00fcn\u00fcn bir g\u00f6stergesi olarak yorumlanm\u0131\u015ft\u0131r.Dr. Burak Ergin, Meml\u00fbklerden Osmanl\u0131lara F\u0131k\u0131hta \u00c7o\u011fulculuk adl\u0131 bu kitapta \u0130slam hukuku \u015femsiyesi alt\u0131nda toplanan taklit ve telfik konular\u0131na dair geni\u015f tart\u0131\u015fmalar\u0131 etrafl\u0131ca inceliyor. Mezhepler aras\u0131 intikalin zeminini, s\u0131n\u0131rlar\u0131n\u0131, sa\u011flad\u0131\u011f\u0131 esnekli\u011fi ama ayn\u0131 zamanda hukuk sisteminde do\u011furabilece\u011fi muhtemel problemleri ele al\u0131yor ve modern d\u00f6nemde bu konuda yap\u0131lan tart\u0131\u015fmalar \u00fczerinde duruyor.\u0130slam hukukunun bu esasl\u0131 tart\u0131\u015fmas\u0131n\u0131n tarih\u00ee arka plan\u0131n\u0131 ve zeminini ortaya koyan bir \u00e7al\u0131\u015fma&#8230;<\/p>\n","protected":false},"excerpt":{"rendered":"<p>\u0130slam hukukunda taklit, yani bir M\u00fcsl\u00fcman\u0131n kendi mezhebi d\u0131\u015f\u0131nda ba\u015fka bir mezhebin g\u00f6r\u00fc\u015flerini benimseyip uygulamas\u0131, tarih boyunca tart\u0131\u015f\u0131lan konulardan biridir. Bu anlamda taklit, farkl\u0131 f\u0131k\u0131h mezheplerine<span class=\"excerpt-hellip\"> [\u2026]<\/span><\/p>\n","protected":false},"featured_media":0,"template":"","meta":{"_monsterinsights_skip_tracking":false,"_monsterinsights_sitenote_active":false,"_monsterinsights_sitenote_note":"","_monsterinsights_sitenote_category":0},"product_brand":[],"product_cat":[12718,12719],"product_tag":[],"class_list":{"0":"post-767014","1":"product","2":"type-product","3":"status-publish","5":"product_cat-din","6":"product_cat-islam","7":"pa_cilt-ciltsiz","8":"pa_tur-kitap","9":"pa_yayinevi-timas-akademi-yayinlari","10":"pa_yazar-burak-ergin","12":"first","13":"instock","14":"sale","15":"shipping-taxable","16":"purchasable","17":"product-type-simple"},"_links":{"self":[{"href":"https:\/\/roveyayinevi.com.tr\/index.php\/wp-json\/wp\/v2\/product\/767014","targetHints":{"allow":["GET"]}}],"collection":[{"href":"https:\/\/roveyayinevi.com.tr\/index.php\/wp-json\/wp\/v2\/product"}],"about":[{"href":"https:\/\/roveyayinevi.com.tr\/index.php\/wp-json\/wp\/v2\/types\/product"}],"wp:attachment":[{"href":"https:\/\/roveyayinevi.com.tr\/index.php\/wp-json\/wp\/v2\/media?parent=767014"}],"wp:term":[{"taxonomy":"product_brand","embeddable":true,"href":"https:\/\/roveyayinevi.com.tr\/index.php\/wp-json\/wp\/v2\/product_brand?post=767014"},{"taxonomy":"product_cat","embeddable":true,"href":"https:\/\/roveyayinevi.com.tr\/index.php\/wp-json\/wp\/v2\/product_cat?post=767014"},{"taxonomy":"product_tag","embeddable":true,"href":"https:\/\/roveyayinevi.com.tr\/index.php\/wp-json\/wp\/v2\/product_tag?post=767014"}],"curies":[{"name":"wp","href":"https:\/\/api.w.org\/{rel}","templated":true}]}}