{"id":767013,"date":"2025-08-28T12:33:15","date_gmt":"2025-08-28T09:33:15","guid":{"rendered":"https:\/\/roveyayinevi.com.tr\/index.php\/urun\/snowglobe\/"},"modified":"2026-04-15T03:32:44","modified_gmt":"2026-04-15T00:32:44","slug":"snowglobe","status":"publish","type":"product","link":"https:\/\/roveyayinevi.com.tr\/index.php\/urun\/snowglobe\/","title":{"rendered":"Snowglobe"},"content":{"rendered":"<p>S\u00fcrekli k\u0131\u015f\u0131n h\u00fck\u00fcm s\u00fcrd\u00fc\u011f\u00fc bir d\u00fcnyada, yaln\u0131zca iklim kontrol\u00fcn\u00fcn sa\u011fland\u0131\u011f\u0131 Kar K\u00fcresi \u015fehrinin vatanda\u015flar\u0131 bu dondurucu so\u011fuktan ka\u00e7abilir; ne var ki g\u00f6r\u00fcn\u00fc\u015fte kusursuz bu toplum, buz tutmu\u015f kalbinde karanl\u0131k ve tehlikeli s\u0131rlar saklamaktad\u0131r.Devasa bir kubbenin alt\u0131nda yer alan Kar K\u00fcresi, D\u00fcnya\u2019daki son \u0131l\u0131man yerdir. \u015eehrin d\u0131\u015f\u0131ndaki \u00e7orak arazide ya\u015fayan vatanda\u015flar, Kar K\u00fcresi\u2019nin ihtiyac\u0131 olan enerjiyi \u00fcrettikleri santrale gitmek i\u00e7in her g\u00fcn buzdan d\u00fcnyayla y\u00fczle\u015firler. Tek e\u011flenceleri ise do\u011frudan kubbeli \u015fehirden yay\u0131nlanan yirmi d\u00f6rt saatlik televizyon programlar\u0131d\u0131r.   Bir g\u00fcn t\u0131pk\u0131 ekrandaki oyuncular gibi \u00fcne ve g\u00fcvenli\u011fe sahip olma arzusuyla bu yay\u0131nlar\u0131 takip edenlerden biri de Chobahm\u2019d\u0131r. Gen\u00e7 k\u0131z\u0131n en sevdi\u011fi y\u0131ld\u0131z ise ikizi kadar benzedi\u011fi Haeri\u2019dir. Kim bilir, belki de bu benzerlik, Chobahm\u2019a hayallerindeki hayat\u0131 sunacakt\u0131r. Peki ya ger\u00e7ek, daima televizyonda g\u00f6r\u00fcnd\u00fc\u011f\u00fc gibi midir? \u201cSoyoung Park\u2019\u0131n distopik gerilim kitab\u0131 Snowglobe, A\u00e7l\u0131k Oyunlar\u0131 ve Squid Game\u2019i bir araya getiriyor.\u201d \u2013Entertainment Weekly\u201cBu \u00e7arp\u0131c\u0131 ve d\u00fc\u015f\u00fcnd\u00fcr\u00fcc\u00fc gen\u00e7 yeti\u015fkin distopya \u00f6yk\u00fcs\u00fc, g\u00fcn\u00fcm\u00fcz\u00fcn \u015f\u00f6hret ve l\u00fcks tak\u0131nt\u0131s\u0131n\u0131 inceliyor.\u201d \u2013Shelf Awareness\u201cOkurlar, kitab\u0131n her b\u00f6l\u00fcm\u00fcne n\u00fcfuz eden zengin Kore k\u00fclt\u00fcr\u00fcn\u00fc ve iyi i\u015flenmi\u015f karakter geli\u015fimini takdir edecekler.\u201d \u2013School Library<\/p>\n","protected":false},"excerpt":{"rendered":"<p>S\u00fcrekli k\u0131\u015f\u0131n h\u00fck\u00fcm s\u00fcrd\u00fc\u011f\u00fc bir d\u00fcnyada, yaln\u0131zca iklim kontrol\u00fcn\u00fcn sa\u011fland\u0131\u011f\u0131 Kar K\u00fcresi \u015fehrinin vatanda\u015flar\u0131 bu dondurucu so\u011fuktan ka\u00e7abilir; ne var ki g\u00f6r\u00fcn\u00fc\u015fte kusursuz bu toplum, buz<span class=\"excerpt-hellip\"> [\u2026]<\/span><\/p>\n","protected":false},"featured_media":0,"template":"","meta":{"_monsterinsights_skip_tracking":false,"_monsterinsights_sitenote_active":false,"_monsterinsights_sitenote_note":"","_monsterinsights_sitenote_category":0},"product_brand":[],"product_cat":[12291,14777],"product_tag":[],"class_list":{"0":"post-767013","1":"product","2":"type-product","3":"status-publish","5":"product_cat-edebiyat","6":"product_cat-fantastik","7":"pa_cilt-ciltsiz","8":"pa_tur-kitap","9":"pa_yayinevi-yuzu-kitap","10":"pa_yazar-soyoung-park","12":"first","13":"instock","14":"sale","15":"shipping-taxable","16":"purchasable","17":"product-type-simple"},"_links":{"self":[{"href":"https:\/\/roveyayinevi.com.tr\/index.php\/wp-json\/wp\/v2\/product\/767013","targetHints":{"allow":["GET"]}}],"collection":[{"href":"https:\/\/roveyayinevi.com.tr\/index.php\/wp-json\/wp\/v2\/product"}],"about":[{"href":"https:\/\/roveyayinevi.com.tr\/index.php\/wp-json\/wp\/v2\/types\/product"}],"wp:attachment":[{"href":"https:\/\/roveyayinevi.com.tr\/index.php\/wp-json\/wp\/v2\/media?parent=767013"}],"wp:term":[{"taxonomy":"product_brand","embeddable":true,"href":"https:\/\/roveyayinevi.com.tr\/index.php\/wp-json\/wp\/v2\/product_brand?post=767013"},{"taxonomy":"product_cat","embeddable":true,"href":"https:\/\/roveyayinevi.com.tr\/index.php\/wp-json\/wp\/v2\/product_cat?post=767013"},{"taxonomy":"product_tag","embeddable":true,"href":"https:\/\/roveyayinevi.com.tr\/index.php\/wp-json\/wp\/v2\/product_tag?post=767013"}],"curies":[{"name":"wp","href":"https:\/\/api.w.org\/{rel}","templated":true}]}}