{"id":767010,"date":"2025-08-28T12:33:10","date_gmt":"2025-08-28T09:33:10","guid":{"rendered":"https:\/\/roveyayinevi.com.tr\/index.php\/urun\/at-tekerlek-ve-dil-avrasya-bozkirlarinin-tunc-cagi-atlilari-modern-dunyayi-nasil-sekillendirdi\/"},"modified":"2026-04-15T03:32:44","modified_gmt":"2026-04-15T00:32:44","slug":"at-tekerlek-ve-dil-avrasya-bozkirlarinin-tunc-cagi-atlilari-modern-dunyayi-nasil-sekillendirdi","status":"publish","type":"product","link":"https:\/\/roveyayinevi.com.tr\/index.php\/urun\/at-tekerlek-ve-dil-avrasya-bozkirlarinin-tunc-cagi-atlilari-modern-dunyayi-nasil-sekillendirdi\/","title":{"rendered":"At, Tekerlek ve Dil &#8211; Avrasya Bozk\u0131rlar\u0131n\u0131n Tun\u00e7 \u00c7a\u011f\u0131 Atl\u0131lar\u0131 Modern D\u00fcnyay\u0131 Nas\u0131l \u015eekillendirdi?"},"content":{"rendered":"<p>Bug\u00fcn yery\u00fcz\u00fcnde insanlar\u0131n yar\u0131ya yak\u0131n\u0131 tarih\u00f6ncesinde var olmu\u015f ortak bir dilden t\u00fcremi\u015f dilleri konu\u015fmalar\u0131na ra\u011fmen Proto-Hint-Avrupa dili ad\u0131 verilen bu atan\u0131n kimli\u011fi ve kimlerce konu\u015fuldu\u011fu uzun bir s\u00fcre boyunca gizemini korudu. Peki, kimdi bu insanlar ve yapt\u0131klar\u0131 toplumsal ve k\u00fclt\u00fcrel yenilikler insanl\u0131\u011f\u0131n rotas\u0131n\u0131 nas\u0131l belirledi? Bu soru son iki y\u00fczy\u0131lda akademik \u00e7al\u0131\u015fmalardan \u00e7i\u011f propagandalara kadar uzanan bir \u00e7izgide say\u0131s\u0131z yan\u0131t\u0131n verilmesine neden oldu. Proto-Hint-Avrupa dilini ve o dili konu\u015fanlar\u0131 ke\u015ffetme ve sahiplenme yar\u0131\u015f\u0131 zaman zaman bilim insanlar\u0131ndan devrimcilere ve \u0131rk\u00e7\u0131lara kadar bir\u00e7ok z\u00fcmrenin u\u011frunda m\u00fccadele etti\u011fi bir siyaset ve sava\u015f alan\u0131na bile d\u00f6n\u00fc\u015ft\u00fc. Tarih\u00f6ncesi antropoloji ve arkeolojinin ya\u015fayan en \u00f6nemli isimlerinde David W. Anthony, her mitte oldu\u011fu gibi Babil Kulesi mitinde de bir ger\u00e7eklik pay\u0131 bulundu\u011funu g\u00f6sterircesine bu soruya \u00e7\u0131\u011f\u0131r a\u00e7\u0131c\u0131 bir yan\u0131t veriyor: Demir Perde\u2019nin y\u0131k\u0131l\u0131\u015f\u0131n\u0131n ard\u0131ndan Bat\u0131l\u0131 arkeologlar\u0131n Avrasya\u2019da daha kolay eri\u015fir h\u00e2le geldikleri antropolojik ve arkeolojik bulgulardan hareketle Proto-Hint-Avrupa dilini ve halklar\u0131n\u0131 Avrasya\u2019n\u0131n bozk\u0131rlar\u0131na yerle\u015ftiriyor. Ortak bir dili kullanan, ata binen, araba kullanan bu halklar\u0131n ve k\u00fclt\u00fcrlerin nas\u0131l k\u0131ta boyunca var olan k\u00fclt\u00fcr adalar\u0131n\u0131 Avrasya\u2019y\u0131 saran bir uygarl\u0131k koridoruna d\u00f6n\u00fc\u015ft\u00fcrerek yeni diller, yeni siyasi sistemler ve bir tarih\u00f6ncesi k\u00fclt\u00fcr devrimi ortam\u0131 yaratt\u0131klar\u0131n\u0131 ortaya koyuyor. Bir bulmacan\u0131n par\u00e7alar\u0131n\u0131 birle\u015ftiren dedektif hassasiyetiyle en k\u00fc\u00e7\u00fck arkeolojik ve dilbilimsel kal\u0131nt\u0131lardan hareketle ad\u0131m ad\u0131m ilerleyerek bize bug\u00fcn\u00fc do\u011furan uzak ge\u00e7mi\u015fin hik\u00e2yesini anlat\u0131yor.<\/p>\n","protected":false},"excerpt":{"rendered":"<p>Bug\u00fcn yery\u00fcz\u00fcnde insanlar\u0131n yar\u0131ya yak\u0131n\u0131 tarih\u00f6ncesinde var olmu\u015f ortak bir dilden t\u00fcremi\u015f dilleri konu\u015fmalar\u0131na ra\u011fmen Proto-Hint-Avrupa dili ad\u0131 verilen bu atan\u0131n kimli\u011fi ve kimlerce konu\u015fuldu\u011fu uzun<span class=\"excerpt-hellip\"> [\u2026]<\/span><\/p>\n","protected":false},"featured_media":0,"template":"","meta":{"_monsterinsights_skip_tracking":false,"_monsterinsights_sitenote_active":false,"_monsterinsights_sitenote_note":"","_monsterinsights_sitenote_category":0},"product_brand":[],"product_cat":[15499,13488],"product_tag":[],"class_list":{"0":"post-767010","1":"product","2":"type-product","3":"status-publish","5":"product_cat-antropoloji","6":"product_cat-toplum-ve-insan","7":"pa_cilt-ciltsiz","8":"pa_tur-kitap","9":"pa_yayinevi-fol-kitap","10":"pa_yazar-david-w-anthony","12":"first","13":"instock","14":"sale","15":"shipping-taxable","16":"purchasable","17":"product-type-simple"},"_links":{"self":[{"href":"https:\/\/roveyayinevi.com.tr\/index.php\/wp-json\/wp\/v2\/product\/767010","targetHints":{"allow":["GET"]}}],"collection":[{"href":"https:\/\/roveyayinevi.com.tr\/index.php\/wp-json\/wp\/v2\/product"}],"about":[{"href":"https:\/\/roveyayinevi.com.tr\/index.php\/wp-json\/wp\/v2\/types\/product"}],"wp:attachment":[{"href":"https:\/\/roveyayinevi.com.tr\/index.php\/wp-json\/wp\/v2\/media?parent=767010"}],"wp:term":[{"taxonomy":"product_brand","embeddable":true,"href":"https:\/\/roveyayinevi.com.tr\/index.php\/wp-json\/wp\/v2\/product_brand?post=767010"},{"taxonomy":"product_cat","embeddable":true,"href":"https:\/\/roveyayinevi.com.tr\/index.php\/wp-json\/wp\/v2\/product_cat?post=767010"},{"taxonomy":"product_tag","embeddable":true,"href":"https:\/\/roveyayinevi.com.tr\/index.php\/wp-json\/wp\/v2\/product_tag?post=767010"}],"curies":[{"name":"wp","href":"https:\/\/api.w.org\/{rel}","templated":true}]}}