{"id":767008,"date":"2025-08-28T12:33:07","date_gmt":"2025-08-28T09:33:07","guid":{"rendered":"https:\/\/roveyayinevi.com.tr\/index.php\/urun\/sen-annen-degilsin\/"},"modified":"2026-04-15T03:32:44","modified_gmt":"2026-04-15T00:32:44","slug":"sen-annen-degilsin","status":"publish","type":"product","link":"https:\/\/roveyayinevi.com.tr\/index.php\/urun\/sen-annen-degilsin\/","title":{"rendered":"Sen Annen De\u011filsin"},"content":{"rendered":"<p>&#8220;Ba\u011f\u0131rmayan Anneler&#8221; kitab\u0131n\u0131n yazar\u0131ndan bir i\u00e7e d\u00f6n\u00fc\u015f daveti! \u201cAnnemle \u00e7ok da iyi an\u0131lar\u0131m yok!\u201d \u201cKe\u015fke \u015fefkatli ve sevgi dolu bir annem olsayd\u0131\u2026\u201d \u201cAnneme en son ne zaman sar\u0131ld\u0131\u011f\u0131m\u0131 hat\u0131rlayam\u0131yorum.\u201d \u201cAnnem gibi annelik yapmayaca\u011f\u0131m!\u201d \u201cAnnemle ili\u015fkimi d\u00fczeltmeyi \u00e7ok isterdim\u2026\u201d Bu c\u00fcmleler sizin i\u00e7in anlaml\u0131ysa haz\u0131rlan\u0131n! Anne yaralar\u0131m\u0131z\u0131 onar\u0131p, kendi anneli\u011fimizi bug\u00fcne do\u011furma yolculu\u011funa \u00e7\u0131k\u0131yoruz! Kitaplar\u0131 milyonlarca okuru sevgiyle kucaklayan Uzman Psikolog Hatice K\u00fcbra Tongar, y\u00fcre\u011fimizin uf olan yerlerine bir anne \u00f6p\u00fcc\u00fc\u011f\u00fc vadediyor ve bu kitapta kula\u011f\u0131m\u0131za \u015f\u00f6yle f\u0131s\u0131ld\u0131yor: \u00c7ocukken ne ya\u015fad\u0131ysan ya\u015fam\u0131\u015f ol\u2026 Ne kadar \u00e7ok yaran olursa olsun ve ne denli can\u0131n ac\u0131m\u0131\u015fsa ac\u0131s\u0131n\u2026 T\u00fcm bu yaralar\u0131 ve ac\u0131lar\u0131 y\u00fcre\u011finin ortas\u0131na saplanm\u0131\u015f k\u0131r\u0131k bir bro\u015f gibi ta\u015f\u0131maya ve bir miras gibi \u00e7ocu\u011funa aktarmaya mahk\u00fbm de\u011filsin. \u0130yile\u015febilir ve de\u011fi\u015febilirsin. \u00c7\u00fcnk\u00fc unutma ki Sen Annen De\u011filsin! <\/p>\n","protected":false},"excerpt":{"rendered":"<p>&#8220;Ba\u011f\u0131rmayan Anneler&#8221; kitab\u0131n\u0131n yazar\u0131ndan bir i\u00e7e d\u00f6n\u00fc\u015f daveti! \u201cAnnemle \u00e7ok da iyi an\u0131lar\u0131m yok!\u201d \u201cKe\u015fke \u015fefkatli ve sevgi dolu bir annem olsayd\u0131\u2026\u201d \u201cAnneme en son ne<span class=\"excerpt-hellip\"> [\u2026]<\/span><\/p>\n","protected":false},"featured_media":0,"template":"","meta":{"_monsterinsights_skip_tracking":false,"_monsterinsights_sitenote_active":false,"_monsterinsights_sitenote_note":"","_monsterinsights_sitenote_category":0},"product_brand":[],"product_cat":[12357],"product_tag":[],"class_list":{"0":"post-767008","1":"product","2":"type-product","3":"status-publish","5":"product_cat-psikoloji","6":"pa_cilt-ciltsiz","7":"pa_tur-kitap","8":"pa_yayinevi-aile-yayinlari","9":"pa_yazar-hatice-kubra-tongar","11":"first","12":"instock","13":"sale","14":"shipping-taxable","15":"purchasable","16":"product-type-simple"},"_links":{"self":[{"href":"https:\/\/roveyayinevi.com.tr\/index.php\/wp-json\/wp\/v2\/product\/767008","targetHints":{"allow":["GET"]}}],"collection":[{"href":"https:\/\/roveyayinevi.com.tr\/index.php\/wp-json\/wp\/v2\/product"}],"about":[{"href":"https:\/\/roveyayinevi.com.tr\/index.php\/wp-json\/wp\/v2\/types\/product"}],"wp:attachment":[{"href":"https:\/\/roveyayinevi.com.tr\/index.php\/wp-json\/wp\/v2\/media?parent=767008"}],"wp:term":[{"taxonomy":"product_brand","embeddable":true,"href":"https:\/\/roveyayinevi.com.tr\/index.php\/wp-json\/wp\/v2\/product_brand?post=767008"},{"taxonomy":"product_cat","embeddable":true,"href":"https:\/\/roveyayinevi.com.tr\/index.php\/wp-json\/wp\/v2\/product_cat?post=767008"},{"taxonomy":"product_tag","embeddable":true,"href":"https:\/\/roveyayinevi.com.tr\/index.php\/wp-json\/wp\/v2\/product_tag?post=767008"}],"curies":[{"name":"wp","href":"https:\/\/api.w.org\/{rel}","templated":true}]}}