{"id":767006,"date":"2025-08-28T12:33:03","date_gmt":"2025-08-28T09:33:03","guid":{"rendered":"https:\/\/roveyayinevi.com.tr\/index.php\/urun\/azade\/"},"modified":"2026-04-15T03:32:44","modified_gmt":"2026-04-15T00:32:44","slug":"azade","status":"publish","type":"product","link":"https:\/\/roveyayinevi.com.tr\/index.php\/urun\/azade\/","title":{"rendered":"Azade"},"content":{"rendered":"<p>Sevgili Cenk Behram Su, y\u0131llard\u0131r drama kavram\u0131 ve \u2018SANATA EVET\u2019 kavram\u0131 ile yakinen bir bulu\u015fma i\u00e7erisinde. Bu kitab\u0131n i\u00e7inde bulunan oyunlar\u0131 okuyanlar\u0131n ve sahneye koyacak olanlar\u0131n, \u2018SANATA EVET\u2019 yolculu\u011funa vesile olmas\u0131n\u0131 diliyorum. Tamer Levent -Yazar, Oyuncu, Y\u00f6netmen Bir kurmacadan yola \u00e7\u0131karak insanlarla ger\u00e7ek ve sa\u011flam ba\u011flar kurman\u0131n, kar\u015f\u0131l\u0131kl\u0131 etkile\u015fimin yoludur tiyatro. Oyun yazarlar\u0131 da bu \u00f6devi yerine getirebilmek i\u00e7in \u00e7o\u011fu kere ya\u015fam\u0131n \u00e7\u00f6p\u00e7\u00fcl\u00fc\u011f\u00fcne soyunurlar ve bir bak\u0131ma hayat\u0131 temize \u00e7ekerler. Ya\u015fam\u0131 oldu\u011fu gibi de\u011fil, olmas\u0131 gerekti\u011fi gibi, kendi beyinlerinin s\u00fczgecinden ge\u00e7irerek kaleme al\u0131rlar. Yani k\u0131sacas\u0131, oyun yazarlar\u0131 oyunlar\u0131n\u0131 kitap sayfalar\u0131nda kals\u0131n diye de\u011fil, sahnede ete, cana, sese b\u00fcr\u00fcns\u00fcn diye kaleme al\u0131rlar. Hi\u00e7 ku\u015fkum yok ki, sevgili Cenk\u2019in oyunlar\u0131 da ger\u00e7ek de\u011ferini sahne \u00fczerinde, seyircisine daha s\u0131k kavu\u015ftu\u011funda bulacakt\u0131r. Kemal Kocat\u00fcrk \u2013Yazar, Oyuncu,Y\u00f6netmen \u2018\u00c7ocuk Gelinlerin\u2019 \u00e7aresizli\u011fini ve ac\u0131lar\u0131n\u0131 cesur bir \u015fekilde sahneye ta\u015f\u0131yan AZADE ve kad\u0131n sorunlar\u0131na trajikomik t\u00fcrde yakla\u015fan ASLINDA HEP\u0130M\u0130Z DEL\u0130Y\u0130Z oyunlar\u0131 Direkleraras\u0131 Seyirci \u00d6d\u00fcllerine lay\u0131k g\u00f6r\u00fclm\u00fc\u015ft\u00fc. \u015eimdi bu iki nadide eserin yan\u0131nda, kad\u0131n-erkek ili\u015fkilerini konu alan KAMURAN\u2019IN MELEKLER\u0130 oyununu da i\u00e7eren metinleri bu kitab\u0131n sayfalar\u0131nda g\u00f6rmek beni \u00e7ok mutlu etti. Korkusuzca yaz\u0131lm\u0131\u015f metinler sahnede hayat bulduk\u00e7a, er ya da ge\u00e7 zalimlerin zulmu sona erecektir. \u00d6mer \u015eahinba\u015f -Direkleraras\u0131 Seyirci \u00d6d\u00fcllleri Kurucusu Sahnede hi\u00e7 g\u00f6rmedi\u011fimiz gizli bir kahramand\u0131r oyun yazar\u0131. A\u00e7\u0131lan perdede, g\u00fcndeme d\u00fc\u015fen \u0131\u015f\u0131kta asl\u0131nda onun b\u00fcy\u00fcleyici dili, \u00e7ok derinlerdeki sorunlar\u0131 g\u00f6ren g\u00f6zleri, izleyiciye uzanan elleri vard\u0131r. \u0130\u015fte o dili ancak metinler yay\u0131nlan\u0131rsa somut olarak fark ederiz. Bug\u00fcn\u00fcn T\u00fcrk tiyatrosunda \u00e7ok \u00e7ok iyi oyun yazarlar\u0131 varsa da ne yaz\u0131k ki az say\u0131da oyun kitapla\u015f\u0131yor son y\u0131llarda. Say\u0131n Cenk Behram Su, defalarca sahnelenmi\u015f, \u00f6d\u00fcller kazanm\u0131\u015f oyunlar\u0131n\u0131 kitapla\u015ft\u0131rarak bug\u00fcn\u00fcn T\u00fcrk tiyatro edebiyat\u0131na kal\u0131c\u0131 bir iz b\u0131rak\u0131yor. Oyunlar\u0131yla toplumsal ve evrensel sorunlara derin bir bak\u0131\u015f getiriyor. Zarif bir dille sa\u011flam bir ele\u015ftirinin m\u00fcmk\u00fcn oldu\u011funu bizlere g\u00f6steriyor. Sakin, yal\u0131n ve g\u00fc\u00e7l\u00fc kalemiyle edebiyat\u0131m\u0131z\u0131 zenginle\u015ftirmeye devam etmesini dilerim. Prof. Dr. Gonca G\u00f6kalp Alpaslan -Edebiyat\u00e7\u0131, Akademisyen <\/p>\n","protected":false},"excerpt":{"rendered":"<p>Sevgili Cenk Behram Su, y\u0131llard\u0131r drama kavram\u0131 ve \u2018SANATA EVET\u2019 kavram\u0131 ile yakinen bir bulu\u015fma i\u00e7erisinde. Bu kitab\u0131n i\u00e7inde bulunan oyunlar\u0131 okuyanlar\u0131n ve sahneye koyacak olanlar\u0131n,<span class=\"excerpt-hellip\"> [\u2026]<\/span><\/p>\n","protected":false},"featured_media":0,"template":"","meta":{"_monsterinsights_skip_tracking":false,"_monsterinsights_sitenote_active":false,"_monsterinsights_sitenote_note":"","_monsterinsights_sitenote_category":0},"product_brand":[],"product_cat":[12291,12332],"product_tag":[],"class_list":{"0":"post-767006","1":"product","2":"type-product","3":"status-publish","5":"product_cat-edebiyat","6":"product_cat-senaryo","7":"pa_cilt-ciltsiz","8":"pa_tur-kitap","9":"pa_yayinevi-servet-yayinevi","10":"pa_yazar-cenk-behram-su","12":"first","13":"instock","14":"sale","15":"shipping-taxable","16":"purchasable","17":"product-type-simple"},"_links":{"self":[{"href":"https:\/\/roveyayinevi.com.tr\/index.php\/wp-json\/wp\/v2\/product\/767006","targetHints":{"allow":["GET"]}}],"collection":[{"href":"https:\/\/roveyayinevi.com.tr\/index.php\/wp-json\/wp\/v2\/product"}],"about":[{"href":"https:\/\/roveyayinevi.com.tr\/index.php\/wp-json\/wp\/v2\/types\/product"}],"wp:attachment":[{"href":"https:\/\/roveyayinevi.com.tr\/index.php\/wp-json\/wp\/v2\/media?parent=767006"}],"wp:term":[{"taxonomy":"product_brand","embeddable":true,"href":"https:\/\/roveyayinevi.com.tr\/index.php\/wp-json\/wp\/v2\/product_brand?post=767006"},{"taxonomy":"product_cat","embeddable":true,"href":"https:\/\/roveyayinevi.com.tr\/index.php\/wp-json\/wp\/v2\/product_cat?post=767006"},{"taxonomy":"product_tag","embeddable":true,"href":"https:\/\/roveyayinevi.com.tr\/index.php\/wp-json\/wp\/v2\/product_tag?post=767006"}],"curies":[{"name":"wp","href":"https:\/\/api.w.org\/{rel}","templated":true}]}}