{"id":767005,"date":"2025-08-28T12:33:02","date_gmt":"2025-08-28T09:33:02","guid":{"rendered":"https:\/\/roveyayinevi.com.tr\/index.php\/urun\/xvii-yuzyila-ait-bir-menazilname-tuhfetul-huccac\/"},"modified":"2026-04-15T03:32:44","modified_gmt":"2026-04-15T00:32:44","slug":"xvii-yuzyila-ait-bir-menazilname-tuhfetul-huccac","status":"publish","type":"product","link":"https:\/\/roveyayinevi.com.tr\/index.php\/urun\/xvii-yuzyila-ait-bir-menazilname-tuhfetul-huccac\/","title":{"rendered":"XVII. Y\u00fczy\u0131la Ait Bir Menazilname Tuhfet\u00fc\u2019l-Huccac"},"content":{"rendered":"<p>Men\u00e2ziln\u00e2meler, seyahat i\u00e7in takip edilen g\u00fczerg\u00e2h \u00fczerindeki menziller ve bu menziller aras\u0131ndaki mesafeler hakk\u0131nda bilgi vermek amac\u0131yla telif edilen kitaplard\u0131r. \u00d6zellikle \u0130slam \u015fartlar\u0131ndan birisi olan hac i\u00e7in yaz\u0131lanlar \u00e7o\u011funluktad\u0131r. Hem manzum hem de mensur olarak kaleme al\u0131nan men\u00e2ziln\u00e2meler seyahatname \u00f6zelli\u011fi ta\u015f\u0131makla birlikte hac\u0131 adaylar\u0131 i\u00e7in tam bir rehber niteli\u011findedir. Tarihi belge olarak da kabul edilen bu t\u00fcr eserler ait olduklar\u0131 d\u00f6nemle ilgili pek \u00e7ok veriyi g\u00fcn\u00fcm\u00fcze aktar\u0131rlar. Co\u011frafi \u015fekiller, yer adlar\u0131, sosyolojik yap\u0131, tarih, halk anlat\u0131lar\u0131, ticari hayat, inan\u00e7 d\u00fcnyas\u0131 gibi konulara dair bilgilerin yan\u0131 s\u0131ra d\u00f6nemin dil \u00f6zelliklerine de \u0131\u015f\u0131k tutmalar\u0131 bak\u0131m\u0131ndan ara\u015ft\u0131rmac\u0131lar i\u00e7in ba\u015fvuru kayna\u011f\u0131d\u0131r. <\/p>\n","protected":false},"excerpt":{"rendered":"<p>Men\u00e2ziln\u00e2meler, seyahat i\u00e7in takip edilen g\u00fczerg\u00e2h \u00fczerindeki menziller ve bu menziller aras\u0131ndaki mesafeler hakk\u0131nda bilgi vermek amac\u0131yla telif edilen kitaplard\u0131r. \u00d6zellikle \u0130slam \u015fartlar\u0131ndan birisi olan hac<span class=\"excerpt-hellip\"> [\u2026]<\/span><\/p>\n","protected":false},"featured_media":0,"template":"","meta":{"_monsterinsights_skip_tracking":false,"_monsterinsights_sitenote_active":false,"_monsterinsights_sitenote_note":"","_monsterinsights_sitenote_category":0},"product_brand":[],"product_cat":[52477],"product_tag":[],"class_list":{"0":"post-767005","1":"product","2":"type-product","3":"status-publish","5":"product_cat-arastirma","6":"pa_cilt-ciltsiz","7":"pa_tur-kitap","8":"pa_yayinevi-soncag-akademik-kitaplar","9":"pa_yazar-tarik-celik","11":"first","12":"instock","13":"sale","14":"shipping-taxable","15":"purchasable","16":"product-type-simple"},"_links":{"self":[{"href":"https:\/\/roveyayinevi.com.tr\/index.php\/wp-json\/wp\/v2\/product\/767005","targetHints":{"allow":["GET"]}}],"collection":[{"href":"https:\/\/roveyayinevi.com.tr\/index.php\/wp-json\/wp\/v2\/product"}],"about":[{"href":"https:\/\/roveyayinevi.com.tr\/index.php\/wp-json\/wp\/v2\/types\/product"}],"wp:attachment":[{"href":"https:\/\/roveyayinevi.com.tr\/index.php\/wp-json\/wp\/v2\/media?parent=767005"}],"wp:term":[{"taxonomy":"product_brand","embeddable":true,"href":"https:\/\/roveyayinevi.com.tr\/index.php\/wp-json\/wp\/v2\/product_brand?post=767005"},{"taxonomy":"product_cat","embeddable":true,"href":"https:\/\/roveyayinevi.com.tr\/index.php\/wp-json\/wp\/v2\/product_cat?post=767005"},{"taxonomy":"product_tag","embeddable":true,"href":"https:\/\/roveyayinevi.com.tr\/index.php\/wp-json\/wp\/v2\/product_tag?post=767005"}],"curies":[{"name":"wp","href":"https:\/\/api.w.org\/{rel}","templated":true}]}}