{"id":767004,"date":"2025-08-28T12:33:01","date_gmt":"2025-08-28T09:33:01","guid":{"rendered":"https:\/\/roveyayinevi.com.tr\/index.php\/urun\/pierre-bourdieunun-sosyal-teorisi-ve-devlet\/"},"modified":"2026-04-15T03:32:44","modified_gmt":"2026-04-15T00:32:44","slug":"pierre-bourdieunun-sosyal-teorisi-ve-devlet","status":"publish","type":"product","link":"https:\/\/roveyayinevi.com.tr\/index.php\/urun\/pierre-bourdieunun-sosyal-teorisi-ve-devlet\/","title":{"rendered":"Pierre Bourdieu\u2019nun Sosyal Teorisi ve Devlet"},"content":{"rendered":"<p>\u00c7al\u0131\u015fmam\u0131z\u0131n konusu, Frans\u0131z sosyolojisinde \u00f6nemli bir veri olan ve daha \u00e7ok bu kimlikle tan\u0131nan Pierre Bourdieu&#8217;nun devlet hakk\u0131ndaki d\u00fc\u015f\u00fcncelerini sistematik olarak g\u00fcn \u0131\u015f\u0131\u011f\u0131na \u00e7\u0131karmakt\u0131r. o, 21. y\u00fczy\u0131l sosyolojisinde etkin bir isimdir. \u00c7al\u0131\u015fmam\u0131z \u00f6zellikle onun fikir d\u00fcnyas\u0131nda ver alan konular \u00fczerine durularak bir araya getirilmi\u015ftir. Bilhassa da \u00e7al\u0131\u015fmam\u0131z\u0131n konusunu olu\u015fturan, siyaset sosyolojisinde \u00f6nemli bir kavram olan Bourdieu&#8217;nun devlet anlay\u0131\u015f\u0131 \u00fczerinde durulmu\u015ftur.  Devlet olgusu siyaset biliminin \u00f6nemli kavramlar\u0131ndan biridir. G\u00fcn\u00fcm\u00fczde siyaset sosyolojisi i\u00e7inde olduk\u00e7a fazla kar\u015f\u0131m\u0131za \u00e7\u0131kmaktad\u0131r. Ele ald\u0131\u011f\u0131m\u0131z bu \u00e7al\u0131\u015fmam\u0131zda benzer o\u0131arakBourdieu&#8217;nun siyaset sosyolojisi i\u00e7inde \u00f6nemli bir olgu olan devlet teorisine odaklan\u0131lm\u0131\u015f ve onun devlet anlay\u0131\u015f\u0131na ili\u015fkin d\u00fc\u015f\u00fcnceleri ortaya konulmu\u015ftur. Bourdieu, devlet teorisini a\u00e7\u0131klarken ikili bir tan\u0131mlamaya gitmi\u015ftir. Bourdieu&#8217;nun modern \u00f6ncesi ve sonras\u0131 devleti nas\u0131l tan\u0131mlad\u0131\u011f\u0131 ve teorik temellerinin ne oldu\u011fu konusunda \u00f6zellikle de Max Weber&#8217;in tan\u0131m\u0131ndan etkilendi\u011fi g\u00f6r\u00fclm\u00fc\u015ft\u00fcr. Weber, bu tan\u0131m\u0131nda devleti belirli bir toprak par\u00e7as\u0131 \u00fczerinde fiziksel \u015fiddet tekelini elinde tutan bir olgu olarak ele alm\u0131\u015ft\u0131r. Bourdieu, s\u00f6z konusu tan\u0131ma simgesellik boyutunu da eklemi\u015ftir. Ayr\u0131ca burada simgesel iktidar ve simgesel \u015fiddet ba\u011flam\u0131nda devletin temel yap\u0131s\u0131n\u0131 irdelemi\u015ftir. Nihayetinde \u00e7al\u0131\u015fmada Bourdieu&#8217;nun devletin olu\u015fum a\u015famalar\u0131na ili\u015fkin fikirlerine ver verilmi\u015ftir. Bu a\u015famalar incelenirken 4&#8217;1\u00fc bir s\u0131ralamaya gidilmi\u015ftir, bunlar; sermaye yo\u011funla\u015fma a\u015famas\u0131, hanedan devleti, kral evinden devlet akl\u0131na ve b\u00fcrokratik devletten refah devletine a\u015famalar\u0131 olarak tespit edilmi\u015ftir. Bourdieu, bunlar\u0131n d\u0131\u015f\u0131nda modern devletin olu\u015fumunda 4 modelden de faydalanm\u0131\u015ft\u0131r, bunlar\u0131n ilki, Norbert Elias, ikincisi, Charles TillV, \u00fc\u00e7\u00fcnc\u00fcs\u00fc, Philip corrigan ve D\u00f6rd\u00fcnc\u00fcs\u00fc Deret saver&#8217;dir. sonu\u00e7 olarak \u00e7al\u0131\u015fmam\u0131zda, Bourdieu&#8217;nun devlet teorisinin b\u00fct\u00fcn \u00f6zellikleri verilmeye \u00e7al\u0131\u015f\u0131lm\u0131\u015ft\u0131r. <\/p>\n","protected":false},"excerpt":{"rendered":"<p>\u00c7al\u0131\u015fmam\u0131z\u0131n konusu, Frans\u0131z sosyolojisinde \u00f6nemli bir veri olan ve daha \u00e7ok bu kimlikle tan\u0131nan Pierre Bourdieu&#8217;nun devlet hakk\u0131ndaki d\u00fc\u015f\u00fcncelerini sistematik olarak g\u00fcn \u0131\u015f\u0131\u011f\u0131na \u00e7\u0131karmakt\u0131r. o, 21.<span class=\"excerpt-hellip\"> [\u2026]<\/span><\/p>\n","protected":false},"featured_media":0,"template":"","meta":{"_monsterinsights_skip_tracking":false,"_monsterinsights_sitenote_active":false,"_monsterinsights_sitenote_note":"","_monsterinsights_sitenote_category":0},"product_brand":[],"product_cat":[12351,12324],"product_tag":[],"class_list":{"0":"post-767004","1":"product","2":"type-product","3":"status-publish","5":"product_cat-siyaset-sosyolojisi","6":"product_cat-sosyoloji","7":"pa_cilt-ciltsiz","8":"pa_tur-kitap","9":"pa_yayinevi-soncag-akademik-kitaplar","10":"pa_yazar-ahmet-bektas","12":"first","13":"instock","14":"sale","15":"shipping-taxable","16":"purchasable","17":"product-type-simple"},"_links":{"self":[{"href":"https:\/\/roveyayinevi.com.tr\/index.php\/wp-json\/wp\/v2\/product\/767004","targetHints":{"allow":["GET"]}}],"collection":[{"href":"https:\/\/roveyayinevi.com.tr\/index.php\/wp-json\/wp\/v2\/product"}],"about":[{"href":"https:\/\/roveyayinevi.com.tr\/index.php\/wp-json\/wp\/v2\/types\/product"}],"wp:attachment":[{"href":"https:\/\/roveyayinevi.com.tr\/index.php\/wp-json\/wp\/v2\/media?parent=767004"}],"wp:term":[{"taxonomy":"product_brand","embeddable":true,"href":"https:\/\/roveyayinevi.com.tr\/index.php\/wp-json\/wp\/v2\/product_brand?post=767004"},{"taxonomy":"product_cat","embeddable":true,"href":"https:\/\/roveyayinevi.com.tr\/index.php\/wp-json\/wp\/v2\/product_cat?post=767004"},{"taxonomy":"product_tag","embeddable":true,"href":"https:\/\/roveyayinevi.com.tr\/index.php\/wp-json\/wp\/v2\/product_tag?post=767004"}],"curies":[{"name":"wp","href":"https:\/\/api.w.org\/{rel}","templated":true}]}}