{"id":767003,"date":"2025-08-28T12:33:00","date_gmt":"2025-08-28T09:33:00","guid":{"rendered":"https:\/\/roveyayinevi.com.tr\/index.php\/urun\/cevre-ekolojik-iktisat-buyume-ve-surdurulebilirlik-iliskileri\/"},"modified":"2026-03-28T03:24:51","modified_gmt":"2026-03-28T00:24:51","slug":"cevre-ekolojik-iktisat-buyume-ve-surdurulebilirlik-iliskileri","status":"publish","type":"product","link":"https:\/\/roveyayinevi.com.tr\/index.php\/urun\/cevre-ekolojik-iktisat-buyume-ve-surdurulebilirlik-iliskileri\/","title":{"rendered":"\u00c7evre, Ekolojik \u0130ktisat, B\u00fcy\u00fcme ve S\u00fcrd\u00fcr\u00fclebilirlik \u0130li\u015fkileri"},"content":{"rendered":"<p>20. y\u00fczy\u0131l\u0131n son \u00e7eyre\u011finde tart\u0131\u015f\u0131lmaya ba\u015flayan \u00e7evre sorunu, 21. y\u00fczy\u0131l\u0131n hemen en \u00f6nemli problemlerinden biri haline gelmi\u015ftir. Son y\u0131llarda ekonomi literat\u00fcr\u00fcnde \u00e7evre ve ekonomi ili\u015fkilerine dair \u00f6nemli yay\u0131nlar yap\u0131lsa da halen \u00f6zellikle T\u00fcrkiye\u2019de \u00e7evre, ekoloji, ekonomik b\u00fcy\u00fcme ve s\u00fcrd\u00fcr\u00fclebilirlik ili\u015fkilerini irdeleyen \u00e7ok fazla kaynak bulunmamaktad\u0131r. Elinizdeki kitap bu bo\u015flu\u011fun \u00e7ok ufak bir k\u0131sm\u0131n\u0131 doldurabilmek amac\u0131yla kaleme al\u0131nm\u0131\u015ft\u0131r. Asl\u0131nda as\u0131rlar \u00f6nce bilge K\u0131z\u0131lderililer, \u201cD\u00fcnya bize atalar\u0131m\u0131z\u0131n miras\u0131 de\u011fil, torunlar\u0131m\u0131z\u0131n emanetidir\u201d darb\u0131meseliyle s\u00fcrd\u00fcr\u00fclebilirli\u011fi \u00e7ok \u00e7arp\u0131c\u0131 bir bi\u00e7imde \u00f6zetlemi\u015ftir. Ancak 21. y\u00fczy\u0131lda olunmas\u0131na ve \u00fcst\u00fcn teknolojiye ra\u011fmen, gelecek nesillerimizi hayal k\u0131r\u0131kl\u0131\u011f\u0131na u\u011fratmaya devam ediyoruz. S\u00fcrd\u00fcr\u00fclebilirlik, ekonomik b\u00fcy\u00fcme ve ekonomik kalk\u0131nma aras\u0131nda \u00e7ok s\u0131k\u0131 bir ili\u015fki bulunmaktad\u0131r. Ekolojik tahribata neden olmadan ya da en asgari zarar ile bir ekonomik b\u00fcy\u00fcme yarat\u0131labilir mi? Ekonomik b\u00fcy\u00fcme modern d\u00fcnyan\u0131n ve ekonomilerin olmazsa olmaz\u0131 m\u0131d\u0131r? Ekonomik b\u00fcy\u00fcme olmadan ya da minimum b\u00fcy\u00fcme oranlar\u0131 ile ekonomik kalk\u0131nma ve \u00e7evre sorunlar\u0131n\u0131n \u00e7\u00f6z\u00fcm\u00fc sa\u011flanabilir mi? Bat\u0131l\u0131 geli\u015fmi\u015f \u00fclkelerin, geli\u015fmekte olan ve az geli\u015fmi\u015f \u00fclkeler i\u00e7in \u00f6ng\u00f6rd\u00fc\u011f\u00fc \u00e7evre\/b\u00fcy\u00fcme modellerinin uygulanabilirli\u011fi bulunmakta m\u0131d\u0131r? Geli\u015fmi\u015f bat\u0131l\u0131 \u00fclkeler ve dev k\u00fcresel kapitalist firmalar \u00e7evre sorununa kar\u015f\u0131 ikiy\u00fczl\u00fc bir tav\u0131r m\u0131 sergilemektedir. Son olarak yerk\u00fcremiz ve gelecek nesillerimiz i\u00e7in halen umut var m\u0131d\u0131r? Elinizdeki kitapta bu sorulara yan\u0131t bulabilirsiniz. <\/p>\n","protected":false},"excerpt":{"rendered":"<p>20. y\u00fczy\u0131l\u0131n son \u00e7eyre\u011finde tart\u0131\u015f\u0131lmaya ba\u015flayan \u00e7evre sorunu, 21. y\u00fczy\u0131l\u0131n hemen en \u00f6nemli problemlerinden biri haline gelmi\u015ftir. Son y\u0131llarda ekonomi literat\u00fcr\u00fcnde \u00e7evre ve ekonomi ili\u015fkilerine dair<span class=\"excerpt-hellip\"> [\u2026]<\/span><\/p>\n","protected":false},"featured_media":0,"template":"","meta":{"_monsterinsights_skip_tracking":false,"_monsterinsights_sitenote_active":false,"_monsterinsights_sitenote_note":"","_monsterinsights_sitenote_category":0},"product_brand":[],"product_cat":[23323,12364],"product_tag":[],"class_list":{"0":"post-767003","1":"product","2":"type-product","3":"status-publish","5":"product_cat-ekoloji","6":"product_cat-genel-konular","7":"pa_cilt-ciltsiz","8":"pa_tur-kitap","9":"pa_yayinevi-efil-yayinevi","10":"pa_yazar-cengiz-zengin","12":"first","13":"instock","14":"sale","15":"shipping-taxable","16":"purchasable","17":"product-type-simple"},"_links":{"self":[{"href":"https:\/\/roveyayinevi.com.tr\/index.php\/wp-json\/wp\/v2\/product\/767003","targetHints":{"allow":["GET"]}}],"collection":[{"href":"https:\/\/roveyayinevi.com.tr\/index.php\/wp-json\/wp\/v2\/product"}],"about":[{"href":"https:\/\/roveyayinevi.com.tr\/index.php\/wp-json\/wp\/v2\/types\/product"}],"wp:attachment":[{"href":"https:\/\/roveyayinevi.com.tr\/index.php\/wp-json\/wp\/v2\/media?parent=767003"}],"wp:term":[{"taxonomy":"product_brand","embeddable":true,"href":"https:\/\/roveyayinevi.com.tr\/index.php\/wp-json\/wp\/v2\/product_brand?post=767003"},{"taxonomy":"product_cat","embeddable":true,"href":"https:\/\/roveyayinevi.com.tr\/index.php\/wp-json\/wp\/v2\/product_cat?post=767003"},{"taxonomy":"product_tag","embeddable":true,"href":"https:\/\/roveyayinevi.com.tr\/index.php\/wp-json\/wp\/v2\/product_tag?post=767003"}],"curies":[{"name":"wp","href":"https:\/\/api.w.org\/{rel}","templated":true}]}}