{"id":767002,"date":"2025-08-28T12:32:59","date_gmt":"2025-08-28T09:32:59","guid":{"rendered":"https:\/\/roveyayinevi.com.tr\/index.php\/urun\/futbolcularda-icsel-ve-dissal-antrenman-yuk-yonetimi-ve-mac-performans-takibi\/"},"modified":"2026-04-15T03:32:44","modified_gmt":"2026-04-15T00:32:44","slug":"futbolcularda-icsel-ve-dissal-antrenman-yuk-yonetimi-ve-mac-performans-takibi","status":"publish","type":"product","link":"https:\/\/roveyayinevi.com.tr\/index.php\/urun\/futbolcularda-icsel-ve-dissal-antrenman-yuk-yonetimi-ve-mac-performans-takibi\/","title":{"rendered":"Futbolcularda \u0130\u00e7sel ve D\u0131\u015fsal Antrenman Y\u00fck Y\u00f6netimi ve Ma\u00e7 Performans Takibi"},"content":{"rendered":"<p>\u0130\u00e7indekiler :           1.G\u0130R\u0130\u015e         2. SONU\u00c7         3. KAYNAKLAR <\/p>\n","protected":false},"excerpt":{"rendered":"<p>\u0130\u00e7indekiler : 1.G\u0130R\u0130\u015e 2. SONU\u00c7 3. KAYNAKLAR<\/p>\n","protected":false},"featured_media":0,"template":"","meta":{"_monsterinsights_skip_tracking":false,"_monsterinsights_sitenote_active":false,"_monsterinsights_sitenote_note":"","_monsterinsights_sitenote_category":0},"product_brand":[],"product_cat":[15563,15564],"product_tag":[],"class_list":{"0":"post-767002","1":"product","2":"type-product","3":"status-publish","5":"product_cat-hobi","6":"product_cat-spor","7":"pa_cilt-ciltsiz","8":"pa_tur-kitap","9":"pa_yayinevi-gazi-kitabevi","10":"pa_yazar-tarkan-sogut","12":"first","13":"instock","14":"sale","15":"shipping-taxable","16":"purchasable","17":"product-type-simple"},"_links":{"self":[{"href":"https:\/\/roveyayinevi.com.tr\/index.php\/wp-json\/wp\/v2\/product\/767002","targetHints":{"allow":["GET"]}}],"collection":[{"href":"https:\/\/roveyayinevi.com.tr\/index.php\/wp-json\/wp\/v2\/product"}],"about":[{"href":"https:\/\/roveyayinevi.com.tr\/index.php\/wp-json\/wp\/v2\/types\/product"}],"wp:attachment":[{"href":"https:\/\/roveyayinevi.com.tr\/index.php\/wp-json\/wp\/v2\/media?parent=767002"}],"wp:term":[{"taxonomy":"product_brand","embeddable":true,"href":"https:\/\/roveyayinevi.com.tr\/index.php\/wp-json\/wp\/v2\/product_brand?post=767002"},{"taxonomy":"product_cat","embeddable":true,"href":"https:\/\/roveyayinevi.com.tr\/index.php\/wp-json\/wp\/v2\/product_cat?post=767002"},{"taxonomy":"product_tag","embeddable":true,"href":"https:\/\/roveyayinevi.com.tr\/index.php\/wp-json\/wp\/v2\/product_tag?post=767002"}],"curies":[{"name":"wp","href":"https:\/\/api.w.org\/{rel}","templated":true}]}}