{"id":767001,"date":"2025-08-28T12:32:57","date_gmt":"2025-08-28T09:32:57","guid":{"rendered":"https:\/\/roveyayinevi.com.tr\/index.php\/urun\/ortaogretim-ogrencilerinde-fiziksel-aktivite-ve-fiziksel-uygunluk-duzeyleri-kirsal-sehir-karsilastirmasi\/"},"modified":"2026-04-15T03:32:44","modified_gmt":"2026-04-15T00:32:44","slug":"ortaogretim-ogrencilerinde-fiziksel-aktivite-ve-fiziksel-uygunluk-duzeyleri-kirsal-sehir-karsilastirmasi","status":"publish","type":"product","link":"https:\/\/roveyayinevi.com.tr\/index.php\/urun\/ortaogretim-ogrencilerinde-fiziksel-aktivite-ve-fiziksel-uygunluk-duzeyleri-kirsal-sehir-karsilastirmasi\/","title":{"rendered":"Orta\u00f6\u011fretim \u00d6\u011frencilerinde Fiziksel Aktivite Ve Fiziksel Uygunluk D\u00fczeyleri: K\u0131rsal-\u015eehir Kar\u015f\u0131la\u015ft\u0131rmas\u0131"},"content":{"rendered":"<p>1. \u00d6ZET   2. ABSTRACT   3. G\u0130R\u0130\u015e VE AMA\u00c7   4. GENEL B\u0130LG\u0130LER   5. GERE\u00c7 VE Y\u00d6NTEM   6. BULGULAR   7. TARTI\u015eMA ve SONU\u00c7 <\/p>\n","protected":false},"excerpt":{"rendered":"<p>1. \u00d6ZET 2. ABSTRACT 3. G\u0130R\u0130\u015e VE AMA\u00c7 4. GENEL B\u0130LG\u0130LER 5. GERE\u00c7 VE Y\u00d6NTEM 6. BULGULAR 7. TARTI\u015eMA ve SONU\u00c7<\/p>\n","protected":false},"featured_media":0,"template":"","meta":{"_monsterinsights_skip_tracking":false,"_monsterinsights_sitenote_active":false,"_monsterinsights_sitenote_note":"","_monsterinsights_sitenote_category":0},"product_brand":[],"product_cat":[12573,12566],"product_tag":[],"class_list":{"0":"post-767001","1":"product","2":"type-product","3":"status-publish","5":"product_cat-akademik-kitaplar","6":"product_cat-egitim","7":"pa_cilt-ciltsiz","8":"pa_tur-kitap","9":"pa_yayinevi-gazi-kitabevi","10":"pa_yazar-omer-faruk-bulut","12":"first","13":"instock","14":"sale","15":"shipping-taxable","16":"purchasable","17":"product-type-simple"},"_links":{"self":[{"href":"https:\/\/roveyayinevi.com.tr\/index.php\/wp-json\/wp\/v2\/product\/767001","targetHints":{"allow":["GET"]}}],"collection":[{"href":"https:\/\/roveyayinevi.com.tr\/index.php\/wp-json\/wp\/v2\/product"}],"about":[{"href":"https:\/\/roveyayinevi.com.tr\/index.php\/wp-json\/wp\/v2\/types\/product"}],"wp:attachment":[{"href":"https:\/\/roveyayinevi.com.tr\/index.php\/wp-json\/wp\/v2\/media?parent=767001"}],"wp:term":[{"taxonomy":"product_brand","embeddable":true,"href":"https:\/\/roveyayinevi.com.tr\/index.php\/wp-json\/wp\/v2\/product_brand?post=767001"},{"taxonomy":"product_cat","embeddable":true,"href":"https:\/\/roveyayinevi.com.tr\/index.php\/wp-json\/wp\/v2\/product_cat?post=767001"},{"taxonomy":"product_tag","embeddable":true,"href":"https:\/\/roveyayinevi.com.tr\/index.php\/wp-json\/wp\/v2\/product_tag?post=767001"}],"curies":[{"name":"wp","href":"https:\/\/api.w.org\/{rel}","templated":true}]}}