{"id":766999,"date":"2025-08-28T12:32:52","date_gmt":"2025-08-28T09:32:52","guid":{"rendered":"https:\/\/roveyayinevi.com.tr\/index.php\/urun\/sihirli-agac-evi-cizgi-roman-5-ninjalarin-gecesi\/"},"modified":"2026-04-15T03:32:44","modified_gmt":"2026-04-15T00:32:44","slug":"sihirli-agac-evi-cizgi-roman-5-ninjalarin-gecesi","status":"publish","type":"product","link":"https:\/\/roveyayinevi.com.tr\/index.php\/urun\/sihirli-agac-evi-cizgi-roman-5-ninjalarin-gecesi\/","title":{"rendered":"Sihirli A\u011fa\u00e7 Evi -\u00c7izgi Roman- 5: Ninjalar\u0131n Gecesi"},"content":{"rendered":"<p>D\u00fcnya \u00e7ocuklar\u0131n\u0131n sevgilisi Sihirli A\u011fa\u00e7 Evi \u015fimdi \u00e7izgi roman!   DO\u011eAYI KULLAN. DO\u011eANIN KEND\u0130S\u0130 OL. DO\u011eAYI TAK\u0130P ET.   Tim ve Lea yeni maceralar\u0131nda bu kez Eski Japonya&#8217;ya gidiyor! \u0130ki karde\u015f sihirli a\u011fa\u00e7 evine t\u0131rmand\u0131\u011f\u0131nda Morgan&#8217;\u0131n kayboldu\u011funu \u2013belki de ka\u00e7\u0131r\u0131ld\u0131\u011f\u0131n\u0131!\u2013 ve onlara gizemli bir not b\u0131rakt\u0131\u011f\u0131n\u0131 g\u00f6r\u00fcyor: Evet, Morgan\u2019\u0131n kesinlikle yard\u0131ma ihtiyac\u0131 var. Tim ve Lea onu ararken ninjalarla samuraylar\u0131n ortas\u0131na d\u00fc\u015f\u00fcveriyor.   Bakal\u0131m birer ninja m\u0131 olacaklar, yoksa samuraylar taraf\u0131ndan esir mi al\u0131nacaklar?   Sihirli A\u011fa\u00e7 Evi serisi hakk\u0131nda: K\u00fc\u00e7\u00fck okurlar\u0131 hem okuma keyfi hem de tarihteki farkl\u0131 k\u00fclt\u00fcrlerle tan\u0131\u015ft\u0131ran Sihirli A\u011fa\u00e7 Evi serisi bu y\u00f6n\u00fcyle sadece d\u00fcnyan\u0131n d\u00f6rt bir yan\u0131ndaki \u00e7ocuklar\u0131n de\u011fil, anne babalar ve e\u011fitimcilerin de g\u00f6zdesi oldu. New York Times \u00e7oksatanlar listesinde bir numaraya kadar \u00e7\u0131k\u0131p be\u015f y\u0131ldan uzun bir s\u00fcre bu listede kalmay\u0131 ba\u015faran, 33 dilde 130 milyondan fazla satan bu \u00f6d\u00fcll\u00fc seri, \u015fimdi rengarenk ve soluksuz okutan \u00e7izimleriyle \u00e7izgi roman format\u0131nda okurunun kar\u015f\u0131s\u0131nda. <\/p>\n","protected":false},"excerpt":{"rendered":"<p>D\u00fcnya \u00e7ocuklar\u0131n\u0131n sevgilisi Sihirli A\u011fa\u00e7 Evi \u015fimdi \u00e7izgi roman! DO\u011eAYI KULLAN. DO\u011eANIN KEND\u0130S\u0130 OL. DO\u011eAYI TAK\u0130P ET. Tim ve Lea yeni maceralar\u0131nda bu kez Eski Japonya&#8217;ya<span class=\"excerpt-hellip\"> [\u2026]<\/span><\/p>\n","protected":false},"featured_media":0,"template":"","meta":{"_monsterinsights_skip_tracking":false,"_monsterinsights_sitenote_active":false,"_monsterinsights_sitenote_note":"","_monsterinsights_sitenote_category":0},"product_brand":[],"product_cat":[12689,12274],"product_tag":[],"class_list":{"0":"post-766999","1":"product","2":"type-product","3":"status-publish","5":"product_cat-cizgi-roman-cocuk-ve-genclik-kitaplari","6":"product_cat-cocuk-ve-genclik-kitaplari","7":"pa_cilt-ciltsiz","8":"pa_tur-kitap","9":"pa_yayinevi-domingo-yayinevi","10":"pa_yazar-mary-pope-osborne","12":"first","13":"instock","14":"sale","15":"shipping-taxable","16":"purchasable","17":"product-type-simple"},"_links":{"self":[{"href":"https:\/\/roveyayinevi.com.tr\/index.php\/wp-json\/wp\/v2\/product\/766999","targetHints":{"allow":["GET"]}}],"collection":[{"href":"https:\/\/roveyayinevi.com.tr\/index.php\/wp-json\/wp\/v2\/product"}],"about":[{"href":"https:\/\/roveyayinevi.com.tr\/index.php\/wp-json\/wp\/v2\/types\/product"}],"wp:attachment":[{"href":"https:\/\/roveyayinevi.com.tr\/index.php\/wp-json\/wp\/v2\/media?parent=766999"}],"wp:term":[{"taxonomy":"product_brand","embeddable":true,"href":"https:\/\/roveyayinevi.com.tr\/index.php\/wp-json\/wp\/v2\/product_brand?post=766999"},{"taxonomy":"product_cat","embeddable":true,"href":"https:\/\/roveyayinevi.com.tr\/index.php\/wp-json\/wp\/v2\/product_cat?post=766999"},{"taxonomy":"product_tag","embeddable":true,"href":"https:\/\/roveyayinevi.com.tr\/index.php\/wp-json\/wp\/v2\/product_tag?post=766999"}],"curies":[{"name":"wp","href":"https:\/\/api.w.org\/{rel}","templated":true}]}}