{"id":766998,"date":"2025-08-28T12:32:51","date_gmt":"2025-08-28T09:32:51","guid":{"rendered":"https:\/\/roveyayinevi.com.tr\/index.php\/urun\/cocuklarda-hareket-egitimi-ve-motor-gelisim\/"},"modified":"2026-04-15T03:32:44","modified_gmt":"2026-04-15T00:32:44","slug":"cocuklarda-hareket-egitimi-ve-motor-gelisim","status":"publish","type":"product","link":"https:\/\/roveyayinevi.com.tr\/index.php\/urun\/cocuklarda-hareket-egitimi-ve-motor-gelisim\/","title":{"rendered":"\u00c7ocuklarda Hareket E\u011fitimi ve Motor Geli\u015fim"},"content":{"rendered":"<p>B\u00d6L\u00dcM 1 HAREKET EG\u0130T\u0130M\u0130   B\u00d6L\u00dcM 2 GEL\u0130\u015e\u0130M VE GEL\u0130\u015e\u0130M ALANLARI   B\u00d6L\u00dcM 3 MOTOR GEL\u0130\u015e\u0130M\u0130N \u00d6NEM\u0130   B\u00d6L\u00dcM 4 MOTOR GEL\u0130\u015e\u0130M VE HAREKET ALANLARI   B\u00d6L\u00dcM 5  MOTOR GEL\u0130\u015e\u0130M KURAMLARI   B\u00d6L\u00dcM 6 MOTOR GEL\u0130\u015e\u0130M D\u00d6NEMLER\u0130     B\u00d6L\u00dcM 7 MOTOR GEL\u0130\u015e\u0130M\u0130 ETK\u0130LEYEN FAKT\u00d6RLER   B\u00d6L\u00dcM 8 MOTOR \u00d6ZELL\u0130KLER VE GEL\u0130\u015e\u0130M\u0130 <\/p>\n","protected":false},"excerpt":{"rendered":"<p>B\u00d6L\u00dcM 1 HAREKET EG\u0130T\u0130M\u0130 B\u00d6L\u00dcM 2 GEL\u0130\u015e\u0130M VE GEL\u0130\u015e\u0130M ALANLARI B\u00d6L\u00dcM 3 MOTOR GEL\u0130\u015e\u0130M\u0130N \u00d6NEM\u0130 B\u00d6L\u00dcM 4 MOTOR GEL\u0130\u015e\u0130M VE HAREKET ALANLARI B\u00d6L\u00dcM 5 MOTOR GEL\u0130\u015e\u0130M<span class=\"excerpt-hellip\"> [\u2026]<\/span><\/p>\n","protected":false},"featured_media":0,"template":"","meta":{"_monsterinsights_skip_tracking":false,"_monsterinsights_sitenote_active":false,"_monsterinsights_sitenote_note":"","_monsterinsights_sitenote_category":0},"product_brand":[],"product_cat":[12573,12566],"product_tag":[],"class_list":{"0":"post-766998","1":"product","2":"type-product","3":"status-publish","5":"product_cat-akademik-kitaplar","6":"product_cat-egitim","7":"pa_cilt-ciltsiz","8":"pa_tur-kitap","9":"pa_yayinevi-gazi-kitabevi","10":"pa_yazar-hande-yazicioglu-caliskan","12":"first","13":"instock","14":"sale","15":"shipping-taxable","16":"purchasable","17":"product-type-simple"},"_links":{"self":[{"href":"https:\/\/roveyayinevi.com.tr\/index.php\/wp-json\/wp\/v2\/product\/766998","targetHints":{"allow":["GET"]}}],"collection":[{"href":"https:\/\/roveyayinevi.com.tr\/index.php\/wp-json\/wp\/v2\/product"}],"about":[{"href":"https:\/\/roveyayinevi.com.tr\/index.php\/wp-json\/wp\/v2\/types\/product"}],"wp:attachment":[{"href":"https:\/\/roveyayinevi.com.tr\/index.php\/wp-json\/wp\/v2\/media?parent=766998"}],"wp:term":[{"taxonomy":"product_brand","embeddable":true,"href":"https:\/\/roveyayinevi.com.tr\/index.php\/wp-json\/wp\/v2\/product_brand?post=766998"},{"taxonomy":"product_cat","embeddable":true,"href":"https:\/\/roveyayinevi.com.tr\/index.php\/wp-json\/wp\/v2\/product_cat?post=766998"},{"taxonomy":"product_tag","embeddable":true,"href":"https:\/\/roveyayinevi.com.tr\/index.php\/wp-json\/wp\/v2\/product_tag?post=766998"}],"curies":[{"name":"wp","href":"https:\/\/api.w.org\/{rel}","templated":true}]}}