{"id":766997,"date":"2025-08-28T12:32:49","date_gmt":"2025-08-28T09:32:49","guid":{"rendered":"https:\/\/roveyayinevi.com.tr\/index.php\/urun\/hizli-moda-endustrisinde-urun-tasarimindaki-degisikliklerin-tedarikci-sirketler-uzerindeki-zincirleme-etkileri\/"},"modified":"2026-04-15T03:32:44","modified_gmt":"2026-04-15T00:32:44","slug":"hizli-moda-endustrisinde-urun-tasarimindaki-degisikliklerin-tedarikci-sirketler-uzerindeki-zincirleme-etkileri","status":"publish","type":"product","link":"https:\/\/roveyayinevi.com.tr\/index.php\/urun\/hizli-moda-endustrisinde-urun-tasarimindaki-degisikliklerin-tedarikci-sirketler-uzerindeki-zincirleme-etkileri\/","title":{"rendered":"H\u0131zl\u0131 Moda End\u00fcstrisinde \u00dcr\u00fcn Tasar\u0131m\u0131ndaki De\u011fi\u015fikliklerin Tedarik\u00e7i \u015eirketler \u00dczerindeki Zincirleme Etkileri"},"content":{"rendered":"<p>B\u00d6L\u00dcM 1 HIZLI MODA END\u00dcSTR\u0130S\u0130   B\u00d6L\u00dcM 2 \u00dcR\u00dcN TASARIMI VE TEDAR\u0130K\u00c7\u0130LER   B\u00d6L\u00dcM 3 VAKA \u0130NCELEMELER\u0130NDEN \u00c7IKARILAN SONU\u00c7LAR <\/p>\n","protected":false},"excerpt":{"rendered":"<p>B\u00d6L\u00dcM 1 HIZLI MODA END\u00dcSTR\u0130S\u0130 B\u00d6L\u00dcM 2 \u00dcR\u00dcN TASARIMI VE TEDAR\u0130K\u00c7\u0130LER B\u00d6L\u00dcM 3 VAKA \u0130NCELEMELER\u0130NDEN \u00c7IKARILAN SONU\u00c7LAR<\/p>\n","protected":false},"featured_media":0,"template":"","meta":{"_monsterinsights_skip_tracking":false,"_monsterinsights_sitenote_active":false,"_monsterinsights_sitenote_note":"","_monsterinsights_sitenote_category":0},"product_brand":[],"product_cat":[14841,13043],"product_tag":[],"class_list":{"0":"post-766997","1":"product","2":"type-product","3":"status-publish","5":"product_cat-arastirma-inceleme-kuram","6":"product_cat-ekonomi","7":"pa_cilt-ciltsiz","8":"pa_tur-kitap","9":"pa_yayinevi-gazi-kitabevi","10":"pa_yazar-nihan-ozkan","12":"first","13":"instock","14":"sale","15":"shipping-taxable","16":"purchasable","17":"product-type-simple"},"_links":{"self":[{"href":"https:\/\/roveyayinevi.com.tr\/index.php\/wp-json\/wp\/v2\/product\/766997","targetHints":{"allow":["GET"]}}],"collection":[{"href":"https:\/\/roveyayinevi.com.tr\/index.php\/wp-json\/wp\/v2\/product"}],"about":[{"href":"https:\/\/roveyayinevi.com.tr\/index.php\/wp-json\/wp\/v2\/types\/product"}],"wp:attachment":[{"href":"https:\/\/roveyayinevi.com.tr\/index.php\/wp-json\/wp\/v2\/media?parent=766997"}],"wp:term":[{"taxonomy":"product_brand","embeddable":true,"href":"https:\/\/roveyayinevi.com.tr\/index.php\/wp-json\/wp\/v2\/product_brand?post=766997"},{"taxonomy":"product_cat","embeddable":true,"href":"https:\/\/roveyayinevi.com.tr\/index.php\/wp-json\/wp\/v2\/product_cat?post=766997"},{"taxonomy":"product_tag","embeddable":true,"href":"https:\/\/roveyayinevi.com.tr\/index.php\/wp-json\/wp\/v2\/product_tag?post=766997"}],"curies":[{"name":"wp","href":"https:\/\/api.w.org\/{rel}","templated":true}]}}