{"id":766996,"date":"2025-08-28T12:32:48","date_gmt":"2025-08-28T09:32:48","guid":{"rendered":"https:\/\/roveyayinevi.com.tr\/index.php\/urun\/baglilik-mottosu-perspektifinden-trabzonspor-taraftarligi\/"},"modified":"2026-04-15T03:32:44","modified_gmt":"2026-04-15T00:32:44","slug":"baglilik-mottosu-perspektifinden-trabzonspor-taraftarligi","status":"publish","type":"product","link":"https:\/\/roveyayinevi.com.tr\/index.php\/urun\/baglilik-mottosu-perspektifinden-trabzonspor-taraftarligi\/","title":{"rendered":"Ba\u011fl\u0131l\u0131k Mottosu Perspektifinden Trabzonspor Taraftarl\u0131\u011f\u0131"},"content":{"rendered":"<p>1. G\u0130R\u0130\u015e     2. GENEL B\u0130LG\u0130LER     3. Y\u00d6NTEM     4. BULGULAR     5. TARTI\u015eMA     6. G\u00d6R\u00dc\u015eMELERDEN GER\u0130YE KALANLAR <\/p>\n","protected":false},"excerpt":{"rendered":"<p>1. G\u0130R\u0130\u015e 2. GENEL B\u0130LG\u0130LER 3. Y\u00d6NTEM 4. BULGULAR 5. TARTI\u015eMA 6. G\u00d6R\u00dc\u015eMELERDEN GER\u0130YE KALANLAR<\/p>\n","protected":false},"featured_media":0,"template":"","meta":{"_monsterinsights_skip_tracking":false,"_monsterinsights_sitenote_active":false,"_monsterinsights_sitenote_note":"","_monsterinsights_sitenote_category":0},"product_brand":[],"product_cat":[15563,15564],"product_tag":[],"class_list":{"0":"post-766996","1":"product","2":"type-product","3":"status-publish","5":"product_cat-hobi","6":"product_cat-spor","7":"pa_cilt-ciltsiz","8":"pa_tur-kitap","9":"pa_yayinevi-gazi-kitabevi","10":"pa_yazar-emin-ozdemir","12":"first","13":"instock","14":"sale","15":"shipping-taxable","16":"purchasable","17":"product-type-simple"},"_links":{"self":[{"href":"https:\/\/roveyayinevi.com.tr\/index.php\/wp-json\/wp\/v2\/product\/766996","targetHints":{"allow":["GET"]}}],"collection":[{"href":"https:\/\/roveyayinevi.com.tr\/index.php\/wp-json\/wp\/v2\/product"}],"about":[{"href":"https:\/\/roveyayinevi.com.tr\/index.php\/wp-json\/wp\/v2\/types\/product"}],"wp:attachment":[{"href":"https:\/\/roveyayinevi.com.tr\/index.php\/wp-json\/wp\/v2\/media?parent=766996"}],"wp:term":[{"taxonomy":"product_brand","embeddable":true,"href":"https:\/\/roveyayinevi.com.tr\/index.php\/wp-json\/wp\/v2\/product_brand?post=766996"},{"taxonomy":"product_cat","embeddable":true,"href":"https:\/\/roveyayinevi.com.tr\/index.php\/wp-json\/wp\/v2\/product_cat?post=766996"},{"taxonomy":"product_tag","embeddable":true,"href":"https:\/\/roveyayinevi.com.tr\/index.php\/wp-json\/wp\/v2\/product_tag?post=766996"}],"curies":[{"name":"wp","href":"https:\/\/api.w.org\/{rel}","templated":true}]}}