{"id":766993,"date":"2025-08-28T12:32:43","date_gmt":"2025-08-28T09:32:43","guid":{"rendered":"https:\/\/roveyayinevi.com.tr\/index.php\/urun\/islami-finans-genel-bakis-ve-guncel-gelismeler\/"},"modified":"2026-04-15T03:32:44","modified_gmt":"2026-04-15T00:32:44","slug":"islami-finans-genel-bakis-ve-guncel-gelismeler","status":"publish","type":"product","link":"https:\/\/roveyayinevi.com.tr\/index.php\/urun\/islami-finans-genel-bakis-ve-guncel-gelismeler\/","title":{"rendered":"\u0130slami Finans Genel Bak\u0131\u015f ve G\u00fcncel Geli\u015fmeler"},"content":{"rendered":"<p>B\u0130R\u0130NC\u0130 KISIM \u0130SLAM\u0130 F\u0130NANSA KAVRAMSAL BAKI\u015e   \u0130K\u0130NC\u0130 B\u00d6L\u00dcM T\u00dcRK\u0130YE\u2019DE \u0130SLAM\u0130 F\u0130NANS <\/p>\n","protected":false},"excerpt":{"rendered":"<p>B\u0130R\u0130NC\u0130 KISIM \u0130SLAM\u0130 F\u0130NANSA KAVRAMSAL BAKI\u015e \u0130K\u0130NC\u0130 B\u00d6L\u00dcM T\u00dcRK\u0130YE\u2019DE \u0130SLAM\u0130 F\u0130NANS<\/p>\n","protected":false},"featured_media":0,"template":"","meta":{"_monsterinsights_skip_tracking":false,"_monsterinsights_sitenote_active":false,"_monsterinsights_sitenote_note":"","_monsterinsights_sitenote_category":0},"product_brand":[],"product_cat":[17249,13043],"product_tag":[],"class_list":{"0":"post-766993","1":"product","2":"type-product","3":"status-publish","5":"product_cat-borsa-finans","6":"product_cat-ekonomi","7":"pa_cilt-ciltsiz","8":"pa_tur-kitap","9":"pa_yayinevi-gazi-kitabevi","10":"pa_yazar-zulfiye-kaynar","12":"first","13":"instock","14":"sale","15":"shipping-taxable","16":"purchasable","17":"product-type-simple"},"_links":{"self":[{"href":"https:\/\/roveyayinevi.com.tr\/index.php\/wp-json\/wp\/v2\/product\/766993","targetHints":{"allow":["GET"]}}],"collection":[{"href":"https:\/\/roveyayinevi.com.tr\/index.php\/wp-json\/wp\/v2\/product"}],"about":[{"href":"https:\/\/roveyayinevi.com.tr\/index.php\/wp-json\/wp\/v2\/types\/product"}],"wp:attachment":[{"href":"https:\/\/roveyayinevi.com.tr\/index.php\/wp-json\/wp\/v2\/media?parent=766993"}],"wp:term":[{"taxonomy":"product_brand","embeddable":true,"href":"https:\/\/roveyayinevi.com.tr\/index.php\/wp-json\/wp\/v2\/product_brand?post=766993"},{"taxonomy":"product_cat","embeddable":true,"href":"https:\/\/roveyayinevi.com.tr\/index.php\/wp-json\/wp\/v2\/product_cat?post=766993"},{"taxonomy":"product_tag","embeddable":true,"href":"https:\/\/roveyayinevi.com.tr\/index.php\/wp-json\/wp\/v2\/product_tag?post=766993"}],"curies":[{"name":"wp","href":"https:\/\/api.w.org\/{rel}","templated":true}]}}